{"id":1569,"date":"2024-02-18T07:32:50","date_gmt":"2024-02-18T07:32:50","guid":{"rendered":"https:\/\/pedrocasiano.es\/?page_id=1569"},"modified":"2024-03-08T16:09:36","modified_gmt":"2024-03-08T16:09:36","slug":"antinoticias","status":"publish","type":"page","link":"https:\/\/pedrocasiano.es\/?page_id=1569","title":{"rendered":"Antinoticias"},"content":{"rendered":"\n<figure class=\"wp-block-image alignleft size-large is-resized\"><img decoding=\"async\" width=\"1024\" height=\"865\" data-src=\"https:\/\/pedrocasiano.es\/wp-content\/uploads\/2024\/02\/money-2724241_1280-1024x865.jpg\" alt=\"\" class=\"wp-image-3803 lazyload\" style=\"--smush-placeholder-width: 1024px; --smush-placeholder-aspect-ratio: 1024\/865;width:462px;height:auto\" src=\"data:image\/svg+xml;base64,PHN2ZyB3aWR0aD0iMSIgaGVpZ2h0PSIxIiB4bWxucz0iaHR0cDovL3d3dy53My5vcmcvMjAwMC9zdmciPjwvc3ZnPg==\" \/><\/figure>\n\n\n\n<p>Antinoticias. Hacienda, como siempre, mala gente.<\/p>\n\n\n\n<p>Hacienda nos recomienda que no tengamos el dinero en casa.<\/p>\n\n\n\n<p>Bien por los del fisco, que ya ni tengamos la libertad de tener cuatro euros, por si acaso, guardados en la casa.<\/p>\n\n\n\n<p>\u00bfMotivos?<\/p>\n\n\n\n<p>Que en el banco nos dan intereses. \u00bfHan visto lo que dejan los dep\u00f3sitos?, y tonter\u00edas tan grandes como esa.<\/p>\n\n\n\n<p><a><\/a>\u00bfCu\u00e1l es la raz\u00f3n?, quitarnos la poca libertad que nos queda a los pobres habitantes de esta Espa\u00f1a, gobernada por una Administraci\u00f3n fullera, que nos trata como imb\u00e9ciles. Quiz\u00e1s lo seamos. As\u00ed que ya sab\u00e9is, si ten\u00e9is dinerito guardado, al banco, para que os controlen, para que puedan disponer de \u00e9l si les hace falta, y si es negro\u2026ya sab\u00e9is lo entreg\u00e1is con una complementaria, y no os preocup\u00e9is, cuando os haga falta ah\u00ed estar\u00e1n para terminar de enterraros, eso s\u00ed, en la fosa com\u00fan, que ya est\u00e1 casi llena.<\/p>\n\n\n\n<p>Viva la Administraci\u00f3n Fullera.<\/p>\n","protected":false},"excerpt":{"rendered":"<p>Antinoticias. Hacienda, como siempre, mala gente. Hacienda nos recomienda que no tengamos el dinero en casa. Bien por los del fisco, que ya ni tengamos la libertad de tener cuatro euros, por si acaso, guardados en la casa. \u00bfMotivos? Que en el banco nos dan intereses. \u00bfHan visto lo que dejan los dep\u00f3sitos?, y tonter\u00edas &hellip; <\/p>\n<p class=\"link-more\"><a href=\"https:\/\/pedrocasiano.es\/?page_id=1569\" class=\"more-link\">Leer m\u00e1s<span class=\"screen-reader-text\"> \u00abAntinoticias\u00bb<\/span><\/a><\/p>\n","protected":false},"author":1,"featured_media":0,"parent":0,"menu_order":0,"comment_status":"closed","ping_status":"closed","template":"","meta":{"inspiro_hide_title":false,"footnotes":""},"class_list":["post-1569","page","type-page","status-publish","hentry"],"featured_media_urls":[],"_links":{"self":[{"href":"https:\/\/pedrocasiano.es\/index.php?rest_route=\/wp\/v2\/pages\/1569","targetHints":{"allow":["GET"]}}],"collection":[{"href":"https:\/\/pedrocasiano.es\/index.php?rest_route=\/wp\/v2\/pages"}],"about":[{"href":"https:\/\/pedrocasiano.es\/index.php?rest_route=\/wp\/v2\/types\/page"}],"author":[{"embeddable":true,"href":"https:\/\/pedrocasiano.es\/index.php?rest_route=\/wp\/v2\/users\/1"}],"replies":[{"embeddable":true,"href":"https:\/\/pedrocasiano.es\/index.php?rest_route=%2Fwp%2Fv2%2Fcomments&post=1569"}],"version-history":[{"count":3,"href":"https:\/\/pedrocasiano.es\/index.php?rest_route=\/wp\/v2\/pages\/1569\/revisions"}],"predecessor-version":[{"id":5764,"href":"https:\/\/pedrocasiano.es\/index.php?rest_route=\/wp\/v2\/pages\/1569\/revisions\/5764"}],"wp:attachment":[{"href":"https:\/\/pedrocasiano.es\/index.php?rest_route=%2Fwp%2Fv2%2Fmedia&parent=1569"}],"curies":[{"name":"wp","href":"https:\/\/api.w.org\/{rel}","templated":true}]}}