{"id":1565,"date":"2024-02-18T07:28:30","date_gmt":"2024-02-18T07:28:30","guid":{"rendered":"https:\/\/pedrocasiano.es\/?page_id=1565"},"modified":"2024-03-08T16:09:17","modified_gmt":"2024-03-08T16:09:17","slug":"hoy-es-la-tarde","status":"publish","type":"page","link":"https:\/\/pedrocasiano.es\/?page_id=1565","title":{"rendered":"Hoy es la Tarde"},"content":{"rendered":"\n<figure class=\"wp-block-image alignleft size-large is-resized\"><img decoding=\"async\" width=\"1024\" height=\"960\" data-src=\"https:\/\/pedrocasiano.es\/wp-content\/uploads\/2024\/02\/275603475_4994621187263180_8144594776114778164_n-1024x960.jpg\" alt=\"\" class=\"wp-image-3801 lazyload\" style=\"--smush-placeholder-width: 1024px; --smush-placeholder-aspect-ratio: 1024\/960;width:402px;height:auto\" src=\"data:image\/svg+xml;base64,PHN2ZyB3aWR0aD0iMSIgaGVpZ2h0PSIxIiB4bWxucz0iaHR0cDovL3d3dy53My5vcmcvMjAwMC9zdmciPjwvc3ZnPg==\" \/><\/figure>\n\n\n\n<p>Hoy es la tarde, sombr\u00eda, h\u00fameda de calle mojada por necesidad, y anhelo de agua, y a pesar de que escrib\u00ed sobre lo que pensaba esta ma\u00f1ana, extra\u00f1amente, se me ha abierto el apetito de lo negro sobre lo blanco, no demasiado, solo lo suficiente para que pueda susurrar algo a o\u00eddos que quieran escuchar.<\/p>\n\n\n\n<p>El cristal mojado, ma\u00f1ana ser\u00e1n manchas, pero a\u00fan no lo son. He comido Ucrania de nuevo, es sopa diaria de realidad clavada en alma, imposible de curar, de llevar siquiera, pero <a><\/a>ah\u00ed est\u00e1, con todo, a pesar de todo.<\/p>\n\n\n\n<p>Suspiro. Cansancio. Miro como pasan por la calle, son j\u00f3venes y no tanto, que a pesar del agua ca\u00edda, de que el fr\u00edo arrecie, salen buscando algo que los aleje de la soledad, agrup\u00e1ndose, olvidando el hasti\u00f3 del trabajo, inyect\u00e1ndose la m\u00fasica de golpes como si no hubiera ma\u00f1ana, esperando que esa noche, quiz\u00e1s m\u00e1s, que la piel de otra persona les acompa\u00f1e en su cama y caminan, se pierden y en otro lado renacen, es la caravana del deseo de los j\u00f3venes, de los solitarios, de los abandonados, es viernes y contin\u00faa lloviendo.<\/p>\n\n\n\n<p>Viene negro, no solo el cielo, tambi\u00e9n el futuro, frio, de hambre que no es hambre, pero que al final lo es para algunos; tiempo de cosas que terminan, de conceptos que cambian, de columnas inamovibles que, incompresiblemente, se han movido, \u00bfqu\u00e9 nuevos templos sobre ellas nacer\u00e1n?, lo imagino y me da miedo, y no soy cobarde ni tibio, pero los jinetes vuelven a aparecer, espero que solo sea el producto de una mala digesti\u00f3n.<\/p>\n\n\n\n<p>Suspiro de nuevo, me coloco los brazos en las rodillas y miro al bloque de enfrente, alguien mayor, fuma en la ventana, asustado de contaminar el resto de la casa, sonr\u00edo, no es malo ni bueno, pero sonr\u00edo, yo que he sido fumador, sonr\u00edo porque puedo, ahora no es necesario, \u00bflo fue?, posiblemente, no lo s\u00e9, \u00bfes importante?, quiz\u00e1s, o posiblemente no, pero el vecino, el que fuma, me mira, levanta la cabeza y con una sonrisa me saluda, vuelvo a tener algo de fe en el ser humano, solo por una sonrisa, con que poco nos conformamos, \u00bftan mal estamos?<\/p>\n","protected":false},"excerpt":{"rendered":"<p>Hoy es la tarde, sombr\u00eda, h\u00fameda de calle mojada por necesidad, y anhelo de agua, y a pesar de que escrib\u00ed sobre lo que pensaba esta ma\u00f1ana, extra\u00f1amente, se me ha abierto el apetito de lo negro sobre lo blanco, no demasiado, solo lo suficiente para que pueda susurrar algo a o\u00eddos que quieran escuchar. &hellip; <\/p>\n<p class=\"link-more\"><a href=\"https:\/\/pedrocasiano.es\/?page_id=1565\" class=\"more-link\">Leer m\u00e1s<span class=\"screen-reader-text\"> \u00abHoy es la Tarde\u00bb<\/span><\/a><\/p>\n","protected":false},"author":1,"featured_media":0,"parent":0,"menu_order":0,"comment_status":"closed","ping_status":"closed","template":"","meta":{"inspiro_hide_title":false,"footnotes":""},"class_list":["post-1565","page","type-page","status-publish","hentry"],"featured_media_urls":[],"_links":{"self":[{"href":"https:\/\/pedrocasiano.es\/index.php?rest_route=\/wp\/v2\/pages\/1565","targetHints":{"allow":["GET"]}}],"collection":[{"href":"https:\/\/pedrocasiano.es\/index.php?rest_route=\/wp\/v2\/pages"}],"about":[{"href":"https:\/\/pedrocasiano.es\/index.php?rest_route=\/wp\/v2\/types\/page"}],"author":[{"embeddable":true,"href":"https:\/\/pedrocasiano.es\/index.php?rest_route=\/wp\/v2\/users\/1"}],"replies":[{"embeddable":true,"href":"https:\/\/pedrocasiano.es\/index.php?rest_route=%2Fwp%2Fv2%2Fcomments&post=1565"}],"version-history":[{"count":3,"href":"https:\/\/pedrocasiano.es\/index.php?rest_route=\/wp\/v2\/pages\/1565\/revisions"}],"predecessor-version":[{"id":5763,"href":"https:\/\/pedrocasiano.es\/index.php?rest_route=\/wp\/v2\/pages\/1565\/revisions\/5763"}],"wp:attachment":[{"href":"https:\/\/pedrocasiano.es\/index.php?rest_route=%2Fwp%2Fv2%2Fmedia&parent=1565"}],"curies":[{"name":"wp","href":"https:\/\/api.w.org\/{rel}","templated":true}]}}