{"id":1561,"date":"2024-02-18T07:24:55","date_gmt":"2024-02-18T07:24:55","guid":{"rendered":"https:\/\/pedrocasiano.es\/?page_id=1561"},"modified":"2024-03-08T16:08:53","modified_gmt":"2024-03-08T16:08:53","slug":"hoy-no-es-domingo","status":"publish","type":"page","link":"https:\/\/pedrocasiano.es\/?page_id=1561","title":{"rendered":"Hoy no es Domingo"},"content":{"rendered":"\n<figure class=\"wp-block-image alignleft size-large is-resized\"><img decoding=\"async\" width=\"1024\" height=\"1024\" data-src=\"https:\/\/pedrocasiano.es\/wp-content\/uploads\/2024\/02\/275637546_4997163010342331_5431857349476188770_n-1024x1024.jpg\" alt=\"\" class=\"wp-image-3799 lazyload\" style=\"--smush-placeholder-width: 1024px; --smush-placeholder-aspect-ratio: 1024\/1024;width:391px;height:auto\" src=\"data:image\/svg+xml;base64,PHN2ZyB3aWR0aD0iMSIgaGVpZ2h0PSIxIiB4bWxucz0iaHR0cDovL3d3dy53My5vcmcvMjAwMC9zdmciPjwvc3ZnPg==\" \/><\/figure>\n\n\n\n<p>Hoy no es domingo, es prelunes, el peor momento, incluso sabiendo que es fiesta, en la que nada es necesario hacer, y ese es el problema, que lo que trae el lunes vendr\u00e1, con la certeza de lo inevitable, y varado en un domingo imposible de arreglar nada, esperas impaciente a que aparezca el lunes, y quedas en ese limbo, de querer disfrutar del merecido descanso, aun presente, con la certeza de que ma\u00f1ana, de golpe, todo caer\u00e1 sobre tu cabeza.<\/p>\n\n\n\n<p>Pasar\u00e1s de la familia que te <a><\/a>cuida, a la desnudez de d\u00e9spotas sin alma, de la calidez del reposo esperado, a la innecesaria rapidez de los mandados sin sentido, de la esperanza de que gane tu equipo, a la segura expectativa de que te mover\u00e1s, aunque para nada sirva.<\/p>\n\n\n\n<p>Y te cuento que es el momento en que m\u00e1s infartos hay; pobre coraz\u00f3n que paga todo, pobres ni\u00f1os que van al colegio que hemos odiado todos, por mucho que contemos fabulas contrarias, ma\u00f1anas de anorak de lega\u00f1as quitadas a rega\u00f1adientes, de los Cola Cao, y de las Mar\u00eda de Fontaneda, o a lo que los sustituya, y camino al colegio, hu\u00e9rfano de ganas.<\/p>\n\n\n\n<p>Cartera, autob\u00fas, frio, compa\u00f1eros temibles, profesores malvados, todo, \u00bfen qu\u00e9 ha cambiado?, es lo mismo, tan solo que la apariencia nos hace creer que somos libres, pero somos bueyes atados, incluso aquellos que mandan a los reba\u00f1os, siempre perseguidos por la necesidad de m\u00e1s dinero a cualquier precio, y atenazados por el miedo a perderlo.<\/p>\n\n\n\n<p>Y lo que deb\u00edamos de aprender, est\u00e1 en nosotros escrito, es la balanza de brazos inertes, el poder sopesar la libertad de ser, y el suplicio de obedecer, \u00bfC\u00f3mo hacerlo?, no lo s\u00e9, yo en esa rueda de roedor encadenado, mi vida pasando, mi vida pas\u00e9.<\/p>\n\n\n\n<p>Domingo, domingo, que ante la amenaza del lunes te escondes, domingo, domingo, de misa escuchada, domingo, domingo, solo te pido, que en ese perder ante un lunes de hierro, defiendas al pobre que en una nueva semana, al conocido infierno, regresa.<\/p>\n","protected":false},"excerpt":{"rendered":"<p>Hoy no es domingo, es prelunes, el peor momento, incluso sabiendo que es fiesta, en la que nada es necesario hacer, y ese es el problema, que lo que trae el lunes vendr\u00e1, con la certeza de lo inevitable, y varado en un domingo imposible de arreglar nada, esperas impaciente a que aparezca el lunes, &hellip; <\/p>\n<p class=\"link-more\"><a href=\"https:\/\/pedrocasiano.es\/?page_id=1561\" class=\"more-link\">Leer m\u00e1s<span class=\"screen-reader-text\"> \u00abHoy no es Domingo\u00bb<\/span><\/a><\/p>\n","protected":false},"author":1,"featured_media":0,"parent":0,"menu_order":0,"comment_status":"closed","ping_status":"closed","template":"","meta":{"inspiro_hide_title":false,"footnotes":""},"class_list":["post-1561","page","type-page","status-publish","hentry"],"featured_media_urls":[],"_links":{"self":[{"href":"https:\/\/pedrocasiano.es\/index.php?rest_route=\/wp\/v2\/pages\/1561","targetHints":{"allow":["GET"]}}],"collection":[{"href":"https:\/\/pedrocasiano.es\/index.php?rest_route=\/wp\/v2\/pages"}],"about":[{"href":"https:\/\/pedrocasiano.es\/index.php?rest_route=\/wp\/v2\/types\/page"}],"author":[{"embeddable":true,"href":"https:\/\/pedrocasiano.es\/index.php?rest_route=\/wp\/v2\/users\/1"}],"replies":[{"embeddable":true,"href":"https:\/\/pedrocasiano.es\/index.php?rest_route=%2Fwp%2Fv2%2Fcomments&post=1561"}],"version-history":[{"count":3,"href":"https:\/\/pedrocasiano.es\/index.php?rest_route=\/wp\/v2\/pages\/1561\/revisions"}],"predecessor-version":[{"id":5762,"href":"https:\/\/pedrocasiano.es\/index.php?rest_route=\/wp\/v2\/pages\/1561\/revisions\/5762"}],"wp:attachment":[{"href":"https:\/\/pedrocasiano.es\/index.php?rest_route=%2Fwp%2Fv2%2Fmedia&parent=1561"}],"curies":[{"name":"wp","href":"https:\/\/api.w.org\/{rel}","templated":true}]}}