{"id":15586,"date":"2025-10-16T06:36:11","date_gmt":"2025-10-16T04:36:11","guid":{"rendered":"https:\/\/pedrocasiano.es\/?page_id=15586"},"modified":"2026-04-23T13:13:02","modified_gmt":"2026-04-23T11:13:02","slug":"el-hombre-que-corre","status":"publish","type":"page","link":"https:\/\/pedrocasiano.es\/?page_id=15586","title":{"rendered":"El Hombre que Corre"},"content":{"rendered":"\n<div class=\"wp-block-cover alignfull has-custom-content-position is-position-top-left\" style=\"min-height:638px;aspect-ratio:unset;\"><img decoding=\"async\" width=\"1024\" height=\"574\" class=\"wp-block-cover__image-background wp-image-15587 size-full lazyload\" alt=\"\" data-src=\"https:\/\/pedrocasiano.es\/wp-content\/uploads\/2025\/10\/fitness-8606432peque.jpg\" data-object-fit=\"cover\" src=\"data:image\/svg+xml;base64,PHN2ZyB3aWR0aD0iMSIgaGVpZ2h0PSIxIiB4bWxucz0iaHR0cDovL3d3dy53My5vcmcvMjAwMC9zdmciPjwvc3ZnPg==\" style=\"--smush-placeholder-width: 1024px; --smush-placeholder-aspect-ratio: 1024\/574;\" \/><span aria-hidden=\"true\" class=\"wp-block-cover__background has-background-dim\" style=\"background-color:#8f6e54\"><\/span><div class=\"wp-block-cover__inner-container has-global-padding is-layout-constrained wp-block-cover-is-layout-constrained\">\n<ul class=\"wp-block-list\">\n<li><a href=\"https:\/\/pedrocasiano.es\/?p=15454\" data-type=\"post\" data-id=\"15454\">Otra Noche m\u00e1s en la Soledad del Insomnio<\/a><\/li>\n\n\n\n<li><a href=\"https:\/\/pedrocasiano.es\/?p=15459\" data-type=\"post\" data-id=\"15459\" target=\"_blank\" rel=\"noreferrer noopener\">\u00daltimo D\u00eda de un Mes de Agosto<\/a><\/li>\n\n\n\n<li><a href=\"https:\/\/pedrocasiano.es\/?p=15464\" data-type=\"post\" data-id=\"15464\" target=\"_blank\" rel=\"noreferrer noopener\">Septiembre Oscuro<\/a><\/li>\n\n\n\n<li><a href=\"https:\/\/pedrocasiano.es\/?p=15468\" data-type=\"post\" data-id=\"15468\" target=\"_blank\" rel=\"noreferrer noopener\">Mi Amigo el Flato<\/a><\/li>\n\n\n\n<li><a href=\"https:\/\/pedrocasiano.es\/?p=15472\" data-type=\"post\" data-id=\"15472\" target=\"_blank\" rel=\"noreferrer noopener\">El Reloj de Pared<\/a><\/li>\n\n\n\n<li><a href=\"https:\/\/pedrocasiano.es\/?p=15480\" target=\"_blank\" rel=\"noreferrer noopener\">Cansancio<\/a><\/li>\n\n\n\n<li><a href=\"https:\/\/pedrocasiano.es\/?p=15485\" data-type=\"post\" data-id=\"15485\" target=\"_blank\" rel=\"noreferrer noopener\">Carros de Fuego<\/a><\/li>\n\n\n\n<li><a href=\"https:\/\/pedrocasiano.es\/?p=15489\" data-type=\"post\" data-id=\"15489\" target=\"_blank\" rel=\"noreferrer noopener\">Micro, Placa y Sudores<\/a><\/li>\n\n\n\n<li><a href=\"https:\/\/pedrocasiano.es\/?p=15493\" data-type=\"post\" data-id=\"15493\" target=\"_blank\" rel=\"noreferrer noopener\">Hoy me he Levantado como el D\u00eda<\/a><\/li>\n\n\n\n<li><a href=\"https:\/\/pedrocasiano.es\/?p=15497\" data-type=\"post\" data-id=\"15497\" target=\"_blank\" rel=\"noreferrer noopener\">Como Todos los D\u00edas<\/a><\/li>\n\n\n\n<li><a href=\"https:\/\/pedrocasiano.es\/?p=15578\" data-type=\"post\" data-id=\"15578\" target=\"_blank\" rel=\"noreferrer noopener\">Hoy es otro D\u00eda M\u00e1s <\/a><\/li>\n\n\n\n<li><a href=\"https:\/\/pedrocasiano.es\/?p=15606\" data-type=\"post\" data-id=\"15606\" target=\"_blank\" rel=\"noreferrer noopener\">Buscando<\/a><\/li>\n\n\n\n<li><a href=\"https:\/\/pedrocasiano.es\/?p=15610\" data-type=\"post\" data-id=\"15610\">Momentos<\/a><\/li>\n\n\n\n<li><a href=\"https:\/\/pedrocasiano.es\/?p=15615\" data-type=\"post\" data-id=\"15615\" target=\"_blank\" rel=\"noreferrer noopener\">T\u00fa<\/a><\/li>\n<\/ul>\n\n\n\n<p><strong>Todos los Derechos Reservados<\/strong><\/p>\n\n\n\n<p class=\"has-text-align-center\"><strong>\u201cEstas novelas, publicaciones y dem\u00e1s, son obras de ficci\u00f3n. Los nombres, personajes, lugares e incidentes son producto de la imaginaci\u00f3n del autor o son utilizados de manera ficticia. Cualquier parecido con personas, vivas o muertas, o sucesos reales es pura coincidencia.\u201d<\/strong><\/p>\n<\/div><\/div>\n","protected":false},"excerpt":{"rendered":"","protected":false},"author":1,"featured_media":0,"parent":0,"menu_order":0,"comment_status":"closed","ping_status":"closed","template":"","meta":{"inspiro_hide_title":false,"footnotes":""},"class_list":["post-15586","page","type-page","status-publish","hentry"],"featured_media_urls":[],"_links":{"self":[{"href":"https:\/\/pedrocasiano.es\/index.php?rest_route=\/wp\/v2\/pages\/15586","targetHints":{"allow":["GET"]}}],"collection":[{"href":"https:\/\/pedrocasiano.es\/index.php?rest_route=\/wp\/v2\/pages"}],"about":[{"href":"https:\/\/pedrocasiano.es\/index.php?rest_route=\/wp\/v2\/types\/page"}],"author":[{"embeddable":true,"href":"https:\/\/pedrocasiano.es\/index.php?rest_route=\/wp\/v2\/users\/1"}],"replies":[{"embeddable":true,"href":"https:\/\/pedrocasiano.es\/index.php?rest_route=%2Fwp%2Fv2%2Fcomments&post=15586"}],"version-history":[{"count":13,"href":"https:\/\/pedrocasiano.es\/index.php?rest_route=\/wp\/v2\/pages\/15586\/revisions"}],"predecessor-version":[{"id":16792,"href":"https:\/\/pedrocasiano.es\/index.php?rest_route=\/wp\/v2\/pages\/15586\/revisions\/16792"}],"wp:attachment":[{"href":"https:\/\/pedrocasiano.es\/index.php?rest_route=%2Fwp%2Fv2%2Fmedia&parent=15586"}],"curies":[{"name":"wp","href":"https:\/\/api.w.org\/{rel}","templated":true}]}}