{"id":155,"date":"2024-02-15T05:29:22","date_gmt":"2024-02-15T05:29:22","guid":{"rendered":"https:\/\/pedrocasiano.es\/?page_id=155"},"modified":"2024-07-08T16:57:51","modified_gmt":"2024-07-08T16:57:51","slug":"la-ultima-llama","status":"publish","type":"page","link":"https:\/\/pedrocasiano.es\/?page_id=155","title":{"rendered":"La \u00daltima llama"},"content":{"rendered":"\n<div class=\"wp-block-media-text is-stacked-on-mobile\"><figure class=\"wp-block-media-text__media\"><img decoding=\"async\" width=\"533\" height=\"800\" data-src=\"https:\/\/pedrocasiano.es\/wp-content\/uploads\/2024\/03\/Portada-Pablo-y-Rosa-10_2.jpg\" alt=\"\" class=\"wp-image-6043 size-full lazyload\" src=\"data:image\/svg+xml;base64,PHN2ZyB3aWR0aD0iMSIgaGVpZ2h0PSIxIiB4bWxucz0iaHR0cDovL3d3dy53My5vcmcvMjAwMC9zdmciPjwvc3ZnPg==\" style=\"--smush-placeholder-width: 533px; --smush-placeholder-aspect-ratio: 533\/800;\" \/><\/figure><div class=\"wp-block-media-text__content\">\n<p>Ultima parte de la Saga de Pablo y Rosa, la \u00faltima aventura, donde nuestros personajes ser\u00e1n de nuevo llamados por algo superior a lo com\u00fan, donde se ver\u00e1n envueltos en una situaci\u00f3n incomprensible, pero siempre amenazadora. <\/p>\n\n\n\n<p>\u00bfC\u00f3mo terminar\u00e1?, aqu\u00ed esta el final de la trepidante serie de libros de Pablo y Rosa.<\/p>\n<\/div><\/div>\n\n\n\n<p><\/p>\n\n\n\n<figure class=\"wp-block-embed alignright is-type-rich is-provider-amazon wp-block-embed-amazon\"><div class=\"wp-block-embed__wrapper\">\n<iframe title=\"Pablo y Rosa 10: La \u00faltima llama\" type=\"text\/html\" width=\"950\" height=\"550\" frameborder=\"0\" allowfullscreen style=\"max-width:100%\" data-src=\"https:\/\/leer.amazon.es\/kp\/card?preview=inline&#038;linkCode=kpd&#038;ref_=k4w_oembed_V8XlJmHniRjIEx&#038;asin=B07HK5PKDC&#038;tag=kpembed-20\" src=\"data:image\/svg+xml;base64,PHN2ZyB3aWR0aD0iMSIgaGVpZ2h0PSIxIiB4bWxucz0iaHR0cDovL3d3dy53My5vcmcvMjAwMC9zdmciPjwvc3ZnPg==\" class=\"lazyload\" data-load-mode=\"1\"><\/iframe>\n<\/div><\/figure>\n","protected":false},"excerpt":{"rendered":"<p>Ultima parte de la Saga de Pablo y Rosa, la \u00faltima aventura, donde nuestros personajes ser\u00e1n de nuevo llamados por algo superior a lo com\u00fan, donde se ver\u00e1n envueltos en una situaci\u00f3n incomprensible, pero siempre amenazadora. \u00bfC\u00f3mo terminar\u00e1?, aqu\u00ed esta el final de la trepidante serie de libros de Pablo y Rosa.<\/p>\n","protected":false},"author":1,"featured_media":0,"parent":0,"menu_order":0,"comment_status":"closed","ping_status":"closed","template":"","meta":{"inspiro_hide_title":false,"footnotes":""},"class_list":["post-155","page","type-page","status-publish","hentry"],"featured_media_urls":[],"_links":{"self":[{"href":"https:\/\/pedrocasiano.es\/index.php?rest_route=\/wp\/v2\/pages\/155","targetHints":{"allow":["GET"]}}],"collection":[{"href":"https:\/\/pedrocasiano.es\/index.php?rest_route=\/wp\/v2\/pages"}],"about":[{"href":"https:\/\/pedrocasiano.es\/index.php?rest_route=\/wp\/v2\/types\/page"}],"author":[{"embeddable":true,"href":"https:\/\/pedrocasiano.es\/index.php?rest_route=\/wp\/v2\/users\/1"}],"replies":[{"embeddable":true,"href":"https:\/\/pedrocasiano.es\/index.php?rest_route=%2Fwp%2Fv2%2Fcomments&post=155"}],"version-history":[{"count":5,"href":"https:\/\/pedrocasiano.es\/index.php?rest_route=\/wp\/v2\/pages\/155\/revisions"}],"predecessor-version":[{"id":8222,"href":"https:\/\/pedrocasiano.es\/index.php?rest_route=\/wp\/v2\/pages\/155\/revisions\/8222"}],"wp:attachment":[{"href":"https:\/\/pedrocasiano.es\/index.php?rest_route=%2Fwp%2Fv2%2Fmedia&parent=155"}],"curies":[{"name":"wp","href":"https:\/\/api.w.org\/{rel}","templated":true}]}}