{"id":15476,"date":"2025-09-05T08:24:11","date_gmt":"2025-09-05T06:24:11","guid":{"rendered":"https:\/\/pedrocasiano.es\/?page_id=15476"},"modified":"2026-03-31T11:26:14","modified_gmt":"2026-03-31T09:26:14","slug":"reflexiones-novena-parte-2","status":"publish","type":"page","link":"https:\/\/pedrocasiano.es\/?page_id=15476","title":{"rendered":"Reflexiones. Novena Parte"},"content":{"rendered":"\n<div class=\"wp-block-cover alignfull has-custom-content-position is-position-top-left\" style=\"min-height:979px;aspect-ratio:unset;\"><img decoding=\"async\" width=\"1024\" height=\"683\" class=\"wp-block-cover__image-background wp-image-15477 size-full lazyload\" alt=\"\" data-src=\"https:\/\/pedrocasiano.es\/wp-content\/uploads\/2025\/09\/woman-837156peque-rotated.jpg\" data-object-fit=\"cover\" data-srcset=\"https:\/\/pedrocasiano.es\/wp-content\/uploads\/2025\/09\/woman-837156peque-rotated.jpg 1024w, https:\/\/pedrocasiano.es\/wp-content\/uploads\/2025\/09\/woman-837156peque-600x400.jpg 600w\" data-sizes=\"(max-width: 1024px) 100vw, 1024px\" src=\"data:image\/svg+xml;base64,PHN2ZyB3aWR0aD0iMSIgaGVpZ2h0PSIxIiB4bWxucz0iaHR0cDovL3d3dy53My5vcmcvMjAwMC9zdmciPjwvc3ZnPg==\" style=\"--smush-placeholder-width: 1024px; --smush-placeholder-aspect-ratio: 1024\/683;\" \/><span aria-hidden=\"true\" class=\"wp-block-cover__background has-background-dim\" style=\"background-color:#837f6f\"><\/span><div class=\"wp-block-cover__inner-container has-global-padding is-layout-constrained wp-block-cover-is-layout-constrained\">\n<ul class=\"wp-block-list\">\n<li><a href=\"https:\/\/pedrocasiano.es\/?p=15480\" data-type=\"post\" data-id=\"15480\" target=\"_blank\" rel=\"noreferrer noopener\">Cansancio<\/a><\/li>\n\n\n\n<li><a href=\"https:\/\/pedrocasiano.es\/?p=15485\" data-type=\"post\" data-id=\"15485\" target=\"_blank\" rel=\"noreferrer noopener\">Carros de Fuego<\/a><\/li>\n\n\n\n<li><a href=\"https:\/\/pedrocasiano.es\/?p=15489\" data-type=\"post\" data-id=\"15489\" target=\"_blank\" rel=\"noreferrer noopener\">Micro, Placa y Sudores<\/a><\/li>\n\n\n\n<li><a href=\"https:\/\/pedrocasiano.es\/?p=15493\" data-type=\"post\" data-id=\"15493\" target=\"_blank\" rel=\"noreferrer noopener\">Hoy me he Levantado como el D\u00eda<\/a><\/li>\n\n\n\n<li><a href=\"https:\/\/pedrocasiano.es\/?p=15497\" data-type=\"post\" data-id=\"15497\" target=\"_blank\" rel=\"noreferrer noopener\">Como Todos los D\u00edas<\/a><\/li>\n\n\n\n<li><a href=\"https:\/\/pedrocasiano.es\/?p=15578\" data-type=\"post\" data-id=\"15578\" target=\"_blank\" rel=\"noreferrer noopener\">Hoy es otro D\u00eda M\u00e1s (Saga del que Corre\u2026)<\/a><\/li>\n\n\n\n<li><a href=\"https:\/\/pedrocasiano.es\/?p=15610\" data-type=\"post\" data-id=\"15610\" target=\"_blank\" rel=\"noreferrer noopener\">Momentos. El Hombre que corre<\/a><\/li>\n\n\n\n<li><a href=\"https:\/\/pedrocasiano.es\/?p=15647\" data-type=\"post\" data-id=\"15647\">Hoy me he Levantado un poco m\u00e1s Tarde<\/a><\/li>\n\n\n\n<li><a href=\"https:\/\/pedrocasiano.es\/?p=15620\" data-type=\"post\" data-id=\"15620\" target=\"_blank\" rel=\"noreferrer noopener\">Llueve, como Llueve<\/a><\/li>\n\n\n\n<li><a href=\"https:\/\/pedrocasiano.es\/?p=14235\" data-type=\"post\" data-id=\"14235\" target=\"_blank\" rel=\"noreferrer noopener\">Hoy es un D\u00eda Gris<\/a><\/li>\n\n\n\n<li><a href=\"https:\/\/pedrocasiano.es\/?p=15629\" data-type=\"post\" data-id=\"15629\" target=\"_blank\" rel=\"noreferrer noopener\">Prelunes<\/a><\/li>\n\n\n\n<li><a href=\"https:\/\/pedrocasiano.es\/?p=15633\" data-type=\"post\" data-id=\"15633\" target=\"_blank\" rel=\"noreferrer noopener\">El Lunes, el Mejor de los D\u00edas<\/a><\/li>\n\n\n\n<li><a href=\"https:\/\/pedrocasiano.es\/?p=15639\" data-type=\"post\" data-id=\"15639\" target=\"_blank\" rel=\"noreferrer noopener\">Ha Llegado el Fr\u00edo<\/a><\/li>\n\n\n\n<li><a href=\"https:\/\/pedrocasiano.es\/?p=15643\" data-type=\"post\" data-id=\"15643\" target=\"_blank\" rel=\"noreferrer noopener\">Otro Lunes<\/a><\/li>\n\n\n\n<li><a href=\"https:\/\/pedrocasiano.es\/?p=15647\" data-type=\"post\" data-id=\"15647\" target=\"_blank\" rel=\"noreferrer noopener\">Hoy me he Levantado un poco m\u00e1s Tarde<\/a><\/li>\n\n\n\n<li><a href=\"https:\/\/pedrocasiano.es\/?p=15654\" data-type=\"post\" data-id=\"15654\" target=\"_blank\" rel=\"noreferrer noopener\">Llueve, hace Fr\u00edo<\/a><\/li>\n\n\n\n<li><a href=\"https:\/\/pedrocasiano.es\/?p=15659\" data-type=\"post\" data-id=\"15659\" target=\"_blank\" rel=\"noreferrer noopener\">De Mal a Peor<\/a><\/li>\n\n\n\n<li><a href=\"https:\/\/pedrocasiano.es\/?p=15704\" data-type=\"post\" data-id=\"15704\" target=\"_blank\" rel=\"noreferrer noopener\">Henos Aqu\u00ed de Nuevo (Feliz Navidad)<\/a><\/li>\n\n\n\n<li><a href=\"https:\/\/pedrocasiano.es\/?p=15752\" data-type=\"post\" data-id=\"15752\" target=\"_blank\" rel=\"noreferrer noopener\">Hoy Llueve<\/a><\/li>\n\n\n\n<li><a href=\"https:\/\/pedrocasiano.es\/?p=15866\" data-type=\"post\" data-id=\"15866\" target=\"_blank\" rel=\"noreferrer noopener\">Adi\u00f3s a la Democracia<\/a><\/li>\n\n\n\n<li><a href=\"https:\/\/pedrocasiano.es\/?p=15931\" data-type=\"post\" data-id=\"15931\" target=\"_blank\" rel=\"noreferrer noopener\">Una de Finales<\/a><\/li>\n\n\n\n<li><a href=\"https:\/\/pedrocasiano.es\/?p=15984\" data-type=\"post\" data-id=\"15984\" target=\"_blank\" rel=\"noreferrer noopener\">Otra Noche Solitaria<\/a><\/li>\n<\/ul>\n\n\n\n<p><strong>Todos los Derechos Reservados<\/strong><\/p>\n\n\n\n<p><strong>\u201cEstas novelas, publicaciones y dem\u00e1s, son obras de ficci\u00f3n. Los nombres, personajes, lugares e incidentes son producto de la imaginaci\u00f3n del autor o son utilizados de manera ficticia. Cualquier parecido con personas, vivas o muertas, o sucesos reales es pura coincidencia.\u201d<\/strong><\/p>\n<\/div><\/div>\n","protected":false},"excerpt":{"rendered":"","protected":false},"author":1,"featured_media":0,"parent":0,"menu_order":0,"comment_status":"closed","ping_status":"closed","template":"","meta":{"inspiro_hide_title":false,"footnotes":""},"class_list":["post-15476","page","type-page","status-publish","hentry"],"featured_media_urls":[],"_links":{"self":[{"href":"https:\/\/pedrocasiano.es\/index.php?rest_route=\/wp\/v2\/pages\/15476","targetHints":{"allow":["GET"]}}],"collection":[{"href":"https:\/\/pedrocasiano.es\/index.php?rest_route=\/wp\/v2\/pages"}],"about":[{"href":"https:\/\/pedrocasiano.es\/index.php?rest_route=\/wp\/v2\/types\/page"}],"author":[{"embeddable":true,"href":"https:\/\/pedrocasiano.es\/index.php?rest_route=\/wp\/v2\/users\/1"}],"replies":[{"embeddable":true,"href":"https:\/\/pedrocasiano.es\/index.php?rest_route=%2Fwp%2Fv2%2Fcomments&post=15476"}],"version-history":[{"count":28,"href":"https:\/\/pedrocasiano.es\/index.php?rest_route=\/wp\/v2\/pages\/15476\/revisions"}],"predecessor-version":[{"id":16525,"href":"https:\/\/pedrocasiano.es\/index.php?rest_route=\/wp\/v2\/pages\/15476\/revisions\/16525"}],"wp:attachment":[{"href":"https:\/\/pedrocasiano.es\/index.php?rest_route=%2Fwp%2Fv2%2Fmedia&parent=15476"}],"curies":[{"name":"wp","href":"https:\/\/api.w.org\/{rel}","templated":true}]}}