{"id":1544,"date":"2024-02-18T07:14:49","date_gmt":"2024-02-18T07:14:49","guid":{"rendered":"https:\/\/pedrocasiano.es\/?page_id=1544"},"modified":"2024-03-09T16:20:35","modified_gmt":"2024-03-09T16:20:35","slug":"hoy-sentado-tranquilamente-en-mi-sofa","status":"publish","type":"page","link":"https:\/\/pedrocasiano.es\/?page_id=1544","title":{"rendered":"Hoy Sentado Tranquilamente en mi Sof\u00e1"},"content":{"rendered":"\n<figure class=\"wp-block-image alignleft size-large is-resized\"><img decoding=\"async\" width=\"1024\" height=\"960\" data-src=\"https:\/\/pedrocasiano.es\/wp-content\/uploads\/2024\/02\/276318785_5023553784369920_6176399563433816340_n-1024x960.jpg\" alt=\"\" class=\"wp-image-3831 lazyload\" style=\"--smush-placeholder-width: 1024px; --smush-placeholder-aspect-ratio: 1024\/960;width:527px;height:auto\" src=\"data:image\/svg+xml;base64,PHN2ZyB3aWR0aD0iMSIgaGVpZ2h0PSIxIiB4bWxucz0iaHR0cDovL3d3dy53My5vcmcvMjAwMC9zdmciPjwvc3ZnPg==\" \/><\/figure>\n\n\n\n<p>Hoy sentado tranquilamente en mi sof\u00e1, el viejo, ajado, cansado y trasteado sof\u00e1, me voy a atrever a hablar, m\u00e1s bien a escribir, sobre lo que pienso del d\u00eda a d\u00eda, mis cosas obvias, mis verdades de Perogrullo, que a fin de cuentas son las que entendemos, es la facilidad que da la verdad, y no la verborrea de la mentira de los fulleros.<\/p>\n\n\n\n<p>La huelga de camioneros, verdades y mentiras; quiz\u00e1s tengan raz\u00f3n, posiblemente, porque ellos son los due\u00f1os de los camiones, pero compran las <a><\/a>cargas a empresas que las manejan como si fueran productos, que lo son, y por ello me temo, que se quedan con la mayor parte del precio, y como ocurre en todos lados, el pan no es para el que se lo trabaja, sino para el que lo gestiona.<\/p>\n\n\n\n<p>\u00bfQu\u00e9 ha pasado?, han subido los costes, ya no es que no sea rentable, quiz\u00e1s lo fuera para un mileurista, pero jug\u00e1rsela apostando todo a una m\u00e1quina costosa, sin descanso, en horarios que marcan terceros sin alma, y tirados todo el d\u00eda, la verdad, para ganar mil euros, no es necesario tanta historia.<\/p>\n\n\n\n<p>Y el gobierno, este que nos est\u00e1 metiendo en una Malezuela, con el apoyo de nuestro inefable Zapatero, de ignominiosa memoria, en lugar de hablar con los que se rompen el cuerpo a base de kil\u00f3metros, habla con los que tambi\u00e9n los tiranizan, \u00bfQu\u00e9 pod\u00eda salir mal?, el caso, es que faltan alimentos, repuestos, materias primas\u2026, los supermercados como en Malezuela, la guardia civil actuando como las defensas civiles, y detenidos, muchos detenidos, que adem\u00e1s cuando de la boca de los impresentables salen cosas como \u201cest\u00e1 dirigida por la extrema derecha\u201d, \u201cson gente que apoya a Putin\u201d, se me hace un nudo en la garganta, porque recuerden como empez\u00f3 aquel pa\u00eds que se llam\u00f3 Venezuela, recuerden\u2026<\/p>\n","protected":false},"excerpt":{"rendered":"<p>Hoy sentado tranquilamente en mi sof\u00e1, el viejo, ajado, cansado y trasteado sof\u00e1, me voy a atrever a hablar, m\u00e1s bien a escribir, sobre lo que pienso del d\u00eda a d\u00eda, mis cosas obvias, mis verdades de Perogrullo, que a fin de cuentas son las que entendemos, es la facilidad que da la verdad, y &hellip; <\/p>\n<p class=\"link-more\"><a href=\"https:\/\/pedrocasiano.es\/?page_id=1544\" class=\"more-link\">Leer m\u00e1s<span class=\"screen-reader-text\"> \u00abHoy Sentado Tranquilamente en mi Sof\u00e1\u00bb<\/span><\/a><\/p>\n","protected":false},"author":1,"featured_media":0,"parent":0,"menu_order":0,"comment_status":"closed","ping_status":"closed","template":"","meta":{"inspiro_hide_title":false,"footnotes":""},"class_list":["post-1544","page","type-page","status-publish","hentry"],"featured_media_urls":[],"_links":{"self":[{"href":"https:\/\/pedrocasiano.es\/index.php?rest_route=\/wp\/v2\/pages\/1544","targetHints":{"allow":["GET"]}}],"collection":[{"href":"https:\/\/pedrocasiano.es\/index.php?rest_route=\/wp\/v2\/pages"}],"about":[{"href":"https:\/\/pedrocasiano.es\/index.php?rest_route=\/wp\/v2\/types\/page"}],"author":[{"embeddable":true,"href":"https:\/\/pedrocasiano.es\/index.php?rest_route=\/wp\/v2\/users\/1"}],"replies":[{"embeddable":true,"href":"https:\/\/pedrocasiano.es\/index.php?rest_route=%2Fwp%2Fv2%2Fcomments&post=1544"}],"version-history":[{"count":3,"href":"https:\/\/pedrocasiano.es\/index.php?rest_route=\/wp\/v2\/pages\/1544\/revisions"}],"predecessor-version":[{"id":5823,"href":"https:\/\/pedrocasiano.es\/index.php?rest_route=\/wp\/v2\/pages\/1544\/revisions\/5823"}],"wp:attachment":[{"href":"https:\/\/pedrocasiano.es\/index.php?rest_route=%2Fwp%2Fv2%2Fmedia&parent=1544"}],"curies":[{"name":"wp","href":"https:\/\/api.w.org\/{rel}","templated":true}]}}