{"id":1536,"date":"2024-02-18T07:09:23","date_gmt":"2024-02-18T07:09:23","guid":{"rendered":"https:\/\/pedrocasiano.es\/?page_id=1536"},"modified":"2024-03-08T16:07:52","modified_gmt":"2024-03-08T16:07:52","slug":"se-acaba-la-semana-santa","status":"publish","type":"page","link":"https:\/\/pedrocasiano.es\/?page_id=1536","title":{"rendered":"Se Acaba la Semana Santa"},"content":{"rendered":"\n<figure class=\"wp-block-image alignleft size-large is-resized\"><img decoding=\"async\" width=\"1024\" height=\"853\" data-src=\"https:\/\/pedrocasiano.es\/wp-content\/uploads\/2024\/02\/virgin-7896726_1280-1024x853.jpg\" alt=\"\" class=\"wp-image-3793 lazyload\" style=\"--smush-placeholder-width: 1024px; --smush-placeholder-aspect-ratio: 1024\/853;width:390px;height:auto\" src=\"data:image\/svg+xml;base64,PHN2ZyB3aWR0aD0iMSIgaGVpZ2h0PSIxIiB4bWxucz0iaHR0cDovL3d3dy53My5vcmcvMjAwMC9zdmciPjwvc3ZnPg==\" \/><\/figure>\n\n\n\n<p>Se acaba la semana Santa, el desvar\u00edo de los fiesteros, la penitencia de los religiosos, el asombro de los dem\u00e1s, y de muchos, la paz buscada con anhelo.<\/p>\n\n\n\n<p>Esa es la norma que impone la vida, cuando lo es; sin embargo, quedan las colas, el caj\u00f3n de los elementos que no casan, de los lugares donde nada es lo que parece porque est\u00e1n en la esquina de los olvidados cajones, de los lugares donde nadie mira.<\/p>\n\n\n\n<p>Y son ellos, los que no conocen la diferencia entre la semana santa, y el <a><\/a>resto de los d\u00edas, pues todos se hayan ba\u00f1ados por la dura patina de la realidad dura, que los hace romperse como si fueran cristal, y convertidos en maldici\u00f3n b\u00edblica, nacer al d\u00eda siguiente, listos para romperse de nuevo.<\/p>\n\n\n\n<p>Los enfermos, los pobres de necesidad, aquellos que forman parte de estad\u00edsticas, que son solo n\u00fameros, pero, que por mucho que lo intentemos, no desaparecen, pues necesitar\u00edan que tom\u00e1ramos conciencia de ellos, pero dios nos libre, son los muertos que huelen en una sociedad que no quiere ver.<\/p>\n\n\n\n<p>Piedad, no existe, solo la carrera de ratas, la huida hacia lugares mejores que te alejen del suelo, que eviten que puedas pensar, aunque sea un solo segundo, que cerca de ti, la vida es algo oscuro, triste, una c\u00e1scara de la que los olvidados quieren salir de ella, aunque sea a costa de entregar su vida, para lo que le vale.<\/p>\n\n\n\n<p>Ropas viejas, arrastr\u00e1ndose por las calles, manos extendidas pidiendo compasi\u00f3n en cuerpos impasibles, a aquellos que se quejan de que el ayuntamiento no tiene que consentir, y\u2026<\/p>\n\n\n\n<p>Enfermos, la cara de a d\u00f3nde puede llegar la vida en su cara m\u00e1s oscura, donde nadie quiere ver lo visible, y lo convierte en fantasmas, infierno que es necesario esconder, el dolor, la podredumbre, no debe de mostrarse, es como los hijos que defraudan al padre y mueren escondidos de todo y de todos.<\/p>\n\n\n\n<p>Los pueblos muertos en la ciudad, los laberintos de las ratas que lloran, el olvido de lugares, que, a pesar de todo, son los nuestros, personas que no lo son a ojos de quien no quiere verlo\u2026 ni saberlo, y desaparecen, se difuminan con la muerte, y nacen, de lugares de claridad y pasan a esos oscuros agujeros de miseria, de dolor, de desesperanza.<\/p>\n\n\n\n<p>Y esos lugares son los tuyos, donde los que no ven, que ni miran ni quieren mirar, como ignorando, el que cualquiera, por muy alto que est\u00e9, puede caer en esa insondable sima, de la que no nos separa nada, ni tan siquiera una mol\u00e9cula de una nimiedad infinita.<\/p>\n","protected":false},"excerpt":{"rendered":"<p>Se acaba la semana Santa, el desvar\u00edo de los fiesteros, la penitencia de los religiosos, el asombro de los dem\u00e1s, y de muchos, la paz buscada con anhelo. Esa es la norma que impone la vida, cuando lo es; sin embargo, quedan las colas, el caj\u00f3n de los elementos que no casan, de los lugares &hellip; <\/p>\n<p class=\"link-more\"><a href=\"https:\/\/pedrocasiano.es\/?page_id=1536\" class=\"more-link\">Leer m\u00e1s<span class=\"screen-reader-text\"> \u00abSe Acaba la Semana Santa\u00bb<\/span><\/a><\/p>\n","protected":false},"author":1,"featured_media":0,"parent":0,"menu_order":0,"comment_status":"closed","ping_status":"closed","template":"","meta":{"inspiro_hide_title":false,"footnotes":""},"class_list":["post-1536","page","type-page","status-publish","hentry"],"featured_media_urls":[],"_links":{"self":[{"href":"https:\/\/pedrocasiano.es\/index.php?rest_route=\/wp\/v2\/pages\/1536","targetHints":{"allow":["GET"]}}],"collection":[{"href":"https:\/\/pedrocasiano.es\/index.php?rest_route=\/wp\/v2\/pages"}],"about":[{"href":"https:\/\/pedrocasiano.es\/index.php?rest_route=\/wp\/v2\/types\/page"}],"author":[{"embeddable":true,"href":"https:\/\/pedrocasiano.es\/index.php?rest_route=\/wp\/v2\/users\/1"}],"replies":[{"embeddable":true,"href":"https:\/\/pedrocasiano.es\/index.php?rest_route=%2Fwp%2Fv2%2Fcomments&post=1536"}],"version-history":[{"count":3,"href":"https:\/\/pedrocasiano.es\/index.php?rest_route=\/wp\/v2\/pages\/1536\/revisions"}],"predecessor-version":[{"id":5759,"href":"https:\/\/pedrocasiano.es\/index.php?rest_route=\/wp\/v2\/pages\/1536\/revisions\/5759"}],"wp:attachment":[{"href":"https:\/\/pedrocasiano.es\/index.php?rest_route=%2Fwp%2Fv2%2Fmedia&parent=1536"}],"curies":[{"name":"wp","href":"https:\/\/api.w.org\/{rel}","templated":true}]}}