{"id":1532,"date":"2024-02-18T07:07:08","date_gmt":"2024-02-18T07:07:08","guid":{"rendered":"https:\/\/pedrocasiano.es\/?page_id=1532"},"modified":"2024-03-08T16:07:36","modified_gmt":"2024-03-08T16:07:36","slug":"vuelven-los-tiempos-oscuros","status":"publish","type":"page","link":"https:\/\/pedrocasiano.es\/?page_id=1532","title":{"rendered":"Vuelven los Tiempos Oscuros"},"content":{"rendered":"\n<figure class=\"wp-block-image alignleft size-large is-resized\"><img decoding=\"async\" width=\"1024\" height=\"720\" data-src=\"https:\/\/pedrocasiano.es\/wp-content\/uploads\/2024\/02\/crows-8579540_1280-1024x720.jpg\" alt=\"\" class=\"wp-image-3791 lazyload\" style=\"--smush-placeholder-width: 1024px; --smush-placeholder-aspect-ratio: 1024\/720;width:380px;height:auto\" src=\"data:image\/svg+xml;base64,PHN2ZyB3aWR0aD0iMSIgaGVpZ2h0PSIxIiB4bWxucz0iaHR0cDovL3d3dy53My5vcmcvMjAwMC9zdmciPjwvc3ZnPg==\" \/><\/figure>\n\n\n\n<p>Vuelven los tiempos oscuros, los momentos en los que el horizonte de cualquier familia se ve\u00eda oscurecido poco a poco hasta volverse del negro m\u00e1s opaco.<br>Nos cre\u00edamos a salvo de todo, pues aun siendo ninguneados por Europa, est\u00e1bamos ah\u00ed, pero como siempre todo vuelve a cambiar, ahora Europa tirita de frio, se muere de miedo, y la escalada de los intereses parece no tener fin.<br>Vuelven los tiempos de negociar con el banco, de que una vez obtenido un beneficio injusto, tomen m\u00e1s por la precariedad de las familias, de aquellos incluso, que nunca supieron realmente lo que firmaban, pues como buenos trileros, los bancos escond\u00edan la bolita roja lejos de la vista de cualquier posible cliente.<br>Volver\u00e1n las escenas de los intereses a\u00fan m\u00e1s disparados que los oficiales, hinchados por los carro\u00f1eros bancos, la sumisi\u00f3n a hipotecas m\u00e1s largas aun que las primitivas, que ya eran interminables, el regocijo de los directores ante la puesta de rodillas de los clientes, que solo esperar\u00e1n que no los echen a la calle, que pueden seguir viviendo en unas casas, de las que a\u00fan no se han enterado que el banco fue siempre el due\u00f1o de ellas, y ellos, simples guardeses de las propiedades de un amo sin escr\u00fapulos.<br>M\u00e1s aun, la revoluci\u00f3n inform\u00e1tica, ha conseguido que miles de trabajadores de banca, hayan sido eliminados de las cuentas de los bancos, y esa labor es realizada por maquinas que no comen, ni cobran, y el trabajo, lo hacen los que lo pagan, una bicoca, pero solo para el banco, el precio de los servicios es m\u00e1s caro aun, los beneficios de los malditos bancos suben hasta el cielo, y los de a pie, los de n\u00f3mina, los que revientan con trabajo aut\u00f3nomo, solo ver\u00e1n como los m\u00edseros ahorros, se convierten en agujeros negros en los que exist\u00eda ha desaparecido, y tendr\u00e1n que ir por el camino trillado, que no dorado, de las personas que con la cabeza gacha, ir\u00e1n a esa maldita instituci\u00f3n, sin entra\u00f1as, maldita y repugnante, que algunos llaman bancos.<\/p>\n","protected":false},"excerpt":{"rendered":"<p>Vuelven los tiempos oscuros, los momentos en los que el horizonte de cualquier familia se ve\u00eda oscurecido poco a poco hasta volverse del negro m\u00e1s opaco.Nos cre\u00edamos a salvo de todo, pues aun siendo ninguneados por Europa, est\u00e1bamos ah\u00ed, pero como siempre todo vuelve a cambiar, ahora Europa tirita de frio, se muere de miedo, &hellip; <\/p>\n<p class=\"link-more\"><a href=\"https:\/\/pedrocasiano.es\/?page_id=1532\" class=\"more-link\">Leer m\u00e1s<span class=\"screen-reader-text\"> \u00abVuelven los Tiempos Oscuros\u00bb<\/span><\/a><\/p>\n","protected":false},"author":1,"featured_media":0,"parent":0,"menu_order":0,"comment_status":"closed","ping_status":"closed","template":"","meta":{"inspiro_hide_title":false,"footnotes":""},"class_list":["post-1532","page","type-page","status-publish","hentry"],"featured_media_urls":[],"_links":{"self":[{"href":"https:\/\/pedrocasiano.es\/index.php?rest_route=\/wp\/v2\/pages\/1532","targetHints":{"allow":["GET"]}}],"collection":[{"href":"https:\/\/pedrocasiano.es\/index.php?rest_route=\/wp\/v2\/pages"}],"about":[{"href":"https:\/\/pedrocasiano.es\/index.php?rest_route=\/wp\/v2\/types\/page"}],"author":[{"embeddable":true,"href":"https:\/\/pedrocasiano.es\/index.php?rest_route=\/wp\/v2\/users\/1"}],"replies":[{"embeddable":true,"href":"https:\/\/pedrocasiano.es\/index.php?rest_route=%2Fwp%2Fv2%2Fcomments&post=1532"}],"version-history":[{"count":3,"href":"https:\/\/pedrocasiano.es\/index.php?rest_route=\/wp\/v2\/pages\/1532\/revisions"}],"predecessor-version":[{"id":5758,"href":"https:\/\/pedrocasiano.es\/index.php?rest_route=\/wp\/v2\/pages\/1532\/revisions\/5758"}],"wp:attachment":[{"href":"https:\/\/pedrocasiano.es\/index.php?rest_route=%2Fwp%2Fv2%2Fmedia&parent=1532"}],"curies":[{"name":"wp","href":"https:\/\/api.w.org\/{rel}","templated":true}]}}