{"id":1527,"date":"2024-02-17T16:26:39","date_gmt":"2024-02-17T16:26:39","guid":{"rendered":"https:\/\/pedrocasiano.es\/?page_id=1527"},"modified":"2026-03-31T11:23:39","modified_gmt":"2026-03-31T09:23:39","slug":"reflexiones-segunda-parte","status":"publish","type":"page","link":"https:\/\/pedrocasiano.es\/?page_id=1527","title":{"rendered":"Reflexiones. Segunda Parte"},"content":{"rendered":"\n<div class=\"wp-block-cover alignfull is-light\" style=\"min-height:701px;aspect-ratio:unset;\"><img decoding=\"async\" width=\"1024\" height=\"683\" class=\"wp-block-cover__image-background wp-image-3557 lazyload\" alt=\"\" data-src=\"https:\/\/pedrocasiano.es\/wp-content\/uploads\/2024\/02\/ai-generated-8366858.jpg\" data-object-fit=\"cover\" src=\"data:image\/svg+xml;base64,PHN2ZyB3aWR0aD0iMSIgaGVpZ2h0PSIxIiB4bWxucz0iaHR0cDovL3d3dy53My5vcmcvMjAwMC9zdmciPjwvc3ZnPg==\" style=\"--smush-placeholder-width: 1024px; --smush-placeholder-aspect-ratio: 1024\/683;\" \/><span aria-hidden=\"true\" class=\"wp-block-cover__background has-background-dim\"><\/span><div class=\"wp-block-cover__inner-container has-global-padding is-layout-constrained wp-block-cover-is-layout-constrained\">\n<ul class=\"wp-block-list\">\n<li><a href=\"https:\/\/pedrocasiano.es\/?page_id=1593\" target=\"_blank\" rel=\"noreferrer noopener\">Hoy me he Despertado Cansado<\/a><\/li>\n\n\n\n<li><a href=\"https:\/\/pedrocasiano.es\/?page_id=1597\" target=\"_blank\" rel=\"noreferrer noopener\">Se Me Olvid\u00f3 Que Te Olvid\u00e9<\/a><\/li>\n\n\n\n<li><a href=\"https:\/\/pedrocasiano.es\/?page_id=1601\" target=\"_blank\" rel=\"noreferrer noopener\">Historias De Una Noche Cualquiera<\/a><\/li>\n\n\n\n<li><a href=\"https:\/\/pedrocasiano.es\/?page_id=1605\" target=\"_blank\" rel=\"noreferrer noopener\">Las Malas Hierbas de C\u00f3rdoba. El Jard\u00edn Bot\u00e1nico<\/a><\/li>\n\n\n\n<li><a href=\"https:\/\/pedrocasiano.es\/?page_id=2174\" target=\"_blank\" rel=\"noreferrer noopener\">10 de Abril de 2020<\/a><\/li>\n\n\n\n<li><a href=\"https:\/\/pedrocasiano.es\/?page_id=2170\" target=\"_blank\" rel=\"noreferrer noopener\">S\u00e1bado, 11 de Abril de 2.020<\/a><\/li>\n\n\n\n<li><a href=\"https:\/\/pedrocasiano.es\/?page_id=2167\" target=\"_blank\" rel=\"noreferrer noopener\">Domingo, 12 de Abril de 2.020<\/a><\/li>\n\n\n\n<li><a href=\"https:\/\/pedrocasiano.es\/?page_id=2164\" target=\"_blank\" rel=\"noreferrer noopener\">Lunes, 13 de Abril de 2.020<\/a><\/li>\n\n\n\n<li><a href=\"https:\/\/pedrocasiano.es\/?page_id=2157\" target=\"_blank\" rel=\"noreferrer noopener\">Martes, 14 de Abril de 2.020<\/a><\/li>\n\n\n\n<li><a href=\"https:\/\/pedrocasiano.es\/?page_id=2230\" target=\"_blank\" rel=\"noreferrer noopener\">Navidad 2.019<\/a><\/li>\n\n\n\n<li><a href=\"https:\/\/pedrocasiano.es\/?page_id=2236\" target=\"_blank\" rel=\"noreferrer noopener\">Con la Mala Leche que Tengo, de que Co\u00f1o voy a Escribir<\/a><\/li>\n\n\n\n<li><a href=\"https:\/\/pedrocasiano.es\/?page_id=2246\" target=\"_blank\" rel=\"noreferrer noopener\">El Cristianismo, los Bancos, y los Prestamistas en General<\/a><\/li>\n\n\n\n<li><a href=\"https:\/\/pedrocasiano.es\/?page_id=2302\">Un Amor d<\/a><a href=\"https:\/\/pedrocasiano.es\/?page_id=2302\" target=\"_blank\" rel=\"noreferrer noopener\">e<\/a><a href=\"https:\/\/pedrocasiano.es\/?page_id=2302\"> mi Vida<\/a><\/li>\n\n\n\n<li><a href=\"https:\/\/pedrocasiano.es\/?page_id=2320\" target=\"_blank\" rel=\"noreferrer noopener\">Esta C\u00f3rdoba Defiendo, porque Otra no Querr\u00eda<\/a><\/li>\n\n\n\n<li><a href=\"https:\/\/pedrocasiano.es\/?page_id=2308\" target=\"_blank\" rel=\"noreferrer noopener\">Andaluz, Lenguaje o Dialecto, o\u2026 <\/a><\/li>\n\n\n\n<li><a href=\"https:\/\/pedrocasiano.es\/?page_id=2323\" target=\"_blank\" rel=\"noreferrer noopener\">Los Tumores Malignos de C\u00f3rdoba<\/a><\/li>\n\n\n\n<li><a href=\"https:\/\/pedrocasiano.es\/?page_id=2326\" target=\"_blank\" rel=\"noreferrer noopener\">Piedras Viejas de C\u00f3rdoba<\/a><\/li>\n\n\n\n<li><a href=\"https:\/\/pedrocasiano.es\/?page_id=2329\" target=\"_blank\" rel=\"noreferrer noopener\">Hablando de C\u00f3rdoba un Poco m\u00e1s<\/a><\/li>\n\n\n\n<li><a href=\"https:\/\/pedrocasiano.es\/?page_id=2332\" target=\"_blank\" rel=\"noreferrer noopener\">Sobre C\u00f3rdoba, Sevilla y dem\u00e1s<\/a><\/li>\n\n\n\n<li><a href=\"https:\/\/pedrocasiano.es\/?page_id=2335\" target=\"_blank\" rel=\"noreferrer noopener\">La Gen\u00e9tica Cordobesa<\/a><\/li>\n\n\n\n<li><a href=\"https:\/\/pedrocasiano.es\/?page_id=2356\" target=\"_blank\" rel=\"noreferrer noopener\">Sobre Nuestro Senequismo y Cosas Peores<\/a><\/li>\n\n\n\n<li><a href=\"https:\/\/pedrocasiano.es\/?page_id=2363\" target=\"_blank\" rel=\"noreferrer noopener\">Al hilo de \u201cC\u00f3rdoba se muere\u201d<\/a><\/li>\n\n\n\n<li><a href=\"https:\/\/pedrocasiano.es\/?page_id=2366\">Mi C\u00f3rdoba que se Muere<\/a><\/li>\n\n\n\n<li><a href=\"https:\/\/pedrocasiano.es\/?page_id=2407\" target=\"_blank\" rel=\"noreferrer noopener\">Gotas de Lluvia<\/a><\/li>\n\n\n\n<li><a href=\"https:\/\/pedrocasiano.es\/?page_id=2417\" target=\"_blank\" rel=\"noreferrer noopener\">Cuentos de Mar, Viento, Arena y Soledad<\/a><\/li>\n\n\n\n<li><a href=\"https:\/\/pedrocasiano.es\/?page_id=2621\" target=\"_blank\" rel=\"noreferrer noopener\">Hoy ha Muerto mi Perro<\/a><\/li>\n\n\n\n<li><a href=\"https:\/\/pedrocasiano.es\/?page_id=2639\" target=\"_blank\" rel=\"noreferrer noopener\">De las Groser\u00edas, Palabrotas y mal Hablar<\/a><\/li>\n\n\n\n<li><a href=\"https:\/\/pedrocasiano.es\/?page_id=4139\" target=\"_blank\" rel=\"noreferrer noopener\">Esto es C\u00f3rdoba<\/a><\/li>\n\n\n\n<li><a href=\"https:\/\/pedrocasiano.es\/?page_id=4144\" target=\"_blank\" rel=\"noreferrer noopener\">Algunos Me Preguntan<\/a><\/li>\n\n\n\n<li><a href=\"https:\/\/pedrocasiano.es\/?page_id=4148\" target=\"_blank\" rel=\"noreferrer noopener\">Cartas Desesperadas a Nadie<\/a><\/li>\n\n\n\n<li><a href=\"https:\/\/pedrocasiano.es\/?page_id=4151\" target=\"_blank\" rel=\"noreferrer noopener\">Cartas A Nadie. Versi\u00f3n\u2026 La Que Te D\u00e9 La Gana<\/a><\/li>\n\n\n\n<li><a href=\"https:\/\/pedrocasiano.es\/?page_id=4155\" target=\"_blank\" rel=\"noreferrer noopener\">Cartas a Nadie. Todo Se Va A La M&#8230; Exactamente<\/a><\/li>\n\n\n\n<li><a href=\"https:\/\/pedrocasiano.es\/?page_id=4159\" target=\"_blank\" rel=\"noreferrer noopener\">Cartas a Nadie. \u00bfAut\u00f3nomos o Deficientes Mentales?<\/a><\/li>\n\n\n\n<li><a href=\"https:\/\/pedrocasiano.es\/?page_id=4165\" target=\"_blank\" rel=\"noreferrer noopener\">Cartas a Nadie. Sobre Lo Que No Pasa<\/a><\/li>\n\n\n\n<li><a href=\"https:\/\/pedrocasiano.es\/?page_id=4169\" target=\"_blank\" rel=\"noreferrer noopener\">El \u201cAmigo\u201d Marroqu\u00ed <\/a><\/li>\n<\/ul>\n\n\n\n<p><strong>Todos los Derechos Reservados<\/strong><\/p>\n\n\n\n<p><strong>\u201cEstas novelas, publicaciones y dem\u00e1s, son obras de ficci\u00f3n. Los nombres, personajes, lugares e incidentes son producto de la imaginaci\u00f3n del autor o son utilizados de manera ficticia. Cualquier parecido con personas, vivas o muertas, o sucesos reales es pura coincidencia.\u201d<\/strong><\/p>\n<\/div><\/div>\n","protected":false},"excerpt":{"rendered":"","protected":false},"author":1,"featured_media":0,"parent":0,"menu_order":0,"comment_status":"closed","ping_status":"closed","template":"","meta":{"inspiro_hide_title":false,"footnotes":""},"class_list":["post-1527","page","type-page","status-publish","hentry"],"featured_media_urls":[],"_links":{"self":[{"href":"https:\/\/pedrocasiano.es\/index.php?rest_route=\/wp\/v2\/pages\/1527","targetHints":{"allow":["GET"]}}],"collection":[{"href":"https:\/\/pedrocasiano.es\/index.php?rest_route=\/wp\/v2\/pages"}],"about":[{"href":"https:\/\/pedrocasiano.es\/index.php?rest_route=\/wp\/v2\/types\/page"}],"author":[{"embeddable":true,"href":"https:\/\/pedrocasiano.es\/index.php?rest_route=\/wp\/v2\/users\/1"}],"replies":[{"embeddable":true,"href":"https:\/\/pedrocasiano.es\/index.php?rest_route=%2Fwp%2Fv2%2Fcomments&post=1527"}],"version-history":[{"count":11,"href":"https:\/\/pedrocasiano.es\/index.php?rest_route=\/wp\/v2\/pages\/1527\/revisions"}],"predecessor-version":[{"id":16518,"href":"https:\/\/pedrocasiano.es\/index.php?rest_route=\/wp\/v2\/pages\/1527\/revisions\/16518"}],"wp:attachment":[{"href":"https:\/\/pedrocasiano.es\/index.php?rest_route=%2Fwp%2Fv2%2Fmedia&parent=1527"}],"curies":[{"name":"wp","href":"https:\/\/api.w.org\/{rel}","templated":true}]}}