{"id":14684,"date":"2025-07-27T09:18:02","date_gmt":"2025-07-27T07:18:02","guid":{"rendered":"https:\/\/pedrocasiano.es\/?page_id=14684"},"modified":"2026-03-31T10:40:38","modified_gmt":"2026-03-31T08:40:38","slug":"vigesimo-cuarta","status":"publish","type":"page","link":"https:\/\/pedrocasiano.es\/?page_id=14684","title":{"rendered":"Vig\u00e9simo Cuarta"},"content":{"rendered":"\n<div class=\"wp-block-cover alignfull has-custom-content-position is-position-top-left\" style=\"min-height:593px;aspect-ratio:unset;\"><img decoding=\"async\" width=\"1024\" height=\"680\" class=\"wp-block-cover__image-background wp-image-14686 size-full lazyload\" alt=\"\" data-src=\"https:\/\/pedrocasiano.es\/wp-content\/uploads\/2025\/07\/ai-generated-8767098peque.jpg\" data-object-fit=\"cover\" src=\"data:image\/svg+xml;base64,PHN2ZyB3aWR0aD0iMSIgaGVpZ2h0PSIxIiB4bWxucz0iaHR0cDovL3d3dy53My5vcmcvMjAwMC9zdmciPjwvc3ZnPg==\" style=\"--smush-placeholder-width: 1024px; --smush-placeholder-aspect-ratio: 1024\/680;\" \/><span aria-hidden=\"true\" class=\"wp-block-cover__background has-background-dim\" style=\"background-color:#685548\"><\/span><div class=\"wp-block-cover__inner-container has-global-padding is-layout-constrained wp-block-cover-is-layout-constrained\">\n<ul class=\"wp-block-list\">\n<li><a href=\"https:\/\/pedrocasiano.es\/?p=14600\" data-type=\"post\" data-id=\"14600\" target=\"_blank\" rel=\"noreferrer noopener\">La luz, Vuelve la Luz (Rima)<\/a><\/li>\n\n\n\n<li><a href=\"https:\/\/pedrocasiano.es\/?p=14605\" data-type=\"post\" data-id=\"14605\" target=\"_blank\" rel=\"noreferrer noopener\">Cambi\u00f3 la Luna (Rima)<\/a><\/li>\n\n\n\n<li><a href=\"https:\/\/pedrocasiano.es\/?p=14610\" data-type=\"post\" data-id=\"14610\" target=\"_blank\" rel=\"noreferrer noopener\">Paredes Pintadas (Rima)<\/a><\/li>\n\n\n\n<li><a href=\"https:\/\/pedrocasiano.es\/?p=14617\" data-type=\"post\" data-id=\"14617\" target=\"_blank\" rel=\"noreferrer noopener\">La Espera, la Espera (Rima)<\/a><\/li>\n\n\n\n<li><a href=\"https:\/\/pedrocasiano.es\/?p=14622\" data-type=\"post\" data-id=\"14622\" target=\"_blank\" rel=\"noreferrer noopener\">La Ma\u00f1ana Canta (Rima)<\/a><\/li>\n\n\n\n<li><a href=\"https:\/\/pedrocasiano.es\/?p=14627\" data-type=\"post\" data-id=\"14627\" target=\"_blank\" rel=\"noreferrer noopener\">Torres de Papel (Rima)<\/a><\/li>\n\n\n\n<li><a href=\"https:\/\/pedrocasiano.es\/?p=14632\" data-type=\"post\" data-id=\"14632\" target=\"_blank\" rel=\"noreferrer noopener\">La Vida es como una Serpiente (Rima)<\/a><\/li>\n\n\n\n<li><a href=\"https:\/\/pedrocasiano.es\/?p=14637\" data-type=\"post\" data-id=\"14637\" target=\"_blank\" rel=\"noreferrer noopener\">Como Siempre (Rima)<\/a><\/li>\n\n\n\n<li><a href=\"https:\/\/pedrocasiano.es\/?p=14642\" data-type=\"post\" data-id=\"14642\" target=\"_blank\" rel=\"noreferrer noopener\">Caminar por la Ladera de la Monta\u00f1a (Rima)<\/a><\/li>\n\n\n\n<li><a href=\"https:\/\/pedrocasiano.es\/?p=14647\" data-type=\"post\" data-id=\"14647\" target=\"_blank\" rel=\"noreferrer noopener\">Todo se Pierde (Rima)<\/a><\/li>\n\n\n\n<li><a href=\"https:\/\/pedrocasiano.es\/?p=14652\" data-type=\"post\" data-id=\"14652\" target=\"_blank\" rel=\"noreferrer noopener\">La Noche Empieza (Rima)<\/a><\/li>\n\n\n\n<li><a href=\"https:\/\/pedrocasiano.es\/?p=14657\" data-type=\"post\" data-id=\"14657\" target=\"_blank\" rel=\"noreferrer noopener\">D\u00edas en los que el Cuerpo se Desvanece (Rima)<\/a><\/li>\n\n\n\n<li><a href=\"https:\/\/pedrocasiano.es\/?p=14662\" data-type=\"post\" data-id=\"14662\" target=\"_blank\" rel=\"noreferrer noopener\">D\u00edas Duros (Rima)<\/a><\/li>\n\n\n\n<li><a href=\"https:\/\/pedrocasiano.es\/?p=14667\" data-type=\"post\" data-id=\"14667\" target=\"_blank\" rel=\"noreferrer noopener\">Veo ya la Vida sin Pasi\u00f3n (Rima)<\/a><\/li>\n\n\n\n<li><a href=\"https:\/\/pedrocasiano.es\/?p=14704\" data-type=\"post\" data-id=\"14704\" target=\"_blank\" rel=\"noreferrer noopener\">Ya se Acab\u00f3 el Lento Caminar (Rima)<\/a><\/li>\n\n\n\n<li><a href=\"https:\/\/pedrocasiano.es\/?p=14709\" data-type=\"post\" data-id=\"14709\" target=\"_blank\" rel=\"noreferrer noopener\">Pronto Llegar\u00e1 la Primavera (Rima)<\/a><\/li>\n\n\n\n<li><a href=\"https:\/\/pedrocasiano.es\/?p=14714\" data-type=\"post\" data-id=\"14714\" target=\"_blank\" rel=\"noreferrer noopener\">Ecos de Tiempos Pasados (Rima)<\/a><\/li>\n\n\n\n<li><a href=\"https:\/\/pedrocasiano.es\/?p=14719\" data-type=\"post\" data-id=\"14719\" target=\"_blank\" rel=\"noreferrer noopener\">Todas las Noches, la Cafetera (Rima)<\/a><\/li>\n\n\n\n<li><a href=\"https:\/\/pedrocasiano.es\/?p=14724\" data-type=\"post\" data-id=\"14724\" target=\"_blank\" rel=\"noreferrer noopener\">Otra Noche que se Acerca (Rima)<\/a><\/li>\n\n\n\n<li><a href=\"https:\/\/pedrocasiano.es\/?p=14729\" data-type=\"post\" data-id=\"14729\" target=\"_blank\" rel=\"noreferrer noopener\">Quiero Escribir (Rima)<\/a><\/li>\n<\/ul>\n\n\n\n<p><strong>Todos los Derechos Reservados<\/strong><\/p>\n\n\n\n<p><strong>\u201cEstas novelas, publicaciones y dem\u00e1s, son obras de ficci\u00f3n. Los nombres, personajes, lugares e incidentes son producto de la imaginaci\u00f3n del autor o son utilizados de manera ficticia. Cualquier parecido con personas, vivas o muertas, o sucesos reales es pura coincidencia.\u201d<\/strong><\/p>\n<\/div><\/div>\n\n\n\n<p><\/p>\n","protected":false},"excerpt":{"rendered":"","protected":false},"author":1,"featured_media":0,"parent":0,"menu_order":0,"comment_status":"closed","ping_status":"closed","template":"","meta":{"inspiro_hide_title":false,"footnotes":""},"class_list":["post-14684","page","type-page","status-publish","hentry"],"featured_media_urls":[],"_links":{"self":[{"href":"https:\/\/pedrocasiano.es\/index.php?rest_route=\/wp\/v2\/pages\/14684","targetHints":{"allow":["GET"]}}],"collection":[{"href":"https:\/\/pedrocasiano.es\/index.php?rest_route=\/wp\/v2\/pages"}],"about":[{"href":"https:\/\/pedrocasiano.es\/index.php?rest_route=\/wp\/v2\/types\/page"}],"author":[{"embeddable":true,"href":"https:\/\/pedrocasiano.es\/index.php?rest_route=\/wp\/v2\/users\/1"}],"replies":[{"embeddable":true,"href":"https:\/\/pedrocasiano.es\/index.php?rest_route=%2Fwp%2Fv2%2Fcomments&post=14684"}],"version-history":[{"count":11,"href":"https:\/\/pedrocasiano.es\/index.php?rest_route=\/wp\/v2\/pages\/14684\/revisions"}],"predecessor-version":[{"id":16295,"href":"https:\/\/pedrocasiano.es\/index.php?rest_route=\/wp\/v2\/pages\/14684\/revisions\/16295"}],"wp:attachment":[{"href":"https:\/\/pedrocasiano.es\/index.php?rest_route=%2Fwp%2Fv2%2Fmedia&parent=14684"}],"curies":[{"name":"wp","href":"https:\/\/api.w.org\/{rel}","templated":true}]}}