{"id":14344,"date":"2025-07-21T17:55:24","date_gmt":"2025-07-21T15:55:24","guid":{"rendered":"https:\/\/pedrocasiano.es\/?page_id=14344"},"modified":"2026-03-31T10:39:50","modified_gmt":"2026-03-31T08:39:50","slug":"vigesimo-segunda","status":"publish","type":"page","link":"https:\/\/pedrocasiano.es\/?page_id=14344","title":{"rendered":"Vig\u00e9simo Segunda"},"content":{"rendered":"\n<div class=\"wp-block-cover alignfull has-custom-content-position is-position-top-left\" style=\"min-height:585px;aspect-ratio:unset;\"><img decoding=\"async\" width=\"1024\" height=\"702\" class=\"wp-block-cover__image-background wp-image-14345 size-full lazyload\" alt=\"\" data-src=\"https:\/\/pedrocasiano.es\/wp-content\/uploads\/2025\/07\/ai-generated-8458315peque.jpg\" data-object-fit=\"cover\" src=\"data:image\/svg+xml;base64,PHN2ZyB3aWR0aD0iMSIgaGVpZ2h0PSIxIiB4bWxucz0iaHR0cDovL3d3dy53My5vcmcvMjAwMC9zdmciPjwvc3ZnPg==\" style=\"--smush-placeholder-width: 1024px; --smush-placeholder-aspect-ratio: 1024\/702;\" \/><span aria-hidden=\"true\" class=\"wp-block-cover__background has-background-dim\" style=\"background-color:#7c645a\"><\/span><div class=\"wp-block-cover__inner-container has-global-padding is-layout-constrained wp-block-cover-is-layout-constrained\">\n<ul class=\"wp-block-list\">\n<li><a href=\"https:\/\/pedrocasiano.es\/?p=14287\" data-type=\"post\" data-id=\"14287\" target=\"_blank\" rel=\"noreferrer noopener\">Se Acaban los D\u00edas (Rima)<\/a><\/li>\n\n\n\n<li><a href=\"https:\/\/pedrocasiano.es\/?p=14293\" data-type=\"post\" data-id=\"14293\" target=\"_blank\" rel=\"noreferrer noopener\">P\u00e1jaros Negros (Rima)<\/a><\/li>\n\n\n\n<li><a href=\"https:\/\/pedrocasiano.es\/?p=14298\" data-type=\"post\" data-id=\"14298\" target=\"_blank\" rel=\"noreferrer noopener\">Pantallas Oscuras (Rima)<\/a><\/li>\n\n\n\n<li><a href=\"https:\/\/pedrocasiano.es\/?p=14363\" data-type=\"post\" data-id=\"14363\" target=\"_blank\" rel=\"noreferrer noopener\">Cantares que Ya no se Escuchan (Rima)<\/a><\/li>\n\n\n\n<li><a href=\"https:\/\/pedrocasiano.es\/?p=14368\" data-type=\"post\" data-id=\"14368\" target=\"_blank\" rel=\"noreferrer noopener\">R\u00edos de Colores (Rima)<\/a><\/li>\n\n\n\n<li><a href=\"https:\/\/pedrocasiano.es\/?p=14373\" data-type=\"post\" data-id=\"14373\" target=\"_blank\" rel=\"noreferrer noopener\">Cansancio, Cuando los Ojos se Cierran (Rima)<\/a><\/li>\n\n\n\n<li><a href=\"https:\/\/pedrocasiano.es\/?p=14378\" data-type=\"post\" data-id=\"14378\" target=\"_blank\" rel=\"noreferrer noopener\">Ya no S\u00e9 ni lo que Escribo (Rima)<\/a><\/li>\n\n\n\n<li><a href=\"https:\/\/pedrocasiano.es\/?p=14384\" data-type=\"post\" data-id=\"14384\" target=\"_blank\" rel=\"noreferrer noopener\">P\u00e1jaros, no veo P\u00e1jaros (Rima)<\/a><\/li>\n\n\n\n<li><a href=\"https:\/\/pedrocasiano.es\/?p=14389\" data-type=\"post\" data-id=\"14389\" target=\"_blank\" rel=\"noreferrer noopener\">Escribo entre Paredes (Rima)<\/a><\/li>\n\n\n\n<li><a href=\"https:\/\/pedrocasiano.es\/?p=14394\" data-type=\"post\" data-id=\"14394\" target=\"_blank\" rel=\"noreferrer noopener\">Llueve, como Llueve (Rima)<\/a><\/li>\n\n\n\n<li><a href=\"https:\/\/pedrocasiano.es\/?p=14399\" data-type=\"post\" data-id=\"14399\" target=\"_blank\" rel=\"noreferrer noopener\">D\u00edas de Truenos (Rima)<\/a><\/li>\n\n\n\n<li><a href=\"https:\/\/pedrocasiano.es\/?p=14404\" data-type=\"post\" data-id=\"14404\" target=\"_blank\" rel=\"noreferrer noopener\">Figuras de Papel (Rima)<\/a><\/li>\n\n\n\n<li><a href=\"https:\/\/pedrocasiano.es\/?p=14411\" data-type=\"post\" data-id=\"14411\" target=\"_blank\" rel=\"noreferrer noopener\">No son Mis Mejores Momentos (Rima)<\/a><\/li>\n\n\n\n<li><a href=\"https:\/\/pedrocasiano.es\/?p=14416\" data-type=\"post\" data-id=\"14416\" target=\"_blank\" rel=\"noreferrer noopener\">La lluvia Contin\u00faa (Rima)<\/a><\/li>\n\n\n\n<li><a href=\"https:\/\/pedrocasiano.es\/?p=14421\" data-type=\"post\" data-id=\"14421\" target=\"_blank\" rel=\"noreferrer noopener\">Se Pierden los D\u00edas (Rima)<\/a><\/li>\n\n\n\n<li><a href=\"https:\/\/pedrocasiano.es\/?p=14426\" data-type=\"post\" data-id=\"14426\" target=\"_blank\" rel=\"noreferrer noopener\">Miro al Universo (Rima)<\/a><\/li>\n\n\n\n<li><a href=\"https:\/\/pedrocasiano.es\/?p=14431\" data-type=\"post\" data-id=\"14431\" target=\"_blank\" rel=\"noreferrer noopener\">Hoy el Cielo se ha Calmado (Rima)<\/a><\/li>\n\n\n\n<li><a href=\"https:\/\/pedrocasiano.es\/?p=14436\" data-type=\"post\" data-id=\"14436\" target=\"_blank\" rel=\"noreferrer noopener\">Libre Creo Ser (Rima)<\/a><\/li>\n\n\n\n<li><a href=\"https:\/\/pedrocasiano.es\/?p=14441\" data-type=\"post\" data-id=\"14441\" target=\"_blank\" rel=\"noreferrer noopener\">Aire, siento Correr el Aire por mi Piel (Rima)<\/a><\/li>\n\n\n\n<li><a href=\"https:\/\/pedrocasiano.es\/?p=14446\" data-type=\"post\" data-id=\"14446\" target=\"_blank\" rel=\"noreferrer noopener\">Peque\u00f1as Luces de Colores (Rima)<\/a><\/li>\n<\/ul>\n\n\n\n<p><strong>Todos los Derechos Reservados<\/strong><\/p>\n\n\n\n<p><strong>\u201cEstas novelas, publicaciones y dem\u00e1s, son obras de ficci\u00f3n. Los nombres, personajes, lugares e incidentes son producto de la imaginaci\u00f3n del autor o son utilizados de manera ficticia. Cualquier parecido con personas, vivas o muertas, o sucesos reales es pura coincidencia.\u201d<\/strong><\/p>\n<\/div><\/div>\n","protected":false},"excerpt":{"rendered":"","protected":false},"author":1,"featured_media":0,"parent":0,"menu_order":0,"comment_status":"closed","ping_status":"closed","template":"","meta":{"inspiro_hide_title":false,"footnotes":""},"class_list":["post-14344","page","type-page","status-publish","hentry"],"featured_media_urls":[],"_links":{"self":[{"href":"https:\/\/pedrocasiano.es\/index.php?rest_route=\/wp\/v2\/pages\/14344","targetHints":{"allow":["GET"]}}],"collection":[{"href":"https:\/\/pedrocasiano.es\/index.php?rest_route=\/wp\/v2\/pages"}],"about":[{"href":"https:\/\/pedrocasiano.es\/index.php?rest_route=\/wp\/v2\/types\/page"}],"author":[{"embeddable":true,"href":"https:\/\/pedrocasiano.es\/index.php?rest_route=\/wp\/v2\/users\/1"}],"replies":[{"embeddable":true,"href":"https:\/\/pedrocasiano.es\/index.php?rest_route=%2Fwp%2Fv2%2Fcomments&post=14344"}],"version-history":[{"count":9,"href":"https:\/\/pedrocasiano.es\/index.php?rest_route=\/wp\/v2\/pages\/14344\/revisions"}],"predecessor-version":[{"id":16465,"href":"https:\/\/pedrocasiano.es\/index.php?rest_route=\/wp\/v2\/pages\/14344\/revisions\/16465"}],"wp:attachment":[{"href":"https:\/\/pedrocasiano.es\/index.php?rest_route=%2Fwp%2Fv2%2Fmedia&parent=14344"}],"curies":[{"name":"wp","href":"https:\/\/api.w.org\/{rel}","templated":true}]}}