{"id":14340,"date":"2025-07-21T17:51:32","date_gmt":"2025-07-21T15:51:32","guid":{"rendered":"https:\/\/pedrocasiano.es\/?page_id=14340"},"modified":"2026-03-31T10:39:31","modified_gmt":"2026-03-31T08:39:31","slug":"vigesimo-primera-2","status":"publish","type":"page","link":"https:\/\/pedrocasiano.es\/?page_id=14340","title":{"rendered":"Vig\u00e9simo Primera"},"content":{"rendered":"\n<div class=\"wp-block-cover alignfull has-custom-content-position is-position-top-left\"><img decoding=\"async\" width=\"1024\" height=\"739\" class=\"wp-block-cover__image-background wp-image-14341 size-full lazyload\" alt=\"\" data-src=\"https:\/\/pedrocasiano.es\/wp-content\/uploads\/2025\/07\/ai-generated-8647476pequeJPG.jpg\" data-object-fit=\"cover\" src=\"data:image\/svg+xml;base64,PHN2ZyB3aWR0aD0iMSIgaGVpZ2h0PSIxIiB4bWxucz0iaHR0cDovL3d3dy53My5vcmcvMjAwMC9zdmciPjwvc3ZnPg==\" style=\"--smush-placeholder-width: 1024px; --smush-placeholder-aspect-ratio: 1024\/739;\" \/><span aria-hidden=\"true\" class=\"wp-block-cover__background has-background-dim\" style=\"background-color:#5a5f6b\"><\/span><div class=\"wp-block-cover__inner-container has-global-padding is-layout-constrained wp-block-cover-is-layout-constrained\">\n<ul class=\"wp-block-list\">\n<li><a href=\"https:\/\/pedrocasiano.es\/?p=14181\" data-type=\"post\" data-id=\"14181\" target=\"_blank\" rel=\"noreferrer noopener\">Tiempos de Tempestad (Rima)<\/a><\/li>\n\n\n\n<li><a href=\"https:\/\/pedrocasiano.es\/?p=14186\" data-type=\"post\" data-id=\"14186\" target=\"_blank\" rel=\"noreferrer noopener\">Amanece tras de las Ventanas (Rima)<\/a><\/li>\n\n\n\n<li><a href=\"https:\/\/pedrocasiano.es\/?p=14191\" data-type=\"post\" data-id=\"14191\" target=\"_blank\" rel=\"noreferrer noopener\">El Sur se Acaba en s\u00ed Mismo (Rima)<\/a><\/li>\n\n\n\n<li><a href=\"https:\/\/pedrocasiano.es\/?p=14196\" data-type=\"post\" data-id=\"14196\" target=\"_blank\" rel=\"noreferrer noopener\">Cruces de Madera (Rima)<\/a><\/li>\n\n\n\n<li><a href=\"https:\/\/pedrocasiano.es\/?p=14207\" data-type=\"post\" data-id=\"14207\" target=\"_blank\" rel=\"noreferrer noopener\">Desde la Desdentada Ventana (Rima)<\/a><\/li>\n\n\n\n<li><a href=\"https:\/\/pedrocasiano.es\/?p=14212\" data-type=\"post\" data-id=\"14212\" target=\"_blank\" rel=\"noreferrer noopener\">Sonidos de Aves Cantoras (Rima)<\/a><\/li>\n\n\n\n<li><a href=\"https:\/\/pedrocasiano.es\/?p=14217\" data-type=\"post\" data-id=\"14217\" target=\"_blank\" rel=\"noreferrer noopener\">La Calle Estrecha (Rima)<\/a><\/li>\n\n\n\n<li><a href=\"https:\/\/pedrocasiano.es\/?p=14222\" data-type=\"post\" data-id=\"14222\" target=\"_blank\" rel=\"noreferrer noopener\">Monta\u00f1as que No Puedo Ver (Rima)<\/a><\/li>\n\n\n\n<li><a href=\"https:\/\/pedrocasiano.es\/?p=14227\" data-type=\"post\" data-id=\"14227\" target=\"_blank\" rel=\"noreferrer noopener\">Me Imagin\u00e9 lo Inimaginable (Rima)<\/a><\/li>\n\n\n\n<li><a href=\"https:\/\/pedrocasiano.es\/?p=14232\" data-type=\"post\" data-id=\"14232\" target=\"_blank\" rel=\"noreferrer noopener\">Es Tristeza (Rima)<\/a><\/li>\n\n\n\n<li><a href=\"https:\/\/pedrocasiano.es\/?p=14237\" data-type=\"post\" data-id=\"14237\" target=\"_blank\" rel=\"noreferrer noopener\">Hoy es un D\u00eda Gris (Rima)<\/a><\/li>\n\n\n\n<li><a href=\"https:\/\/pedrocasiano.es\/?p=14242\" data-type=\"post\" data-id=\"14242\" target=\"_blank\" rel=\"noreferrer noopener\">Cartas que Escribir (Rima)<\/a><\/li>\n\n\n\n<li><a href=\"https:\/\/pedrocasiano.es\/?p=14247\" data-type=\"post\" data-id=\"14247\" target=\"_blank\" rel=\"noreferrer noopener\">Yo, en mi Caminar Azaroso (Rima)<\/a><\/li>\n\n\n\n<li><a href=\"https:\/\/pedrocasiano.es\/?p=14252\" data-type=\"post\" data-id=\"14252\" target=\"_blank\" rel=\"noreferrer noopener\">Amaneceres de Odio (Rima)<\/a><\/li>\n\n\n\n<li><a href=\"https:\/\/pedrocasiano.es\/?p=14257\" data-type=\"post\" data-id=\"14257\" target=\"_blank\" rel=\"noreferrer noopener\">Tardes de Paseo (Rima)<\/a><\/li>\n\n\n\n<li><a href=\"https:\/\/pedrocasiano.es\/?p=14262\" data-type=\"post\" data-id=\"14262\" target=\"_blank\" rel=\"noreferrer noopener\">Luz Tapiada tras la Densa Persiana (Rima)<\/a><\/li>\n\n\n\n<li><a href=\"https:\/\/pedrocasiano.es\/?p=14267\" data-type=\"post\" data-id=\"14267\" target=\"_blank\" rel=\"noreferrer noopener\">Veo la Pantalla de mi Ordenador (Rima)<\/a><\/li>\n\n\n\n<li><a href=\"https:\/\/pedrocasiano.es\/?p=14272\" data-type=\"post\" data-id=\"14272\" target=\"_blank\" rel=\"noreferrer noopener\">Malditos Bancos (Rima)<\/a><\/li>\n\n\n\n<li><a href=\"https:\/\/pedrocasiano.es\/?p=14277\" data-type=\"post\" data-id=\"14277\" target=\"_blank\" rel=\"noreferrer noopener\">\u00bfQui\u00e9n Levantar\u00e1 la Espada? (Rima)<\/a><\/li>\n\n\n\n<li><a href=\"https:\/\/pedrocasiano.es\/?p=14282\" data-type=\"post\" data-id=\"14282\" target=\"_blank\" rel=\"noreferrer noopener\">Sombras Alargadas (Rima)<\/a><\/li>\n<\/ul>\n\n\n\n<p><strong>Todos los Derechos Reservados<\/strong><\/p>\n\n\n\n<p><strong>\u201cEstas novelas, publicaciones y dem\u00e1s, son obras de ficci\u00f3n. Los nombres, personajes, lugares e incidentes son producto de la imaginaci\u00f3n del autor o son utilizados de manera ficticia. Cualquier parecido con personas, vivas o muertas, o sucesos reales es pura coincidencia.\u201d<\/strong><\/p>\n<\/div><\/div>\n","protected":false},"excerpt":{"rendered":"","protected":false},"author":1,"featured_media":0,"parent":0,"menu_order":0,"comment_status":"closed","ping_status":"closed","template":"","meta":{"inspiro_hide_title":false,"footnotes":""},"class_list":["post-14340","page","type-page","status-publish","hentry"],"featured_media_urls":[],"_links":{"self":[{"href":"https:\/\/pedrocasiano.es\/index.php?rest_route=\/wp\/v2\/pages\/14340","targetHints":{"allow":["GET"]}}],"collection":[{"href":"https:\/\/pedrocasiano.es\/index.php?rest_route=\/wp\/v2\/pages"}],"about":[{"href":"https:\/\/pedrocasiano.es\/index.php?rest_route=\/wp\/v2\/types\/page"}],"author":[{"embeddable":true,"href":"https:\/\/pedrocasiano.es\/index.php?rest_route=\/wp\/v2\/users\/1"}],"replies":[{"embeddable":true,"href":"https:\/\/pedrocasiano.es\/index.php?rest_route=%2Fwp%2Fv2%2Fcomments&post=14340"}],"version-history":[{"count":7,"href":"https:\/\/pedrocasiano.es\/index.php?rest_route=\/wp\/v2\/pages\/14340\/revisions"}],"predecessor-version":[{"id":16464,"href":"https:\/\/pedrocasiano.es\/index.php?rest_route=\/wp\/v2\/pages\/14340\/revisions\/16464"}],"wp:attachment":[{"href":"https:\/\/pedrocasiano.es\/index.php?rest_route=%2Fwp%2Fv2%2Fmedia&parent=14340"}],"curies":[{"name":"wp","href":"https:\/\/api.w.org\/{rel}","templated":true}]}}