{"id":14322,"date":"2025-07-21T17:33:30","date_gmt":"2025-07-21T15:33:30","guid":{"rendered":"https:\/\/pedrocasiano.es\/?page_id=14322"},"modified":"2026-04-02T10:19:22","modified_gmt":"2026-04-02T08:19:22","slug":"oscuros-viii-2","status":"publish","type":"page","link":"https:\/\/pedrocasiano.es\/?page_id=14322","title":{"rendered":"Oscuros VIII"},"content":{"rendered":"\n<div class=\"wp-block-cover alignfull has-custom-content-position is-position-top-left\" style=\"min-height:741px;aspect-ratio:unset;\"><img decoding=\"async\" width=\"1024\" height=\"768\" class=\"wp-block-cover__image-background wp-image-14323 size-full lazyload\" alt=\"\" data-src=\"https:\/\/pedrocasiano.es\/wp-content\/uploads\/2025\/07\/depression-6773286peque.jpg\" data-object-fit=\"cover\" src=\"data:image\/svg+xml;base64,PHN2ZyB3aWR0aD0iMSIgaGVpZ2h0PSIxIiB4bWxucz0iaHR0cDovL3d3dy53My5vcmcvMjAwMC9zdmciPjwvc3ZnPg==\" style=\"--smush-placeholder-width: 1024px; --smush-placeholder-aspect-ratio: 1024\/768;\" \/><span aria-hidden=\"true\" class=\"wp-block-cover__background has-background-dim\" style=\"background-color:#6b6b6b\"><\/span><div class=\"wp-block-cover__inner-container has-global-padding is-layout-constrained wp-block-cover-is-layout-constrained\">\n<ul class=\"wp-block-list\">\n<li><a href=\"https:\/\/pedrocasiano.es\/?p=14230\" data-type=\"post\" data-id=\"14230\" target=\"_blank\" rel=\"noreferrer noopener\">Es Tristeza<\/a><\/li>\n\n\n\n<li><a href=\"https:\/\/pedrocasiano.es\/?p=14235\" data-type=\"post\" data-id=\"14235\" target=\"_blank\" rel=\"noreferrer noopener\">Hoy es un D\u00eda Gris<\/a><\/li>\n\n\n\n<li><a href=\"https:\/\/pedrocasiano.es\/?p=14240\" data-type=\"post\" data-id=\"14240\" target=\"_blank\" rel=\"noreferrer noopener\">Cartas que Escribir<\/a><\/li>\n\n\n\n<li><a href=\"https:\/\/pedrocasiano.es\/?p=14245\" data-type=\"post\" data-id=\"14245\" target=\"_blank\" rel=\"noreferrer noopener\">Yo, en mi Caminar Azaroso<\/a><\/li>\n\n\n\n<li><a href=\"https:\/\/pedrocasiano.es\/?p=14250\" data-type=\"post\" data-id=\"14250\" target=\"_blank\" rel=\"noreferrer noopener\">Amaneceres de Odio<\/a><\/li>\n\n\n\n<li><a href=\"https:\/\/pedrocasiano.es\/?p=14255\" data-type=\"post\" data-id=\"14255\" target=\"_blank\" rel=\"noreferrer noopener\">Tardes de Paseo<\/a><\/li>\n\n\n\n<li><a href=\"https:\/\/pedrocasiano.es\/?p=14260\" data-type=\"post\" data-id=\"14260\" target=\"_blank\" rel=\"noreferrer noopener\">Luz Tapiada tras la Densa Persiana<\/a><\/li>\n\n\n\n<li><a href=\"https:\/\/pedrocasiano.es\/?p=14265\" data-type=\"post\" data-id=\"14265\" target=\"_blank\" rel=\"noreferrer noopener\">Veo la Pantalla de mi Ordenador<\/a><\/li>\n\n\n\n<li><a href=\"https:\/\/pedrocasiano.es\/?p=14270\" data-type=\"post\" data-id=\"14270\" target=\"_blank\" rel=\"noreferrer noopener\">Malditos Bancos<\/a><\/li>\n\n\n\n<li><a href=\"https:\/\/pedrocasiano.es\/?p=14275\" data-type=\"post\" data-id=\"14275\" target=\"_blank\" rel=\"noreferrer noopener\">\u00bfQui\u00e9n Levantar\u00e1 la Espada?<\/a><\/li>\n\n\n\n<li><a href=\"https:\/\/pedrocasiano.es\/?p=14280\" data-type=\"post\" data-id=\"14280\" target=\"_blank\" rel=\"noreferrer noopener\">Sombras Alargadas<\/a><\/li>\n\n\n\n<li><a href=\"https:\/\/pedrocasiano.es\/?p=14285\" data-type=\"post\" data-id=\"14285\" target=\"_blank\" rel=\"noreferrer noopener\">Se Acaban los D\u00edas<\/a><\/li>\n\n\n\n<li><a href=\"https:\/\/pedrocasiano.es\/?p=14290\" data-type=\"post\" data-id=\"14290\" target=\"_blank\" rel=\"noreferrer noopener\">P\u00e1jaros Negros<\/a><\/li>\n\n\n\n<li><a href=\"https:\/\/pedrocasiano.es\/?p=14296\" data-type=\"post\" data-id=\"14296\" target=\"_blank\" rel=\"noreferrer noopener\">Pantallas Oscuras<\/a><\/li>\n<\/ul>\n\n\n\n<p><strong>Todos los Derechos Reservados<\/strong><\/p>\n\n\n\n<p class=\"has-text-align-center\"><strong>\u201cEstas novelas, publicaciones y dem\u00e1s, son obras de ficci\u00f3n. Los nombres, personajes, lugares e incidentes son producto de la imaginaci\u00f3n del autor o son utilizados de manera ficticia. Cualquier parecido con personas, vivas o muertas, o sucesos reales es pura coincidencia.\u201d<\/strong><\/p>\n<\/div><\/div>\n","protected":false},"excerpt":{"rendered":"","protected":false},"author":1,"featured_media":0,"parent":0,"menu_order":0,"comment_status":"closed","ping_status":"closed","template":"","meta":{"inspiro_hide_title":false,"footnotes":""},"class_list":["post-14322","page","type-page","status-publish","hentry"],"featured_media_urls":[],"_links":{"self":[{"href":"https:\/\/pedrocasiano.es\/index.php?rest_route=\/wp\/v2\/pages\/14322","targetHints":{"allow":["GET"]}}],"collection":[{"href":"https:\/\/pedrocasiano.es\/index.php?rest_route=\/wp\/v2\/pages"}],"about":[{"href":"https:\/\/pedrocasiano.es\/index.php?rest_route=\/wp\/v2\/types\/page"}],"author":[{"embeddable":true,"href":"https:\/\/pedrocasiano.es\/index.php?rest_route=\/wp\/v2\/users\/1"}],"replies":[{"embeddable":true,"href":"https:\/\/pedrocasiano.es\/index.php?rest_route=%2Fwp%2Fv2%2Fcomments&post=14322"}],"version-history":[{"count":7,"href":"https:\/\/pedrocasiano.es\/index.php?rest_route=\/wp\/v2\/pages\/14322\/revisions"}],"predecessor-version":[{"id":16633,"href":"https:\/\/pedrocasiano.es\/index.php?rest_route=\/wp\/v2\/pages\/14322\/revisions\/16633"}],"wp:attachment":[{"href":"https:\/\/pedrocasiano.es\/index.php?rest_route=%2Fwp%2Fv2%2Fmedia&parent=14322"}],"curies":[{"name":"wp","href":"https:\/\/api.w.org\/{rel}","templated":true}]}}