{"id":14304,"date":"2025-07-21T17:18:22","date_gmt":"2025-07-21T15:18:22","guid":{"rendered":"https:\/\/pedrocasiano.es\/?page_id=14304"},"modified":"2026-04-02T10:18:45","modified_gmt":"2026-04-02T08:18:45","slug":"oscuros-viii","status":"publish","type":"page","link":"https:\/\/pedrocasiano.es\/?page_id=14304","title":{"rendered":"Oscuros VII"},"content":{"rendered":"\n<div class=\"wp-block-cover alignfull has-custom-content-position is-position-top-left\"><img decoding=\"async\" width=\"1024\" height=\"576\" class=\"wp-block-cover__image-background wp-image-14305 size-full lazyload\" alt=\"\" data-src=\"https:\/\/pedrocasiano.es\/wp-content\/uploads\/2025\/07\/woman-8793104peque.jpg\" data-object-fit=\"cover\" src=\"data:image\/svg+xml;base64,PHN2ZyB3aWR0aD0iMSIgaGVpZ2h0PSIxIiB4bWxucz0iaHR0cDovL3d3dy53My5vcmcvMjAwMC9zdmciPjwvc3ZnPg==\" style=\"--smush-placeholder-width: 1024px; --smush-placeholder-aspect-ratio: 1024\/576;\" \/><span aria-hidden=\"true\" class=\"wp-block-cover__background has-background-dim\" style=\"background-color:#373d48\"><\/span><div class=\"wp-block-cover__inner-container has-global-padding is-layout-constrained wp-block-cover-is-layout-constrained\">\n<ul class=\"wp-block-list\">\n<li><a href=\"https:\/\/pedrocasiano.es\/?p=14101\" data-type=\"post\" data-id=\"14101\" target=\"_blank\" rel=\"noreferrer noopener\">Escribir, sin Nada que Decir<\/a><\/li>\n\n\n\n<li><a href=\"https:\/\/pedrocasiano.es\/?p=14106\" data-type=\"post\" data-id=\"14106\" target=\"_blank\" rel=\"noreferrer noopener\">Mediocre, el Mundo es Mediocre<\/a><\/li>\n\n\n\n<li><a href=\"https:\/\/pedrocasiano.es\/?p=14111\" data-type=\"post\" data-id=\"14111\" target=\"_blank\" rel=\"noreferrer noopener\">Mir\u00e9 hacia Arriba y quise Subir<\/a><\/li>\n\n\n\n<li><a href=\"https:\/\/pedrocasiano.es\/?p=14116\" data-type=\"post\" data-id=\"14116\" target=\"_blank\" rel=\"noreferrer noopener\">Recuerdos que Afloran<\/a><\/li>\n\n\n\n<li><a href=\"https:\/\/pedrocasiano.es\/?p=14121\" data-type=\"post\" data-id=\"14121\" target=\"_blank\" rel=\"noreferrer noopener\">Dejamos la Casa Grande<\/a><\/li>\n\n\n\n<li><a href=\"https:\/\/pedrocasiano.es\/?p=14126\" data-type=\"post\" data-id=\"14126\" target=\"_blank\" rel=\"noreferrer noopener\">Ritmos Olvidados<\/a><\/li>\n\n\n\n<li><a href=\"https:\/\/pedrocasiano.es\/?p=14133\" data-type=\"post\" data-id=\"14133\" target=\"_blank\" rel=\"noreferrer noopener\">Hoy, me Promet\u00ed<\/a><\/li>\n\n\n\n<li><a href=\"https:\/\/pedrocasiano.es\/?p=14138\" data-type=\"post\" data-id=\"14138\" target=\"_blank\" rel=\"noreferrer noopener\">Las Noches, Algunas Veces<\/a><\/li>\n\n\n\n<li><a href=\"https:\/\/pedrocasiano.es\/?p=14143\" data-type=\"post\" data-id=\"14143\">Noches de Pesadilla<\/a><\/li>\n\n\n\n<li><a href=\"https:\/\/pedrocasiano.es\/?p=14148\" data-type=\"post\" data-id=\"14148\" target=\"_blank\" rel=\"noreferrer noopener\">Espero el Amanecer<\/a><\/li>\n\n\n\n<li><a href=\"https:\/\/pedrocasiano.es\/?p=14174\" data-type=\"post\" data-id=\"14174\" target=\"_blank\" rel=\"noreferrer noopener\">Con este Pobre Piar<\/a><\/li>\n\n\n\n<li><a href=\"https:\/\/pedrocasiano.es\/?p=14179\" data-type=\"post\" data-id=\"14179\" target=\"_blank\" rel=\"noreferrer noopener\">Tiempos de Tempestad<\/a><\/li>\n\n\n\n<li><a href=\"https:\/\/pedrocasiano.es\/?p=14184\" data-type=\"post\" data-id=\"14184\" target=\"_blank\" rel=\"noreferrer noopener\">Amanece tras de las Ventanas<\/a><\/li>\n\n\n\n<li><a href=\"https:\/\/pedrocasiano.es\/?p=14189\" data-type=\"post\" data-id=\"14189\" target=\"_blank\" rel=\"noreferrer noopener\">El Sur se Acaba en s\u00ed Mismo<\/a><\/li>\n\n\n\n<li><a href=\"https:\/\/pedrocasiano.es\/?p=14193\" data-type=\"post\" data-id=\"14193\" target=\"_blank\" rel=\"noreferrer noopener\">Cruces de Madera<\/a><\/li>\n\n\n\n<li><a href=\"https:\/\/pedrocasiano.es\/?p=14205\" data-type=\"post\" data-id=\"14205\" target=\"_blank\" rel=\"noreferrer noopener\">Desde la Desdentada Ventana<\/a><\/li>\n\n\n\n<li><a href=\"https:\/\/pedrocasiano.es\/?p=14210\" data-type=\"post\" data-id=\"14210\" target=\"_blank\" rel=\"noreferrer noopener\">Sonidos de Aves Cantoras<\/a><\/li>\n\n\n\n<li><a href=\"https:\/\/pedrocasiano.es\/?p=14215\" data-type=\"post\" data-id=\"14215\" target=\"_blank\" rel=\"noreferrer noopener\">La Calle Estrecha<\/a><\/li>\n\n\n\n<li><a href=\"https:\/\/pedrocasiano.es\/?p=14220\" data-type=\"post\" data-id=\"14220\" target=\"_blank\" rel=\"noreferrer noopener\">Monta\u00f1as que No Puedo Ver<\/a><\/li>\n\n\n\n<li><a href=\"https:\/\/pedrocasiano.es\/?p=14225\" data-type=\"post\" data-id=\"14225\" target=\"_blank\" rel=\"noreferrer noopener\">Me Imagin\u00e9 lo Inimaginable<\/a><\/li>\n<\/ul>\n\n\n\n<p><strong>Todos los Derechos Reservados<\/strong><\/p>\n\n\n\n<p class=\"has-text-align-center\"><strong>\u201cEstas novelas, publicaciones y dem\u00e1s, son obras de ficci\u00f3n. Los nombres, personajes, lugares e incidentes son producto de la imaginaci\u00f3n del autor o son utilizados de manera ficticia. Cualquier parecido con personas, vivas o muertas, o sucesos reales es pura coincidencia.\u201d<\/strong><\/p>\n<\/div><\/div>\n","protected":false},"excerpt":{"rendered":"","protected":false},"author":1,"featured_media":0,"parent":0,"menu_order":0,"comment_status":"closed","ping_status":"closed","template":"","meta":{"inspiro_hide_title":false,"footnotes":""},"class_list":["post-14304","page","type-page","status-publish","hentry"],"featured_media_urls":[],"_links":{"self":[{"href":"https:\/\/pedrocasiano.es\/index.php?rest_route=\/wp\/v2\/pages\/14304","targetHints":{"allow":["GET"]}}],"collection":[{"href":"https:\/\/pedrocasiano.es\/index.php?rest_route=\/wp\/v2\/pages"}],"about":[{"href":"https:\/\/pedrocasiano.es\/index.php?rest_route=\/wp\/v2\/types\/page"}],"author":[{"embeddable":true,"href":"https:\/\/pedrocasiano.es\/index.php?rest_route=\/wp\/v2\/users\/1"}],"replies":[{"embeddable":true,"href":"https:\/\/pedrocasiano.es\/index.php?rest_route=%2Fwp%2Fv2%2Fcomments&post=14304"}],"version-history":[{"count":12,"href":"https:\/\/pedrocasiano.es\/index.php?rest_route=\/wp\/v2\/pages\/14304\/revisions"}],"predecessor-version":[{"id":16632,"href":"https:\/\/pedrocasiano.es\/index.php?rest_route=\/wp\/v2\/pages\/14304\/revisions\/16632"}],"wp:attachment":[{"href":"https:\/\/pedrocasiano.es\/index.php?rest_route=%2Fwp%2Fv2%2Fmedia&parent=14304"}],"curies":[{"name":"wp","href":"https:\/\/api.w.org\/{rel}","templated":true}]}}