{"id":1406,"date":"2024-02-17T08:13:50","date_gmt":"2024-02-17T08:13:50","guid":{"rendered":"https:\/\/pedrocasiano.es\/?page_id=1406"},"modified":"2026-02-27T04:02:04","modified_gmt":"2026-02-27T02:02:04","slug":"reflexiones","status":"publish","type":"page","link":"https:\/\/pedrocasiano.es\/?page_id=1406","title":{"rendered":"Reflexiones"},"content":{"rendered":"\n<div class=\"wp-block-group has-global-padding is-layout-constrained wp-block-group-is-layout-constrained\">\n<div class=\"wp-block-cover alignfull is-light has-custom-content-position is-position-top-left\" style=\"min-height:546px;aspect-ratio:unset;\"><img decoding=\"async\" width=\"1024\" height=\"683\" class=\"wp-block-cover__image-background wp-image-3553 lazyload\" alt=\"\" data-src=\"https:\/\/pedrocasiano.es\/wp-content\/uploads\/2024\/02\/ai-generated-8099859.jpg\" data-object-fit=\"cover\" src=\"data:image\/svg+xml;base64,PHN2ZyB3aWR0aD0iMSIgaGVpZ2h0PSIxIiB4bWxucz0iaHR0cDovL3d3dy53My5vcmcvMjAwMC9zdmciPjwvc3ZnPg==\" style=\"--smush-placeholder-width: 1024px; --smush-placeholder-aspect-ratio: 1024\/683;\" \/><span aria-hidden=\"true\" class=\"wp-block-cover__background has-background-dim\"><\/span><div class=\"wp-block-cover__inner-container has-global-padding is-layout-constrained wp-block-cover-is-layout-constrained\">\n<ul class=\"wp-block-list\">\n<li><a href=\"https:\/\/pedrocasiano.es\/?page_id=1379\" target=\"_blank\" rel=\"noreferrer noopener\">Reflexiones. Primera Parte<\/a><\/li>\n\n\n\n<li><a href=\"https:\/\/pedrocasiano.es\/?page_id=1527\" target=\"_blank\" rel=\"noreferrer noopener\">Reflexiones. Segunda Parte<\/a><\/li>\n\n\n\n<li><a href=\"https:\/\/pedrocasiano.es\/?page_id=1613\" target=\"_blank\" rel=\"noreferrer noopener\">Reflexiones. Tercera Parte<\/a><\/li>\n\n\n\n<li><a href=\"https:\/\/pedrocasiano.es\/?page_id=2459\" target=\"_blank\" rel=\"noreferrer noopener\">Reflexiones. Cuarta Parte<\/a><\/li>\n\n\n\n<li><a href=\"https:\/\/pedrocasiano.es\/?page_id=4520\" target=\"_blank\" rel=\"noreferrer noopener\">Reflexiones, Quinta Parte<\/a><\/li>\n\n\n\n<li><a href=\"https:\/\/pedrocasiano.es\/?page_id=4543\" data-type=\"link\" data-id=\"https:\/\/pedrocasiano.es\/?page_id=4543\" target=\"_blank\" rel=\"noreferrer noopener\">Reflexiones, Sexta Parte<\/a><\/li>\n\n\n\n<li><a href=\"https:\/\/pedrocasiano.es\/?page_id=4568\" target=\"_blank\" rel=\"noreferrer noopener\">Reflexiones. S\u00e9ptima Parte<\/a><\/li>\n\n\n\n<li><a href=\"https:\/\/pedrocasiano.es\/?page_id=6398\" target=\"_blank\" rel=\"noreferrer noopener\">Reflexiones. Octava Parte<\/a><\/li>\n\n\n\n<li><a href=\"https:\/\/pedrocasiano.es\/?page_id=15476\" data-type=\"page\" data-id=\"15476\" target=\"_blank\" rel=\"noreferrer noopener\">Reflexiones. Novena Parte<\/a><\/li>\n\n\n\n<li><a href=\"https:\/\/pedrocasiano.es\/?page_id=8008\" data-type=\"page\" data-id=\"8008\" target=\"_blank\" rel=\"noreferrer noopener\">Reflexiones. D\u00e9cima Parte<\/a><\/li>\n<\/ul>\n\n\n\n<p><strong>Todos los Derechos Reservados<\/strong><\/p>\n\n\n\n<p class=\"has-text-align-center\"><strong>\u201cEstas novelas, publicaciones y dem\u00e1s, son obras de ficci\u00f3n. Los nombres, personajes, lugares e incidentes son producto de la imaginaci\u00f3n del autor o son utilizados de manera ficticia. Cualquier parecido con personas, vivas o muertas, o sucesos reales es pura coincidencia.\u201d<\/strong><\/p>\n<\/div><\/div>\n<\/div>\n","protected":false},"excerpt":{"rendered":"","protected":false},"author":1,"featured_media":0,"parent":0,"menu_order":0,"comment_status":"closed","ping_status":"closed","template":"","meta":{"inspiro_hide_title":false,"footnotes":""},"class_list":["post-1406","page","type-page","status-publish","hentry"],"featured_media_urls":[],"_links":{"self":[{"href":"https:\/\/pedrocasiano.es\/index.php?rest_route=\/wp\/v2\/pages\/1406","targetHints":{"allow":["GET"]}}],"collection":[{"href":"https:\/\/pedrocasiano.es\/index.php?rest_route=\/wp\/v2\/pages"}],"about":[{"href":"https:\/\/pedrocasiano.es\/index.php?rest_route=\/wp\/v2\/types\/page"}],"author":[{"embeddable":true,"href":"https:\/\/pedrocasiano.es\/index.php?rest_route=\/wp\/v2\/users\/1"}],"replies":[{"embeddable":true,"href":"https:\/\/pedrocasiano.es\/index.php?rest_route=%2Fwp%2Fv2%2Fcomments&post=1406"}],"version-history":[{"count":31,"href":"https:\/\/pedrocasiano.es\/index.php?rest_route=\/wp\/v2\/pages\/1406\/revisions"}],"predecessor-version":[{"id":16516,"href":"https:\/\/pedrocasiano.es\/index.php?rest_route=\/wp\/v2\/pages\/1406\/revisions\/16516"}],"wp:attachment":[{"href":"https:\/\/pedrocasiano.es\/index.php?rest_route=%2Fwp%2Fv2%2Fmedia&parent=1406"}],"curies":[{"name":"wp","href":"https:\/\/api.w.org\/{rel}","templated":true}]}}