{"id":14003,"date":"2025-07-08T08:20:43","date_gmt":"2025-07-08T06:20:43","guid":{"rendered":"https:\/\/pedrocasiano.es\/?page_id=14003"},"modified":"2026-03-31T10:40:55","modified_gmt":"2026-03-31T08:40:55","slug":"pablo-y-rosa-quinto-bloque","status":"publish","type":"page","link":"https:\/\/pedrocasiano.es\/?page_id=14003","title":{"rendered":"Vig\u00e9simo Quinta"},"content":{"rendered":"\n<div class=\"wp-block-cover alignfull has-custom-content-position is-position-top-left\" style=\"min-height:547px;aspect-ratio:unset;\"><img decoding=\"async\" width=\"1024\" height=\"768\" class=\"wp-block-cover__image-background wp-image-14004 size-full lazyload\" alt=\"\" data-src=\"https:\/\/pedrocasiano.es\/wp-content\/uploads\/2025\/07\/ai-generated-9552457peque.jpg\" data-object-fit=\"cover\" src=\"data:image\/svg+xml;base64,PHN2ZyB3aWR0aD0iMSIgaGVpZ2h0PSIxIiB4bWxucz0iaHR0cDovL3d3dy53My5vcmcvMjAwMC9zdmciPjwvc3ZnPg==\" style=\"--smush-placeholder-width: 1024px; --smush-placeholder-aspect-ratio: 1024\/768;\" \/><span aria-hidden=\"true\" class=\"wp-block-cover__background has-background-dim\" style=\"background-color:#746761\"><\/span><div class=\"wp-block-cover__inner-container has-global-padding is-layout-constrained wp-block-cover-is-layout-constrained\">\n<ul class=\"wp-block-list\">\n<li><a href=\"https:\/\/pedrocasiano.es\/?p=14734\" data-type=\"post\" data-id=\"14734\" target=\"_blank\" rel=\"noreferrer noopener\">Amores, Amores (Rima)<\/a><\/li>\n\n\n\n<li><a href=\"https:\/\/pedrocasiano.es\/?p=14739\" data-type=\"post\" data-id=\"14739\" target=\"_blank\" rel=\"noreferrer noopener\">Tengo un Tarro de Cristal (Rima)<\/a><\/li>\n\n\n\n<li><a href=\"https:\/\/pedrocasiano.es\/?p=14744\" data-type=\"post\" data-id=\"14744\" target=\"_blank\" rel=\"noreferrer noopener\">D\u00edas sin Noches (Rima)<\/a><\/li>\n\n\n\n<li><a href=\"https:\/\/pedrocasiano.es\/?p=14749\" data-type=\"post\" data-id=\"14749\" target=\"_blank\" rel=\"noreferrer noopener\">Temores que Espantan (Rima)<\/a><\/li>\n\n\n\n<li><a href=\"https:\/\/pedrocasiano.es\/?p=14780\" data-type=\"post\" data-id=\"14780\" target=\"_blank\" rel=\"noreferrer noopener\">Lodo (Rima)<\/a><\/li>\n\n\n\n<li><a href=\"https:\/\/pedrocasiano.es\/?p=14785\" data-type=\"post\" data-id=\"14785\" target=\"_blank\" rel=\"noreferrer noopener\">Aqu\u00ed Estoy (Rima)<\/a><\/li>\n\n\n\n<li><a href=\"https:\/\/pedrocasiano.es\/?p=14790\" data-type=\"post\" data-id=\"14790\" target=\"_blank\" rel=\"noreferrer noopener\">Mil A\u00f1os Parecen haber Pasado (Rima)<\/a><\/li>\n\n\n\n<li><a href=\"https:\/\/pedrocasiano.es\/?p=14795\" data-type=\"post\" data-id=\"14795\" target=\"_blank\" rel=\"noreferrer noopener\">Escribo Mientras Espero (Rima)<\/a><\/li>\n\n\n\n<li><a href=\"https:\/\/pedrocasiano.es\/?p=11002\" data-type=\"post\" data-id=\"11002\" target=\"_blank\" rel=\"noreferrer noopener\">Barcos de Madera (Rima)<\/a><\/li>\n\n\n\n<li><a href=\"https:\/\/pedrocasiano.es\/?p=14805\" data-type=\"post\" data-id=\"14805\" target=\"_blank\" rel=\"noreferrer noopener\">Hoy he Conectado el Ventilador (Rima)<\/a><\/li>\n\n\n\n<li><a href=\"https:\/\/pedrocasiano.es\/?p=14810\" data-type=\"post\" data-id=\"14810\" target=\"_blank\" rel=\"noreferrer noopener\">La Tarde se Acaba (Rima)<\/a><\/li>\n\n\n\n<li><a href=\"https:\/\/pedrocasiano.es\/?p=14815\" data-type=\"post\" data-id=\"14815\" target=\"_blank\" rel=\"noreferrer noopener\">La Vieja Pluma (Rima)<\/a><\/li>\n\n\n\n<li><a href=\"https:\/\/pedrocasiano.es\/?p=14820\" data-type=\"post\" data-id=\"14820\" target=\"_blank\" rel=\"noreferrer noopener\">Tiempos de Dolor (Rima)<\/a><\/li>\n\n\n\n<li><a href=\"https:\/\/pedrocasiano.es\/?p=14825\" data-type=\"post\" data-id=\"14825\" target=\"_blank\" rel=\"noreferrer noopener\">La Casa Truena (Rima)<\/a><\/li>\n\n\n\n<li><a href=\"https:\/\/pedrocasiano.es\/?p=14830\" data-type=\"post\" data-id=\"14830\" target=\"_blank\" rel=\"noreferrer noopener\">Por Primera Vez en mi Vida (Rima)<\/a><\/li>\n\n\n\n<li><a href=\"https:\/\/pedrocasiano.es\/?p=14835\" data-type=\"post\" data-id=\"14835\" target=\"_blank\" rel=\"noreferrer noopener\">La Vida Cae con su Peso (Rima)<\/a><\/li>\n\n\n\n<li><a href=\"https:\/\/pedrocasiano.es\/?p=14840\" data-type=\"post\" data-id=\"14840\" target=\"_blank\" rel=\"noreferrer noopener\">Candelas, Candelas (Rima)<\/a><\/li>\n\n\n\n<li><a href=\"https:\/\/pedrocasiano.es\/?p=14845\" data-type=\"post\" data-id=\"14845\" target=\"_blank\" rel=\"noreferrer noopener\">P\u00e1jaros de Color Met\u00e1lico (Rima)<\/a><\/li>\n\n\n\n<li><a href=\"https:\/\/pedrocasiano.es\/?p=14850\" data-type=\"post\" data-id=\"14850\" target=\"_blank\" rel=\"noreferrer noopener\">Ha Ca\u00eddo la Tarde (Rima)<\/a><\/li>\n\n\n\n<li><a href=\"https:\/\/pedrocasiano.es\/?p=14995\" data-type=\"post\" data-id=\"14995\" target=\"_blank\" rel=\"noreferrer noopener\">D\u00edas de Cansancio (Rima)<\/a><\/li>\n<\/ul>\n\n\n\n<p><strong>Todos los Derechos Reservados<\/strong><\/p>\n\n\n\n<p><strong>\u201cEstas novelas, publicaciones y dem\u00e1s, son obras de ficci\u00f3n. Los nombres, personajes, lugares e incidentes son producto de la imaginaci\u00f3n del autor o son utilizados de manera ficticia. Cualquier parecido con personas, vivas o muertas, o sucesos reales es pura coincidencia.\u201d<\/strong><\/p>\n<\/div><\/div>\n\n\n\n<p><\/p>\n","protected":false},"excerpt":{"rendered":"","protected":false},"author":1,"featured_media":0,"parent":0,"menu_order":0,"comment_status":"closed","ping_status":"closed","template":"","meta":{"inspiro_hide_title":false,"footnotes":""},"class_list":["post-14003","page","type-page","status-publish","hentry"],"featured_media_urls":[],"_links":{"self":[{"href":"https:\/\/pedrocasiano.es\/index.php?rest_route=\/wp\/v2\/pages\/14003","targetHints":{"allow":["GET"]}}],"collection":[{"href":"https:\/\/pedrocasiano.es\/index.php?rest_route=\/wp\/v2\/pages"}],"about":[{"href":"https:\/\/pedrocasiano.es\/index.php?rest_route=\/wp\/v2\/types\/page"}],"author":[{"embeddable":true,"href":"https:\/\/pedrocasiano.es\/index.php?rest_route=\/wp\/v2\/users\/1"}],"replies":[{"embeddable":true,"href":"https:\/\/pedrocasiano.es\/index.php?rest_route=%2Fwp%2Fv2%2Fcomments&post=14003"}],"version-history":[{"count":29,"href":"https:\/\/pedrocasiano.es\/index.php?rest_route=\/wp\/v2\/pages\/14003\/revisions"}],"predecessor-version":[{"id":16467,"href":"https:\/\/pedrocasiano.es\/index.php?rest_route=\/wp\/v2\/pages\/14003\/revisions\/16467"}],"wp:attachment":[{"href":"https:\/\/pedrocasiano.es\/index.php?rest_route=%2Fwp%2Fv2%2Fmedia&parent=14003"}],"curies":[{"name":"wp","href":"https:\/\/api.w.org\/{rel}","templated":true}]}}