{"id":1379,"date":"2024-02-17T08:12:49","date_gmt":"2024-02-17T08:12:49","guid":{"rendered":"https:\/\/pedrocasiano.es\/?page_id=1379"},"modified":"2026-03-31T11:23:23","modified_gmt":"2026-03-31T09:23:23","slug":"reflexiones-primera-parte","status":"publish","type":"page","link":"https:\/\/pedrocasiano.es\/?page_id=1379","title":{"rendered":"Reflexiones. Primera Parte"},"content":{"rendered":"\n<div class=\"wp-block-cover alignfull is-light\" style=\"min-height:574px;aspect-ratio:unset;\"><img decoding=\"async\" width=\"1024\" height=\"683\" class=\"wp-block-cover__image-background wp-image-3555 lazyload\" alt=\"\" data-src=\"https:\/\/pedrocasiano.es\/wp-content\/uploads\/2024\/02\/ai-generated-8121067.jpg\" data-object-fit=\"cover\" src=\"data:image\/svg+xml;base64,PHN2ZyB3aWR0aD0iMSIgaGVpZ2h0PSIxIiB4bWxucz0iaHR0cDovL3d3dy53My5vcmcvMjAwMC9zdmciPjwvc3ZnPg==\" style=\"--smush-placeholder-width: 1024px; --smush-placeholder-aspect-ratio: 1024\/683;\" \/><span aria-hidden=\"true\" class=\"wp-block-cover__background has-background-dim\"><\/span><div class=\"wp-block-cover__inner-container has-global-padding is-layout-constrained wp-block-cover-is-layout-constrained\">\n<ul class=\"wp-block-list\">\n<li><a href=\"https:\/\/pedrocasiano.es\/?p=1410\" target=\"_blank\" rel=\"noreferrer noopener\">El Balar de las Ovejas<\/a><\/li>\n\n\n\n<li><a href=\"https:\/\/pedrocasiano.es\/?p=1412\" target=\"_blank\" rel=\"noreferrer noopener\">\u00bfFeliz A\u00f1o Nuevo?<\/a><\/li>\n\n\n\n<li><a href=\"https:\/\/pedrocasiano.es\/?p=1415\" target=\"_blank\" rel=\"noreferrer noopener\">Hoy Estoy Tranquilo<\/a><\/li>\n\n\n\n<li><a href=\"https:\/\/pedrocasiano.es\/?p=1423\" target=\"_blank\" rel=\"noreferrer noopener\">Desde la Atalaya<\/a><\/li>\n\n\n\n<li><a href=\"https:\/\/pedrocasiano.es\/?p=1427\" target=\"_blank\" rel=\"noreferrer noopener\">Reflexiones Tristes<\/a><\/li>\n\n\n\n<li><a href=\"https:\/\/pedrocasiano.es\/?p=1430\" target=\"_blank\" rel=\"noreferrer noopener\">A\u00fan Escribiendo<\/a><\/li>\n\n\n\n<li><a href=\"https:\/\/pedrocasiano.es\/?p=1434\" target=\"_blank\" rel=\"noreferrer noopener\">Est\u00e1 Volviendo el Fr\u00edo<\/a><\/li>\n\n\n\n<li><a href=\"https:\/\/pedrocasiano.es\/?p=1438\" target=\"_blank\" rel=\"noreferrer noopener\">Los Viejos. Que puta es la vida del viejo<\/a><\/li>\n\n\n\n<li><a href=\"https:\/\/pedrocasiano.es\/?p=1442\" target=\"_blank\" rel=\"noreferrer noopener\">Los Viejos. Eso de ser un puto viejo<\/a><\/li>\n\n\n\n<li><a href=\"https:\/\/pedrocasiano.es\/?p=1445\" target=\"_blank\" rel=\"noreferrer noopener\">Los Viejos. La Tercera de Viejos<\/a><\/li>\n\n\n\n<li><a href=\"https:\/\/pedrocasiano.es\/?p=1448\">Los Viejos.<\/a><a href=\"https:\/\/pedrocasiano.es\/?p=1448\" target=\"_blank\" rel=\"noreferrer noopener\"> <\/a><a href=\"https:\/\/pedrocasiano.es\/?p=1448\">La Cuarta de Viejos<\/a><\/li>\n\n\n\n<li><a href=\"https:\/\/pedrocasiano.es\/?p=1459\" target=\"_blank\" rel=\"noreferrer noopener\">Hoy de Nuevo\u2026 <\/a><\/li>\n\n\n\n<li><a href=\"https:\/\/pedrocasiano.es\/?page_id=1532\" target=\"_blank\" rel=\"noreferrer noopener\">Vuelven los Tiempos Oscuros<\/a><\/li>\n\n\n\n<li><a href=\"https:\/\/pedrocasiano.es\/?page_id=1536\">Se Acaba la Semana S<\/a><a href=\"https:\/\/pedrocasiano.es\/?page_id=1536\" target=\"_blank\" rel=\"noreferrer noopener\">anta<\/a><\/li>\n\n\n\n<li><a href=\"https:\/\/pedrocasiano.es\/?page_id=1548\" target=\"_blank\" rel=\"noreferrer noopener\">Otra vez Aqu\u00ed\u2026<\/a><\/li>\n\n\n\n<li><a href=\"https:\/\/pedrocasiano.es\/?page_id=1553\" target=\"_blank\" rel=\"noreferrer noopener\">De nuevo Aqu\u00ed\u2026<\/a><\/li>\n\n\n\n<li><a href=\"https:\/\/pedrocasiano.es\/?page_id=1561\" target=\"_blank\" rel=\"noreferrer noopener\">Hoy no es Domingo<\/a><\/li>\n\n\n\n<li><a href=\"https:\/\/pedrocasiano.es\/?page_id=1565\" target=\"_blank\" rel=\"noreferrer noopener\">Hoy es la Tarde<\/a><\/li>\n\n\n\n<li><a href=\"https:\/\/pedrocasiano.es\/?page_id=1569\" target=\"_blank\" rel=\"noreferrer noopener\">Antinoticias<\/a><\/li>\n\n\n\n<li><a href=\"https:\/\/pedrocasiano.es\/?page_id=1573\" target=\"_blank\" rel=\"noreferrer noopener\">Antinoticias 2<\/a><\/li>\n\n\n\n<li><a href=\"https:\/\/pedrocasiano.es\/?page_id=1577\" target=\"_blank\" rel=\"noreferrer noopener\">Antinoticias 3<\/a><\/li>\n\n\n\n<li><a href=\"https:\/\/pedrocasiano.es\/?page_id=1581\">Antinoti<\/a><a href=\"https:\/\/pedrocasiano.es\/?page_id=1581\" target=\"_blank\" rel=\"noreferrer noopener\">cias 4<\/a><\/li>\n\n\n\n<li><a href=\"https:\/\/pedrocasiano.es\/?page_id=1585\" target=\"_blank\" rel=\"noreferrer noopener\">Antinoticias 5<\/a><\/li>\n\n\n\n<li><a href=\"https:\/\/pedrocasiano.es\/?page_id=1589\" target=\"_blank\" rel=\"noreferrer noopener\">Antinoticias 6<\/a><\/li>\n<\/ul>\n\n\n\n<p><strong>Todos los Derechos Reservados<\/strong><\/p>\n\n\n\n<p><strong>\u201cEstas novelas, publicaciones y dem\u00e1s, son obras de ficci\u00f3n. Los nombres, personajes, lugares e incidentes son producto de la imaginaci\u00f3n del autor o son utilizados de manera ficticia. Cualquier parecido con personas, vivas o muertas, o sucesos reales es pura coincidencia.\u201d<\/strong><\/p>\n<\/div><\/div>\n","protected":false},"excerpt":{"rendered":"","protected":false},"author":1,"featured_media":0,"parent":0,"menu_order":0,"comment_status":"closed","ping_status":"closed","template":"","meta":{"inspiro_hide_title":false,"footnotes":""},"class_list":["post-1379","page","type-page","status-publish","hentry"],"featured_media_urls":[],"_links":{"self":[{"href":"https:\/\/pedrocasiano.es\/index.php?rest_route=\/wp\/v2\/pages\/1379","targetHints":{"allow":["GET"]}}],"collection":[{"href":"https:\/\/pedrocasiano.es\/index.php?rest_route=\/wp\/v2\/pages"}],"about":[{"href":"https:\/\/pedrocasiano.es\/index.php?rest_route=\/wp\/v2\/types\/page"}],"author":[{"embeddable":true,"href":"https:\/\/pedrocasiano.es\/index.php?rest_route=\/wp\/v2\/users\/1"}],"replies":[{"embeddable":true,"href":"https:\/\/pedrocasiano.es\/index.php?rest_route=%2Fwp%2Fv2%2Fcomments&post=1379"}],"version-history":[{"count":15,"href":"https:\/\/pedrocasiano.es\/index.php?rest_route=\/wp\/v2\/pages\/1379\/revisions"}],"predecessor-version":[{"id":16517,"href":"https:\/\/pedrocasiano.es\/index.php?rest_route=\/wp\/v2\/pages\/1379\/revisions\/16517"}],"wp:attachment":[{"href":"https:\/\/pedrocasiano.es\/index.php?rest_route=%2Fwp%2Fv2%2Fmedia&parent=1379"}],"curies":[{"name":"wp","href":"https:\/\/api.w.org\/{rel}","templated":true}]}}