{"id":13768,"date":"2025-05-29T08:24:25","date_gmt":"2025-05-29T06:24:25","guid":{"rendered":"https:\/\/pedrocasiano.es\/?page_id=13768"},"modified":"2026-03-31T11:02:22","modified_gmt":"2026-03-31T09:02:22","slug":"pablo-y-rosa-tercer-bloque","status":"publish","type":"page","link":"https:\/\/pedrocasiano.es\/?page_id=13768","title":{"rendered":"Sensaciones IV"},"content":{"rendered":"\n<div class=\"wp-block-cover alignfull has-custom-content-position is-position-top-left\" style=\"min-height:867px;aspect-ratio:unset;\"><img decoding=\"async\" width=\"1024\" height=\"643\" class=\"wp-block-cover__image-background wp-image-13769 size-full lazyload\" alt=\"\" data-src=\"https:\/\/pedrocasiano.es\/wp-content\/uploads\/2025\/05\/ai-generated-9513215peque-1-rotated.jpg\" data-object-fit=\"cover\" src=\"data:image\/svg+xml;base64,PHN2ZyB3aWR0aD0iMSIgaGVpZ2h0PSIxIiB4bWxucz0iaHR0cDovL3d3dy53My5vcmcvMjAwMC9zdmciPjwvc3ZnPg==\" style=\"--smush-placeholder-width: 1024px; --smush-placeholder-aspect-ratio: 1024\/643;\" \/><span aria-hidden=\"true\" class=\"wp-block-cover__background has-background-dim\" style=\"background-color:#837362\"><\/span><div class=\"wp-block-cover__inner-container has-global-padding is-layout-constrained wp-block-cover-is-layout-constrained\">\n<ul class=\"wp-block-list\">\n<li><a href=\"https:\/\/pedrocasiano.es\/?p=15876\" data-type=\"post\" data-id=\"15876\" target=\"_blank\" rel=\"noreferrer noopener\">El Sol, Amaneci\u00f3<\/a><\/li>\n\n\n\n<li><a href=\"https:\/\/pedrocasiano.es\/?p=15881\" data-type=\"post\" data-id=\"15881\" target=\"_blank\" rel=\"noreferrer noopener\">El Tiempo que Todo lo Pudre<\/a><\/li>\n\n\n\n<li><a href=\"https:\/\/pedrocasiano.es\/?p=15886\" data-type=\"post\" data-id=\"15886\" target=\"_blank\" rel=\"noreferrer noopener\">Caminos que no Llevan a Ninguna Parte<\/a><\/li>\n\n\n\n<li><a href=\"https:\/\/pedrocasiano.es\/?p=15891\" data-type=\"post\" data-id=\"15891\" target=\"_blank\" rel=\"noreferrer noopener\">El Azul Intenso que Sale de mi Pluma<\/a><\/li>\n\n\n\n<li><a href=\"https:\/\/pedrocasiano.es\/?p=15896\" data-type=\"post\" data-id=\"15896\" target=\"_blank\" rel=\"noreferrer noopener\">Cuando los Corazones Orgullosos<\/a><\/li>\n\n\n\n<li><a href=\"https:\/\/pedrocasiano.es\/?p=15935\" data-type=\"post\" data-id=\"15935\" target=\"_blank\" rel=\"noreferrer noopener\">Mi Cabeza ya no Canta<\/a><\/li>\n\n\n\n<li><a href=\"https:\/\/pedrocasiano.es\/?p=15940\" data-type=\"post\" data-id=\"15940\" target=\"_blank\" rel=\"noreferrer noopener\">Luces de Colores Ciegan mis Ojos<\/a><\/li>\n\n\n\n<li><a href=\"https:\/\/pedrocasiano.es\/?p=15945\" data-type=\"post\" data-id=\"15945\" target=\"_blank\" rel=\"noreferrer noopener\">Nada se Mueve<\/a><\/li>\n\n\n\n<li><a href=\"https:\/\/pedrocasiano.es\/?p=15950\" data-type=\"post\" data-id=\"15950\" target=\"_blank\" rel=\"noreferrer noopener\">D\u00edas Torvos<\/a><\/li>\n\n\n\n<li><a href=\"https:\/\/pedrocasiano.es\/?p=15956\" data-type=\"post\" data-id=\"15956\" target=\"_blank\" rel=\"noreferrer noopener\">A\u00fan es de Noche<\/a><\/li>\n\n\n\n<li><a href=\"https:\/\/pedrocasiano.es\/?p=15961\" data-type=\"post\" data-id=\"15961\" target=\"_blank\" rel=\"noreferrer noopener\">El D\u00eda a\u00fan no Naci\u00f3<\/a><\/li>\n\n\n\n<li><a href=\"https:\/\/pedrocasiano.es\/?p=15966\" data-type=\"post\" data-id=\"15966\" target=\"_blank\" rel=\"noreferrer noopener\">Hoy, Buscando sin Buscar<\/a><\/li>\n\n\n\n<li><a href=\"https:\/\/pedrocasiano.es\/?p=15971\" data-type=\"post\" data-id=\"15971\" target=\"_blank\" rel=\"noreferrer noopener\">Playas que no Ves<\/a><\/li>\n\n\n\n<li><a href=\"https:\/\/pedrocasiano.es\/?p=16044\" data-type=\"post\" data-id=\"16044\" target=\"_blank\" rel=\"noreferrer noopener\">En la Ma\u00f1ana<\/a><\/li>\n\n\n\n<li><a href=\"https:\/\/pedrocasiano.es\/?p=16049\" data-type=\"post\" data-id=\"16049\" target=\"_blank\" rel=\"noreferrer noopener\">Cantos que Cantar<\/a><\/li>\n\n\n\n<li><a href=\"https:\/\/pedrocasiano.es\/?p=16054\" data-type=\"post\" data-id=\"16054\" target=\"_blank\" rel=\"noreferrer noopener\">Sue\u00f1an los \u00c1ngeles y los Demonios<\/a><\/li>\n\n\n\n<li><a href=\"https:\/\/pedrocasiano.es\/?p=16059\" data-type=\"post\" data-id=\"16059\" target=\"_blank\" rel=\"noreferrer noopener\">Canciones que Cantar<\/a><\/li>\n\n\n\n<li><a href=\"https:\/\/pedrocasiano.es\/?p=16064\" data-type=\"post\" data-id=\"16064\" target=\"_blank\" rel=\"noreferrer noopener\">El Olor de la Tormenta<\/a><\/li>\n\n\n\n<li><a href=\"https:\/\/pedrocasiano.es\/?p=16069\" data-type=\"post\" data-id=\"16069\" target=\"_blank\" rel=\"noreferrer noopener\">Noches de Puro Viento Cargadas<\/a><\/li>\n\n\n\n<li><a href=\"https:\/\/pedrocasiano.es\/?p=16074\" data-type=\"post\" data-id=\"16074\" target=\"_blank\" rel=\"noreferrer noopener\">Casas de Papel que lleva el Viento<\/a><\/li>\n<\/ul>\n<\/div><\/div>\n\n\n\n<p><\/p>\n","protected":false},"excerpt":{"rendered":"","protected":false},"author":1,"featured_media":0,"parent":0,"menu_order":0,"comment_status":"closed","ping_status":"closed","template":"","meta":{"inspiro_hide_title":false,"footnotes":""},"class_list":["post-13768","page","type-page","status-publish","hentry"],"featured_media_urls":[],"_links":{"self":[{"href":"https:\/\/pedrocasiano.es\/index.php?rest_route=\/wp\/v2\/pages\/13768","targetHints":{"allow":["GET"]}}],"collection":[{"href":"https:\/\/pedrocasiano.es\/index.php?rest_route=\/wp\/v2\/pages"}],"about":[{"href":"https:\/\/pedrocasiano.es\/index.php?rest_route=\/wp\/v2\/types\/page"}],"author":[{"embeddable":true,"href":"https:\/\/pedrocasiano.es\/index.php?rest_route=\/wp\/v2\/users\/1"}],"replies":[{"embeddable":true,"href":"https:\/\/pedrocasiano.es\/index.php?rest_route=%2Fwp%2Fv2%2Fcomments&post=13768"}],"version-history":[{"count":30,"href":"https:\/\/pedrocasiano.es\/index.php?rest_route=\/wp\/v2\/pages\/13768\/revisions"}],"predecessor-version":[{"id":16503,"href":"https:\/\/pedrocasiano.es\/index.php?rest_route=\/wp\/v2\/pages\/13768\/revisions\/16503"}],"wp:attachment":[{"href":"https:\/\/pedrocasiano.es\/index.php?rest_route=%2Fwp%2Fv2%2Fmedia&parent=13768"}],"curies":[{"name":"wp","href":"https:\/\/api.w.org\/{rel}","templated":true}]}}