{"id":13688,"date":"2025-05-12T16:30:18","date_gmt":"2025-05-12T14:30:18","guid":{"rendered":"https:\/\/pedrocasiano.es\/?page_id=13688"},"modified":"2026-03-31T10:43:25","modified_gmt":"2026-03-31T08:43:25","slug":"pablo-y-rosa-segundo-bloque","status":"publish","type":"page","link":"https:\/\/pedrocasiano.es\/?page_id=13688","title":{"rendered":"Trig\u00e9simo Primera"},"content":{"rendered":"\n<div class=\"wp-block-cover alignfull has-custom-content-position is-position-top-left\" style=\"min-height:1078px;aspect-ratio:unset;\"><img decoding=\"async\" width=\"768\" height=\"768\" class=\"wp-block-cover__image-background wp-image-13689 size-full lazyload\" alt=\"\" data-src=\"https:\/\/pedrocasiano.es\/wp-content\/uploads\/2025\/05\/ai-generated-9513213.jpg\" data-object-fit=\"cover\" data-srcset=\"https:\/\/pedrocasiano.es\/wp-content\/uploads\/2025\/05\/ai-generated-9513213.jpg 768w, https:\/\/pedrocasiano.es\/wp-content\/uploads\/2025\/05\/ai-generated-9513213-300x300.jpg 300w, https:\/\/pedrocasiano.es\/wp-content\/uploads\/2025\/05\/ai-generated-9513213-150x150.jpg 150w\" data-sizes=\"(max-width: 768px) 100vw, 768px\" src=\"data:image\/svg+xml;base64,PHN2ZyB3aWR0aD0iMSIgaGVpZ2h0PSIxIiB4bWxucz0iaHR0cDovL3d3dy53My5vcmcvMjAwMC9zdmciPjwvc3ZnPg==\" style=\"--smush-placeholder-width: 768px; --smush-placeholder-aspect-ratio: 768\/768;\" \/><span aria-hidden=\"true\" class=\"wp-block-cover__background has-background-dim\" style=\"background-color:#61564c\"><\/span><div class=\"wp-block-cover__inner-container has-global-padding is-layout-constrained wp-block-cover-is-layout-constrained\">\n<ul class=\"wp-block-list\">\n<li><a href=\"https:\/\/pedrocasiano.es\/?p=15936\" data-type=\"post\" data-id=\"15936\" target=\"_blank\" rel=\"noreferrer noopener\">Mi Cabeza ya no Canta (Rima)<\/a><\/li>\n\n\n\n<li><a href=\"https:\/\/pedrocasiano.es\/?p=15941\" data-type=\"post\" data-id=\"15941\" target=\"_blank\" rel=\"noreferrer noopener\">Luces de Colores Ciegan mis Ojos (Rima)<\/a><\/li>\n\n\n\n<li><a href=\"https:\/\/pedrocasiano.es\/?p=15946\" data-type=\"post\" data-id=\"15946\" target=\"_blank\" rel=\"noreferrer noopener\">Nada se Mueve (Rima)<\/a><\/li>\n\n\n\n<li><a href=\"https:\/\/pedrocasiano.es\/?p=15951\" data-type=\"post\" data-id=\"15951\" target=\"_blank\" rel=\"noreferrer noopener\">D\u00edas Torvos (Rima)<\/a><\/li>\n\n\n\n<li><a href=\"https:\/\/pedrocasiano.es\/?p=15957\" data-type=\"post\" data-id=\"15957\" target=\"_blank\" rel=\"noreferrer noopener\">A\u00fan es de Noche (Rima)<\/a><\/li>\n\n\n\n<li><a href=\"https:\/\/pedrocasiano.es\/?p=15962\" data-type=\"post\" data-id=\"15962\">El D\u00eda a\u00fan no Naci\u00f3 (Rima)<\/a><\/li>\n\n\n\n<li><a href=\"https:\/\/pedrocasiano.es\/?p=15967\" data-type=\"post\" data-id=\"15967\" target=\"_blank\" rel=\"noreferrer noopener\">Hoy, Buscando sin Buscar (Rima)<\/a><\/li>\n\n\n\n<li><a href=\"https:\/\/pedrocasiano.es\/?p=15972\" data-type=\"post\" data-id=\"15972\" target=\"_blank\" rel=\"noreferrer noopener\">Playas que no Ves (Rima)<\/a><\/li>\n\n\n\n<li><a href=\"https:\/\/pedrocasiano.es\/?p=16045\" data-type=\"post\" data-id=\"16045\" target=\"_blank\" rel=\"noreferrer noopener\">En la Ma\u00f1ana (Rima)<\/a><\/li>\n\n\n\n<li><a href=\"https:\/\/pedrocasiano.es\/?p=16050\" data-type=\"post\" data-id=\"16050\" target=\"_blank\" rel=\"noreferrer noopener\">Cantos que Cantar (Rima)<\/a><\/li>\n\n\n\n<li><a href=\"https:\/\/pedrocasiano.es\/?p=16055\" data-type=\"post\" data-id=\"16055\" target=\"_blank\" rel=\"noreferrer noopener\">Sue\u00f1an los \u00c1ngeles y los Demonios (Rima)<\/a><\/li>\n\n\n\n<li><a href=\"https:\/\/pedrocasiano.es\/?p=16060\" data-type=\"post\" data-id=\"16060\" target=\"_blank\" rel=\"noreferrer noopener\">Canciones que Cantar (Rima)<\/a><\/li>\n\n\n\n<li><a href=\"https:\/\/pedrocasiano.es\/?p=16065\" data-type=\"post\" data-id=\"16065\" target=\"_blank\" rel=\"noreferrer noopener\">El Olor de la Tormenta (Rima)<\/a><\/li>\n\n\n\n<li><a href=\"https:\/\/pedrocasiano.es\/?p=16070\" data-type=\"post\" data-id=\"16070\" target=\"_blank\" rel=\"noreferrer noopener\">Noches de Puro Viento Cargadas (Rima)<\/a><\/li>\n\n\n\n<li><a href=\"https:\/\/pedrocasiano.es\/?p=16075\" data-type=\"post\" data-id=\"16075\" target=\"_blank\" rel=\"noreferrer noopener\">Casas de Papel que lleva el Viento (Rima)<\/a><\/li>\n\n\n\n<li><a href=\"https:\/\/pedrocasiano.es\/?p=16080\" data-type=\"post\" data-id=\"16080\" target=\"_blank\" rel=\"noreferrer noopener\">La Alegr\u00eda de Vivir se Marcha (Rima)<\/a><\/li>\n\n\n\n<li><a href=\"https:\/\/pedrocasiano.es\/?p=16085\" data-type=\"post\" data-id=\"16085\" target=\"_blank\" rel=\"noreferrer noopener\">El D\u00eda se acaba ya (Rima)<\/a><\/li>\n\n\n\n<li><a href=\"https:\/\/pedrocasiano.es\/?p=16104\" data-type=\"post\" data-id=\"16104\" target=\"_blank\" rel=\"noreferrer noopener\">Canciones de Tiempos Perdidos (Rima)<\/a><\/li>\n\n\n\n<li><a href=\"https:\/\/pedrocasiano.es\/?p=16109\" data-type=\"post\" data-id=\"16109\" target=\"_blank\" rel=\"noreferrer noopener\">Mil Kil\u00f3metros sin Avanzar (Rima)<\/a><\/li>\n\n\n\n<li><a href=\"https:\/\/pedrocasiano.es\/?p=16115\" data-type=\"post\" data-id=\"16115\" target=\"_blank\" rel=\"noreferrer noopener\">Caminos de Tierra Oscura (Rima)<\/a><\/li>\n<\/ul>\n\n\n\n<p>Todos los Derechos Reservados<\/p>\n\n\n\n<p><strong>\u201cEstas novelas, publicaciones y dem\u00e1s, son obras de ficci\u00f3n. Los nombres, personajes, lugares e incidentes son producto de la imaginaci\u00f3n del autor o son utilizados de manera ficticia. Cualquier parecido con personas, vivas o muertas, o sucesos reales es pura coincidencia.\u201d<\/strong><\/p>\n<\/div><\/div>\n\n\n\n<p><\/p>\n","protected":false},"excerpt":{"rendered":"","protected":false},"author":1,"featured_media":0,"parent":0,"menu_order":0,"comment_status":"closed","ping_status":"closed","template":"","meta":{"inspiro_hide_title":false,"footnotes":""},"class_list":["post-13688","page","type-page","status-publish","hentry"],"featured_media_urls":[],"_links":{"self":[{"href":"https:\/\/pedrocasiano.es\/index.php?rest_route=\/wp\/v2\/pages\/13688","targetHints":{"allow":["GET"]}}],"collection":[{"href":"https:\/\/pedrocasiano.es\/index.php?rest_route=\/wp\/v2\/pages"}],"about":[{"href":"https:\/\/pedrocasiano.es\/index.php?rest_route=\/wp\/v2\/types\/page"}],"author":[{"embeddable":true,"href":"https:\/\/pedrocasiano.es\/index.php?rest_route=\/wp\/v2\/users\/1"}],"replies":[{"embeddable":true,"href":"https:\/\/pedrocasiano.es\/index.php?rest_route=%2Fwp%2Fv2%2Fcomments&post=13688"}],"version-history":[{"count":27,"href":"https:\/\/pedrocasiano.es\/index.php?rest_route=\/wp\/v2\/pages\/13688\/revisions"}],"predecessor-version":[{"id":16473,"href":"https:\/\/pedrocasiano.es\/index.php?rest_route=\/wp\/v2\/pages\/13688\/revisions\/16473"}],"wp:attachment":[{"href":"https:\/\/pedrocasiano.es\/index.php?rest_route=%2Fwp%2Fv2%2Fmedia&parent=13688"}],"curies":[{"name":"wp","href":"https:\/\/api.w.org\/{rel}","templated":true}]}}