{"id":13604,"date":"2025-04-30T07:00:56","date_gmt":"2025-04-30T07:00:56","guid":{"rendered":"https:\/\/pedrocasiano.es\/?page_id=13604"},"modified":"2026-03-31T10:39:00","modified_gmt":"2026-03-31T08:39:00","slug":"vigesimo-primera","status":"publish","type":"page","link":"https:\/\/pedrocasiano.es\/?page_id=13604","title":{"rendered":"Vig\u00e9sima"},"content":{"rendered":"\n<div class=\"wp-block-cover alignfull has-custom-content-position is-position-top-left\"><img decoding=\"async\" width=\"1024\" height=\"683\" class=\"wp-block-cover__image-background wp-image-13605 size-full lazyload\" alt=\"\" data-src=\"https:\/\/pedrocasiano.es\/wp-content\/uploads\/2025\/04\/ai-generated-9534712peque.jpg\" data-object-fit=\"cover\" data-srcset=\"https:\/\/pedrocasiano.es\/wp-content\/uploads\/2025\/04\/ai-generated-9534712peque.jpg 1024w, https:\/\/pedrocasiano.es\/wp-content\/uploads\/2025\/04\/ai-generated-9534712peque-600x400.jpg 600w\" data-sizes=\"(max-width: 1024px) 100vw, 1024px\" src=\"data:image\/svg+xml;base64,PHN2ZyB3aWR0aD0iMSIgaGVpZ2h0PSIxIiB4bWxucz0iaHR0cDovL3d3dy53My5vcmcvMjAwMC9zdmciPjwvc3ZnPg==\" style=\"--smush-placeholder-width: 1024px; --smush-placeholder-aspect-ratio: 1024\/683;\" \/><span aria-hidden=\"true\" class=\"wp-block-cover__background has-background-dim\" style=\"background-color:#89735c\"><\/span><div class=\"wp-block-cover__inner-container has-global-padding is-layout-constrained wp-block-cover-is-layout-constrained\">\n<ul class=\"wp-block-list\">\n<li><a href=\"https:\/\/pedrocasiano.es\/?p=13443\" data-type=\"post\" data-id=\"13443\" target=\"_blank\" rel=\"noreferrer noopener\">Humo de Vaper (Rima)<\/a><\/li>\n\n\n\n<li><a href=\"https:\/\/pedrocasiano.es\/?p=13448\" data-type=\"post\" data-id=\"13448\">Tras de la Ventana (Rima)<\/a><\/li>\n\n\n\n<li><a href=\"https:\/\/pedrocasiano.es\/?p=13453\" data-type=\"post\" data-id=\"13453\" target=\"_blank\" rel=\"noreferrer noopener\">Las Rosas (Rima)<\/a><\/li>\n\n\n\n<li><a href=\"https:\/\/pedrocasiano.es\/?p=13458\" data-type=\"post\" data-id=\"13458\" target=\"_blank\" rel=\"noreferrer noopener\">Tengo tanta Tinta que no Gastar\u00e9 (Rima)<\/a><\/li>\n\n\n\n<li><a href=\"https:\/\/pedrocasiano.es\/?p=14074\" data-type=\"post\" data-id=\"14074\" target=\"_blank\" rel=\"noreferrer noopener\">Sonidos Extra\u00f1os (Rima)<\/a><\/li>\n\n\n\n<li><a href=\"https:\/\/pedrocasiano.es\/?p=14079\" data-type=\"post\" data-id=\"14079\" target=\"_blank\" rel=\"noreferrer noopener\">Sigo Escribiendo (Rima)<\/a><\/li>\n\n\n\n<li><a href=\"https:\/\/pedrocasiano.es\/?p=14084\" data-type=\"post\" data-id=\"14084\" target=\"_blank\" rel=\"noreferrer noopener\">Escribo de Pareceres (Rima)<\/a><\/li>\n\n\n\n<li><a href=\"https:\/\/pedrocasiano.es\/?p=14089\" data-type=\"post\" data-id=\"14089\" target=\"_blank\" rel=\"noreferrer noopener\">Veo Tantas Cosas Cerca (Rima)<\/a><\/li>\n\n\n\n<li><a href=\"https:\/\/pedrocasiano.es\/?p=14094\" data-type=\"post\" data-id=\"14094\">Llevo Tiempo sin Escribir (Rima)<\/a><\/li>\n\n\n\n<li><a href=\"https:\/\/pedrocasiano.es\/?p=14098\" data-type=\"post\" data-id=\"14098\" target=\"_blank\" rel=\"noreferrer noopener\">Los D\u00edas, cada Vez m\u00e1s Largos (Rima)<\/a><\/li>\n\n\n\n<li><a href=\"https:\/\/pedrocasiano.es\/?p=14103\" data-type=\"post\" data-id=\"14103\" target=\"_blank\" rel=\"noreferrer noopener\">Escribir, sin Nada que Decir (Rima)<\/a><\/li>\n\n\n\n<li><a href=\"https:\/\/pedrocasiano.es\/?p=14108\" data-type=\"post\" data-id=\"14108\" target=\"_blank\" rel=\"noreferrer noopener\">Mediocre, el Mundo es Mediocre (Rima)<\/a><\/li>\n\n\n\n<li><a href=\"https:\/\/pedrocasiano.es\/?p=14113\" data-type=\"post\" data-id=\"14113\" target=\"_blank\" rel=\"noreferrer noopener\">Mir\u00e9 hacia Arriba y quise Subir (Rima)<\/a><\/li>\n\n\n\n<li><a href=\"https:\/\/pedrocasiano.es\/?p=14118\" data-type=\"post\" data-id=\"14118\" target=\"_blank\" rel=\"noreferrer noopener\">Recuerdos que Afloran (Rima)<\/a><\/li>\n\n\n\n<li><a href=\"https:\/\/pedrocasiano.es\/?p=14123\" data-type=\"post\" data-id=\"14123\" target=\"_blank\" rel=\"noreferrer noopener\">Dejamos la Casa Grande (Rima)<\/a><\/li>\n\n\n\n<li><a href=\"https:\/\/pedrocasiano.es\/?p=14128\" data-type=\"post\" data-id=\"14128\" target=\"_blank\" rel=\"noreferrer noopener\">Ritmos Olvidados (Rima)<\/a><\/li>\n\n\n\n<li><a href=\"https:\/\/pedrocasiano.es\/?p=14140\" data-type=\"post\" data-id=\"14140\" target=\"_blank\" rel=\"noreferrer noopener\">Las Noches, Algunas Veces (Rima)<\/a><\/li>\n\n\n\n<li><a href=\"https:\/\/pedrocasiano.es\/?p=14145\" data-type=\"post\" data-id=\"14145\" target=\"_blank\" rel=\"noreferrer noopener\">Noches de Pesadilla (Rima)<\/a><\/li>\n\n\n\n<li><a href=\"https:\/\/pedrocasiano.es\/?p=14150\" data-type=\"post\" data-id=\"14150\" target=\"_blank\" rel=\"noreferrer noopener\">Espero el Amanecer (Rima)<\/a><\/li>\n\n\n\n<li><a href=\"https:\/\/pedrocasiano.es\/?p=14176\" data-type=\"post\" data-id=\"14176\" target=\"_blank\" rel=\"noreferrer noopener\">Con este Pobre Piar (Rima)<\/a><\/li>\n<\/ul>\n\n\n\n<p><strong>Todos los Derechos Reservados<\/strong><\/p>\n\n\n\n<p><strong>\u201cEstas novelas, publicaciones y dem\u00e1s, son obras de ficci\u00f3n. Los nombres, personajes, lugares e incidentes son producto de la imaginaci\u00f3n del autor o son utilizados de manera ficticia. Cualquier parecido con personas, vivas o muertas, o sucesos reales es pura coincidencia.\u201d<\/strong><\/p>\n<\/div><\/div>\n","protected":false},"excerpt":{"rendered":"","protected":false},"author":1,"featured_media":0,"parent":0,"menu_order":0,"comment_status":"closed","ping_status":"closed","template":"","meta":{"inspiro_hide_title":false,"footnotes":""},"class_list":["post-13604","page","type-page","status-publish","hentry"],"featured_media_urls":[],"_links":{"self":[{"href":"https:\/\/pedrocasiano.es\/index.php?rest_route=\/wp\/v2\/pages\/13604","targetHints":{"allow":["GET"]}}],"collection":[{"href":"https:\/\/pedrocasiano.es\/index.php?rest_route=\/wp\/v2\/pages"}],"about":[{"href":"https:\/\/pedrocasiano.es\/index.php?rest_route=\/wp\/v2\/types\/page"}],"author":[{"embeddable":true,"href":"https:\/\/pedrocasiano.es\/index.php?rest_route=\/wp\/v2\/users\/1"}],"replies":[{"embeddable":true,"href":"https:\/\/pedrocasiano.es\/index.php?rest_route=%2Fwp%2Fv2%2Fcomments&post=13604"}],"version-history":[{"count":14,"href":"https:\/\/pedrocasiano.es\/index.php?rest_route=\/wp\/v2\/pages\/13604\/revisions"}],"predecessor-version":[{"id":16463,"href":"https:\/\/pedrocasiano.es\/index.php?rest_route=\/wp\/v2\/pages\/13604\/revisions\/16463"}],"wp:attachment":[{"href":"https:\/\/pedrocasiano.es\/index.php?rest_route=%2Fwp%2Fv2%2Fmedia&parent=13604"}],"curies":[{"name":"wp","href":"https:\/\/api.w.org\/{rel}","templated":true}]}}