{"id":13414,"date":"2025-04-04T15:59:52","date_gmt":"2025-04-04T15:59:52","guid":{"rendered":"https:\/\/pedrocasiano.es\/?page_id=13414"},"modified":"2026-04-02T10:18:20","modified_gmt":"2026-04-02T08:18:20","slug":"oscuros-6","status":"publish","type":"page","link":"https:\/\/pedrocasiano.es\/?page_id=13414","title":{"rendered":"Oscuros VI"},"content":{"rendered":"\n<div class=\"wp-block-cover alignfull has-custom-content-position is-position-top-left\" style=\"min-height:935px;aspect-ratio:unset;\"><img decoding=\"async\" width=\"1024\" height=\"683\" class=\"wp-block-cover__image-background wp-image-13411 lazyload\" alt=\"\" data-src=\"https:\/\/pedrocasiano.es\/wp-content\/uploads\/2025\/04\/ai-generated-9060215peque-rotated.jpg\" data-object-fit=\"cover\" data-srcset=\"https:\/\/pedrocasiano.es\/wp-content\/uploads\/2025\/04\/ai-generated-9060215peque-rotated.jpg 1024w, https:\/\/pedrocasiano.es\/wp-content\/uploads\/2025\/04\/ai-generated-9060215peque-600x400.jpg 600w\" data-sizes=\"(max-width: 1024px) 100vw, 1024px\" src=\"data:image\/svg+xml;base64,PHN2ZyB3aWR0aD0iMSIgaGVpZ2h0PSIxIiB4bWxucz0iaHR0cDovL3d3dy53My5vcmcvMjAwMC9zdmciPjwvc3ZnPg==\" style=\"--smush-placeholder-width: 1024px; --smush-placeholder-aspect-ratio: 1024\/683;\" \/><span aria-hidden=\"true\" class=\"wp-block-cover__background has-background-dim\" style=\"background-color:#355034\"><\/span><div class=\"wp-block-cover__inner-container has-global-padding is-layout-constrained wp-block-cover-is-layout-constrained\">\n<ul class=\"wp-block-list\">\n<li><a href=\"https:\/\/pedrocasiano.es\/?p=13095\" data-type=\"post\" data-id=\"13095\" target=\"_blank\" rel=\"noreferrer noopener\">Cuando el Alba<\/a><\/li>\n\n\n\n<li><a href=\"https:\/\/pedrocasiano.es\/?p=13100\" data-type=\"post\" data-id=\"13100\" target=\"_blank\" rel=\"noreferrer noopener\">Vendo Soledades<\/a><\/li>\n\n\n\n<li><a href=\"https:\/\/pedrocasiano.es\/?p=13247\" data-type=\"post\" data-id=\"13247\" target=\"_blank\" rel=\"noreferrer noopener\">Sue\u00f1os de la Juventud Perdida<\/a><\/li>\n\n\n\n<li><a href=\"https:\/\/pedrocasiano.es\/?p=13251\" data-type=\"post\" data-id=\"13251\" target=\"_blank\" rel=\"noreferrer noopener\">Prosigo Escribiendo<\/a><\/li>\n\n\n\n<li><a href=\"https:\/\/pedrocasiano.es\/?p=13256\" data-type=\"post\" data-id=\"13256\" target=\"_blank\" rel=\"noreferrer noopener\">Inviernos Fr\u00edos<\/a><\/li>\n\n\n\n<li><a href=\"https:\/\/pedrocasiano.es\/?p=13263\" data-type=\"post\" data-id=\"13263\" target=\"_blank\" rel=\"noreferrer noopener\">La Soledad es Algo M\u00e1s<\/a><\/li>\n\n\n\n<li><a href=\"https:\/\/pedrocasiano.es\/?p=13268\" data-type=\"post\" data-id=\"13268\" target=\"_blank\" rel=\"noreferrer noopener\">Tardes de Siempre<\/a><\/li>\n\n\n\n<li><a href=\"https:\/\/pedrocasiano.es\/?p=13425\" data-type=\"post\" data-id=\"13425\" target=\"_blank\" rel=\"noreferrer noopener\">Mentiras, solo Mentiras<\/a><\/li>\n\n\n\n<li><a href=\"https:\/\/pedrocasiano.es\/?p=13430\" data-type=\"post\" data-id=\"13430\" target=\"_blank\" rel=\"noreferrer noopener\">El Sol que Rompe<\/a><\/li>\n\n\n\n<li><a href=\"https:\/\/pedrocasiano.es\/?p=13435\" data-type=\"post\" data-id=\"13435\" target=\"_blank\" rel=\"noreferrer noopener\">Cansancio<\/a><\/li>\n\n\n\n<li><a href=\"https:\/\/pedrocasiano.es\/?p=13440\" data-type=\"post\" data-id=\"13440\" target=\"_blank\" rel=\"noreferrer noopener\">Humo de Vaper<\/a><\/li>\n\n\n\n<li><a href=\"https:\/\/pedrocasiano.es\/?p=13445\" data-type=\"post\" data-id=\"13445\" target=\"_blank\" rel=\"noreferrer noopener\">Tras de la Ventana<\/a><\/li>\n\n\n\n<li><a href=\"https:\/\/pedrocasiano.es\/?p=13450\" data-type=\"post\" data-id=\"13450\" target=\"_blank\" rel=\"noreferrer noopener\">Las Rosas<\/a><\/li>\n\n\n\n<li><a href=\"https:\/\/pedrocasiano.es\/?p=13455\" data-type=\"post\" data-id=\"13455\" target=\"_blank\" rel=\"noreferrer noopener\">Tengo Tinta que no Gastar\u00e9<\/a><\/li>\n\n\n\n<li><a href=\"https:\/\/pedrocasiano.es\/?p=14071\" data-type=\"post\" data-id=\"14071\" target=\"_blank\" rel=\"noreferrer noopener\">Sonidos Extra\u00f1os<\/a><\/li>\n\n\n\n<li><a href=\"https:\/\/pedrocasiano.es\/?p=14076\" data-type=\"post\" data-id=\"14076\" target=\"_blank\" rel=\"noreferrer noopener\">Sigo Escribiendo<\/a><\/li>\n\n\n\n<li><a href=\"https:\/\/pedrocasiano.es\/?p=14081\" data-type=\"post\" data-id=\"14081\" target=\"_blank\" rel=\"noreferrer noopener\">Escribo de Pareceres<\/a><\/li>\n\n\n\n<li><a href=\"https:\/\/pedrocasiano.es\/?p=14086\" data-type=\"post\" data-id=\"14086\" target=\"_blank\" rel=\"noreferrer noopener\">Veo Tantas Cosas Cerca<\/a><\/li>\n\n\n\n<li><a href=\"https:\/\/pedrocasiano.es\/?p=14091\" data-type=\"post\" data-id=\"14091\" target=\"_blank\" rel=\"noreferrer noopener\">Llevo Tiempo sin Escribir<\/a><\/li>\n\n\n\n<li><a href=\"https:\/\/pedrocasiano.es\/?p=14096\" data-type=\"post\" data-id=\"14096\" target=\"_blank\" rel=\"noreferrer noopener\">Los D\u00edas, cada Vez m\u00e1s Largos<\/a><\/li>\n<\/ul>\n\n\n\n<p><strong>Todos los Derechos Reservados<\/strong><\/p>\n\n\n\n<p class=\"has-text-align-center\"><strong>\u201cEstas novelas, publicaciones y dem\u00e1s, son obras de ficci\u00f3n. Los nombres, personajes, lugares e incidentes son producto de la imaginaci\u00f3n del autor o son utilizados de manera ficticia. Cualquier parecido con personas, vivas o muertas, o sucesos reales es pura coincidencia.\u201d<\/strong><\/p>\n<\/div><\/div>\n","protected":false},"excerpt":{"rendered":"","protected":false},"author":1,"featured_media":0,"parent":0,"menu_order":0,"comment_status":"closed","ping_status":"closed","template":"","meta":{"inspiro_hide_title":false,"footnotes":""},"class_list":["post-13414","page","type-page","status-publish","hentry"],"featured_media_urls":[],"_links":{"self":[{"href":"https:\/\/pedrocasiano.es\/index.php?rest_route=\/wp\/v2\/pages\/13414","targetHints":{"allow":["GET"]}}],"collection":[{"href":"https:\/\/pedrocasiano.es\/index.php?rest_route=\/wp\/v2\/pages"}],"about":[{"href":"https:\/\/pedrocasiano.es\/index.php?rest_route=\/wp\/v2\/types\/page"}],"author":[{"embeddable":true,"href":"https:\/\/pedrocasiano.es\/index.php?rest_route=\/wp\/v2\/users\/1"}],"replies":[{"embeddable":true,"href":"https:\/\/pedrocasiano.es\/index.php?rest_route=%2Fwp%2Fv2%2Fcomments&post=13414"}],"version-history":[{"count":14,"href":"https:\/\/pedrocasiano.es\/index.php?rest_route=\/wp\/v2\/pages\/13414\/revisions"}],"predecessor-version":[{"id":16631,"href":"https:\/\/pedrocasiano.es\/index.php?rest_route=\/wp\/v2\/pages\/13414\/revisions\/16631"}],"wp:attachment":[{"href":"https:\/\/pedrocasiano.es\/index.php?rest_route=%2Fwp%2Fv2%2Fmedia&parent=13414"}],"curies":[{"name":"wp","href":"https:\/\/api.w.org\/{rel}","templated":true}]}}