{"id":13396,"date":"2025-04-04T11:17:35","date_gmt":"2025-04-04T11:17:35","guid":{"rendered":"https:\/\/pedrocasiano.es\/?page_id=13396"},"modified":"2026-03-31T10:38:39","modified_gmt":"2026-03-31T08:38:39","slug":"decimo-novena","status":"publish","type":"page","link":"https:\/\/pedrocasiano.es\/?page_id=13396","title":{"rendered":"D\u00e9cimo Novena"},"content":{"rendered":"\n<div class=\"wp-block-cover alignfull has-custom-content-position is-position-top-left\" style=\"min-height:915px;aspect-ratio:unset;\"><img decoding=\"async\" width=\"1024\" height=\"930\" class=\"wp-block-cover__image-background wp-image-13397 lazyload\" alt=\"\" data-src=\"https:\/\/pedrocasiano.es\/wp-content\/uploads\/2025\/04\/ai-generated-8234259_pequemas.jpg\" data-object-fit=\"cover\" src=\"data:image\/svg+xml;base64,PHN2ZyB3aWR0aD0iMSIgaGVpZ2h0PSIxIiB4bWxucz0iaHR0cDovL3d3dy53My5vcmcvMjAwMC9zdmciPjwvc3ZnPg==\" style=\"--smush-placeholder-width: 1024px; --smush-placeholder-aspect-ratio: 1024\/930;\" \/><span aria-hidden=\"true\" class=\"wp-block-cover__background has-background-dim\" style=\"background-color:#605445\"><\/span><div class=\"wp-block-cover__inner-container has-global-padding is-layout-constrained wp-block-cover-is-layout-constrained\">\n<ul class=\"wp-block-list\">\n<li><a href=\"https:\/\/pedrocasiano.es\/?p=13037\" data-type=\"post\" data-id=\"13037\" target=\"_blank\" rel=\"noreferrer noopener\">Cielos Encapotados (Rima)<\/a><\/li>\n\n\n\n<li><a href=\"https:\/\/pedrocasiano.es\/?p=13042\" data-type=\"post\" data-id=\"13042\" target=\"_blank\" rel=\"noreferrer noopener\">Caminos de Cambio (Rima)<\/a><\/li>\n\n\n\n<li><a href=\"https:\/\/pedrocasiano.es\/?p=13047\" data-type=\"post\" data-id=\"13047\" target=\"_blank\" rel=\"noreferrer noopener\">Calles Vac\u00edas (Rima)<\/a><\/li>\n\n\n\n<li><a href=\"https:\/\/pedrocasiano.es\/?p=13052\" data-type=\"post\" data-id=\"13052\" target=\"_blank\" rel=\"noreferrer noopener\">Autobuses de Color Verde (Rima)<\/a><\/li>\n\n\n\n<li><a href=\"https:\/\/pedrocasiano.es\/?p=13057\" data-type=\"post\" data-id=\"13057\" target=\"_blank\" rel=\"noreferrer noopener\">Playas A\u00f1oro (Rima)<\/a><\/li>\n\n\n\n<li><a href=\"https:\/\/pedrocasiano.es\/?p=13073\" data-type=\"post\" data-id=\"13073\" target=\"_blank\" rel=\"noreferrer noopener\">Tardes de Paseo (Rima)<\/a><\/li>\n\n\n\n<li><a href=\"https:\/\/pedrocasiano.es\/?p=13078\" data-type=\"post\" data-id=\"13078\" target=\"_blank\" rel=\"noreferrer noopener\">De Nuevo Aqu\u00ed (Rima)<\/a><\/li>\n\n\n\n<li><a href=\"https:\/\/pedrocasiano.es\/?p=13083\" data-type=\"post\" data-id=\"13083\" target=\"_blank\" rel=\"noreferrer noopener\">Ya es la Hora (Rima)<\/a><\/li>\n\n\n\n<li><a href=\"https:\/\/pedrocasiano.es\/?p=11138\" data-type=\"post\" data-id=\"11138\" target=\"_blank\" rel=\"noreferrer noopener\">Historias que Contar (Rima)<\/a><\/li>\n\n\n\n<li><a href=\"https:\/\/pedrocasiano.es\/?p=13093\" data-type=\"post\" data-id=\"13093\" target=\"_blank\" rel=\"noreferrer noopener\">Soledades, Abandonos (Rima)<\/a><\/li>\n\n\n\n<li><a href=\"https:\/\/pedrocasiano.es\/?p=13098\" data-type=\"post\" data-id=\"13098\" target=\"_blank\" rel=\"noreferrer noopener\">Cuando el Alba (Rima)<\/a><\/li>\n\n\n\n<li><a href=\"https:\/\/pedrocasiano.es\/?p=13103\" data-type=\"post\" data-id=\"13103\" target=\"_blank\" rel=\"noreferrer noopener\">Vendo Soledades (Rima)<\/a><\/li>\n\n\n\n<li><a href=\"https:\/\/pedrocasiano.es\/?p=13246\" data-type=\"post\" data-id=\"13246\" target=\"_blank\" rel=\"noreferrer noopener\">Sue\u00f1os de la Juventud Perdida (Rima)<\/a><\/li>\n\n\n\n<li><a href=\"https:\/\/pedrocasiano.es\/?p=13254\" data-type=\"post\" data-id=\"13254\" target=\"_blank\" rel=\"noreferrer noopener\">Prosigo Escribiendo (Rima)<\/a><\/li>\n\n\n\n<li><a href=\"https:\/\/pedrocasiano.es\/?p=13259\" data-type=\"post\" data-id=\"13259\" target=\"_blank\" rel=\"noreferrer noopener\">Inviernos Fr\u00edos (Rima)<\/a><\/li>\n\n\n\n<li><a href=\"https:\/\/pedrocasiano.es\/?p=13266\" data-type=\"post\" data-id=\"13266\" target=\"_blank\" rel=\"noreferrer noopener\">La Soledad es Algo M\u00e1s (Rima)<\/a><\/li>\n\n\n\n<li><a href=\"https:\/\/pedrocasiano.es\/?p=13271\" data-type=\"post\" data-id=\"13271\" target=\"_blank\" rel=\"noreferrer noopener\">Tardes de Siempre (Rima)<\/a><\/li>\n\n\n\n<li><a href=\"https:\/\/pedrocasiano.es\/?p=13428\" data-type=\"post\" data-id=\"13428\" target=\"_blank\" rel=\"noreferrer noopener\">Mentiras, solo Mentiras (Rima)<\/a><\/li>\n\n\n\n<li><a href=\"https:\/\/pedrocasiano.es\/?p=13433\" data-type=\"post\" data-id=\"13433\" target=\"_blank\" rel=\"noreferrer noopener\">El Sol que Rompe (Rima)<\/a><\/li>\n\n\n\n<li><a href=\"https:\/\/pedrocasiano.es\/?p=13438\" data-type=\"post\" data-id=\"13438\" target=\"_blank\" rel=\"noreferrer noopener\">Cansancio (Rima)<\/a><\/li>\n<\/ul>\n\n\n\n<p><strong>Todos los Derechos Reservados<\/strong><\/p>\n\n\n\n<p><strong>\u201cEstas novelas, publicaciones y dem\u00e1s, son obras de ficci\u00f3n. Los nombres, personajes, lugares e incidentes son producto de la imaginaci\u00f3n del autor o son utilizados de manera ficticia. Cualquier parecido con personas, vivas o muertas, o sucesos reales es pura coincidencia.\u201d<\/strong><\/p>\n<\/div><\/div>\n","protected":false},"excerpt":{"rendered":"","protected":false},"author":1,"featured_media":0,"parent":0,"menu_order":0,"comment_status":"closed","ping_status":"closed","template":"","meta":{"inspiro_hide_title":false,"footnotes":""},"class_list":["post-13396","page","type-page","status-publish","hentry"],"featured_media_urls":[],"_links":{"self":[{"href":"https:\/\/pedrocasiano.es\/index.php?rest_route=\/wp\/v2\/pages\/13396","targetHints":{"allow":["GET"]}}],"collection":[{"href":"https:\/\/pedrocasiano.es\/index.php?rest_route=\/wp\/v2\/pages"}],"about":[{"href":"https:\/\/pedrocasiano.es\/index.php?rest_route=\/wp\/v2\/types\/page"}],"author":[{"embeddable":true,"href":"https:\/\/pedrocasiano.es\/index.php?rest_route=\/wp\/v2\/users\/1"}],"replies":[{"embeddable":true,"href":"https:\/\/pedrocasiano.es\/index.php?rest_route=%2Fwp%2Fv2%2Fcomments&post=13396"}],"version-history":[{"count":6,"href":"https:\/\/pedrocasiano.es\/index.php?rest_route=\/wp\/v2\/pages\/13396\/revisions"}],"predecessor-version":[{"id":16462,"href":"https:\/\/pedrocasiano.es\/index.php?rest_route=\/wp\/v2\/pages\/13396\/revisions\/16462"}],"wp:attachment":[{"href":"https:\/\/pedrocasiano.es\/index.php?rest_route=%2Fwp%2Fv2%2Fmedia&parent=13396"}],"curies":[{"name":"wp","href":"https:\/\/api.w.org\/{rel}","templated":true}]}}