{"id":13291,"date":"2025-03-12T06:21:26","date_gmt":"2025-03-12T06:21:26","guid":{"rendered":"https:\/\/pedrocasiano.es\/?page_id=13291"},"modified":"2026-03-31T10:41:20","modified_gmt":"2026-03-31T08:41:20","slug":"hoy-novela-5a-parte","status":"publish","type":"page","link":"https:\/\/pedrocasiano.es\/?page_id=13291","title":{"rendered":"Vig\u00e9simo Sexta"},"content":{"rendered":"\n<div class=\"wp-block-cover alignfull has-custom-content-position is-position-top-left\" style=\"min-height:775px;aspect-ratio:unset;\"><img decoding=\"async\" width=\"1024\" height=\"576\" class=\"wp-block-cover__image-background wp-image-13292 size-full lazyload\" alt=\"\" data-src=\"https:\/\/pedrocasiano.es\/wp-content\/uploads\/2025\/03\/ai-generated-8539010peque.jpg\" data-object-fit=\"cover\" src=\"data:image\/svg+xml;base64,PHN2ZyB3aWR0aD0iMSIgaGVpZ2h0PSIxIiB4bWxucz0iaHR0cDovL3d3dy53My5vcmcvMjAwMC9zdmciPjwvc3ZnPg==\" style=\"--smush-placeholder-width: 1024px; --smush-placeholder-aspect-ratio: 1024\/576;\" \/><span aria-hidden=\"true\" class=\"wp-block-cover__background has-background-dim\" style=\"background-color:#503626\"><\/span><div class=\"wp-block-cover__inner-container has-global-padding is-layout-constrained wp-block-cover-is-layout-constrained\">\n<ul class=\"wp-block-list\">\n<li><a href=\"https:\/\/pedrocasiano.es\/?p=15000\" data-type=\"post\" data-id=\"15000\" target=\"_blank\" rel=\"noreferrer noopener\">Hoy es un D\u00eda Extra\u00f1o (Rima)<\/a><\/li>\n\n\n\n<li><a href=\"https:\/\/pedrocasiano.es\/?p=15005\" data-type=\"post\" data-id=\"15005\" target=\"_blank\" rel=\"noreferrer noopener\">Una Vez M\u00e1s (Rima)<\/a><\/li>\n\n\n\n<li><a href=\"https:\/\/pedrocasiano.es\/?p=15010\" data-type=\"post\" data-id=\"15010\" target=\"_blank\" rel=\"noreferrer noopener\">Hace A\u00f1os ya que no Salgo de mi Casa (Rima)<\/a><\/li>\n\n\n\n<li><a href=\"https:\/\/pedrocasiano.es\/?p=15015\" data-type=\"post\" data-id=\"15015\" target=\"_blank\" rel=\"noreferrer noopener\">Gaviotas, Nunca Veo Gaviotas (Rima)<\/a><\/li>\n\n\n\n<li><a href=\"https:\/\/pedrocasiano.es\/?p=15020\" data-type=\"post\" data-id=\"15020\" target=\"_blank\" rel=\"noreferrer noopener\">De Nuevo la Noche (Rima)<\/a><\/li>\n\n\n\n<li><a href=\"https:\/\/pedrocasiano.es\/?p=15025\" data-type=\"post\" data-id=\"15025\" target=\"_blank\" rel=\"noreferrer noopener\">Otro A\u00f1o Cae Sobre M\u00ed (Rima)<\/a><\/li>\n\n\n\n<li><a href=\"https:\/\/pedrocasiano.es\/?p=15030\" data-type=\"post\" data-id=\"15030\" target=\"_blank\" rel=\"noreferrer noopener\">Casi Termina la Semana (Rima)<\/a><\/li>\n\n\n\n<li><a href=\"https:\/\/pedrocasiano.es\/?p=15035\" data-type=\"post\" data-id=\"15035\" target=\"_blank\" rel=\"noreferrer noopener\">P\u00e1jaros de Hielo (Rima)<\/a><\/li>\n\n\n\n<li><a href=\"https:\/\/pedrocasiano.es\/?p=15042\" data-type=\"post\" data-id=\"15042\" target=\"_blank\" rel=\"noreferrer noopener\">Veo Valles Verdes (Rima)<\/a><\/li>\n\n\n\n<li><a href=\"https:\/\/pedrocasiano.es\/?p=15047\" data-type=\"post\" data-id=\"15047\" target=\"_blank\" rel=\"noreferrer noopener\">Recuerdos, Recuerdos (Rima)<\/a><\/li>\n\n\n\n<li><a href=\"https:\/\/pedrocasiano.es\/?p=15052\" data-type=\"post\" data-id=\"15052\" target=\"_blank\" rel=\"noreferrer noopener\">Hojas que Escribir (Rima)<\/a><\/li>\n\n\n\n<li><a href=\"https:\/\/pedrocasiano.es\/?p=15057\" data-type=\"post\" data-id=\"15057\" target=\"_blank\" rel=\"noreferrer noopener\">Tarde de Tranquilidad (Rima)<\/a><\/li>\n\n\n\n<li><a href=\"https:\/\/pedrocasiano.es\/?p=15062\" data-type=\"post\" data-id=\"15062\" target=\"_blank\" rel=\"noreferrer noopener\">Los P\u00e1jaros Azules levantan el Vuelo (Rima)<\/a><\/li>\n\n\n\n<li><a href=\"https:\/\/pedrocasiano.es\/?p=15067\" data-type=\"post\" data-id=\"15067\" target=\"_blank\" rel=\"noreferrer noopener\">Tic Toc, Tic Toc (Rima)<\/a><\/li>\n\n\n\n<li><a href=\"https:\/\/pedrocasiano.es\/?p=15072\" data-type=\"post\" data-id=\"15072\" target=\"_blank\" rel=\"noreferrer noopener\">El Lobo, el Lobo viene a por M\u00ed (Rima)<\/a><\/li>\n\n\n\n<li><a href=\"https:\/\/pedrocasiano.es\/?p=15077\" data-type=\"post\" data-id=\"15077\" target=\"_blank\" rel=\"noreferrer noopener\">\u00c1rboles Ca\u00eddos (Rima)<\/a><\/li>\n\n\n\n<li><a href=\"https:\/\/pedrocasiano.es\/?p=15082\" data-type=\"post\" data-id=\"15082\" target=\"_blank\" rel=\"noreferrer noopener\">Silencios, Silencios Turbios (Rima)<\/a><\/li>\n\n\n\n<li><a href=\"https:\/\/pedrocasiano.es\/?p=15087\" data-type=\"post\" data-id=\"15087\" target=\"_blank\" rel=\"noreferrer noopener\">Las M\u00e1quinas no Sue\u00f1an (Rima)<\/a><\/li>\n\n\n\n<li><a href=\"https:\/\/pedrocasiano.es\/?p=15092\" data-type=\"post\" data-id=\"15092\" target=\"_blank\" rel=\"noreferrer noopener\">El Cambio, las Hojas caen al Suelo (Rima)<\/a><\/li>\n\n\n\n<li><a href=\"https:\/\/pedrocasiano.es\/?p=15097\" data-type=\"post\" data-id=\"15097\" target=\"_blank\" rel=\"noreferrer noopener\">Lugares Extra\u00f1os, Lejanos (Rima)<\/a><\/li>\n<\/ul>\n\n\n\n<p><strong>Todos los Derechos Reservados<\/strong><\/p>\n\n\n\n<p><strong>\u201cEstas novelas, publicaciones y dem\u00e1s, son obras de ficci\u00f3n. Los nombres, personajes, lugares e incidentes son producto de la imaginaci\u00f3n del autor o son utilizados de manera ficticia. Cualquier parecido con personas, vivas o muertas, o sucesos reales es pura coincidencia.\u201d<\/strong><\/p>\n<\/div><\/div>\n","protected":false},"excerpt":{"rendered":"","protected":false},"author":1,"featured_media":0,"parent":0,"menu_order":0,"comment_status":"closed","ping_status":"closed","template":"","meta":{"inspiro_hide_title":false,"footnotes":""},"class_list":["post-13291","page","type-page","status-publish","hentry"],"featured_media_urls":[],"_links":{"self":[{"href":"https:\/\/pedrocasiano.es\/index.php?rest_route=\/wp\/v2\/pages\/13291","targetHints":{"allow":["GET"]}}],"collection":[{"href":"https:\/\/pedrocasiano.es\/index.php?rest_route=\/wp\/v2\/pages"}],"about":[{"href":"https:\/\/pedrocasiano.es\/index.php?rest_route=\/wp\/v2\/types\/page"}],"author":[{"embeddable":true,"href":"https:\/\/pedrocasiano.es\/index.php?rest_route=\/wp\/v2\/users\/1"}],"replies":[{"embeddable":true,"href":"https:\/\/pedrocasiano.es\/index.php?rest_route=%2Fwp%2Fv2%2Fcomments&post=13291"}],"version-history":[{"count":34,"href":"https:\/\/pedrocasiano.es\/index.php?rest_route=\/wp\/v2\/pages\/13291\/revisions"}],"predecessor-version":[{"id":16468,"href":"https:\/\/pedrocasiano.es\/index.php?rest_route=\/wp\/v2\/pages\/13291\/revisions\/16468"}],"wp:attachment":[{"href":"https:\/\/pedrocasiano.es\/index.php?rest_route=%2Fwp%2Fv2%2Fmedia&parent=13291"}],"curies":[{"name":"wp","href":"https:\/\/api.w.org\/{rel}","templated":true}]}}