{"id":132,"date":"2024-02-14T16:12:01","date_gmt":"2024-02-14T16:12:01","guid":{"rendered":"https:\/\/pedrocasiano.es\/?page_id=132"},"modified":"2024-07-08T16:54:07","modified_gmt":"2024-07-08T16:54:07","slug":"chak-mool","status":"publish","type":"page","link":"https:\/\/pedrocasiano.es\/?page_id=132","title":{"rendered":"Chak Mo\u00f6l"},"content":{"rendered":"\n<div class=\"wp-block-media-text is-stacked-on-mobile is-vertically-aligned-top\"><figure class=\"wp-block-media-text__media\"><img decoding=\"async\" width=\"533\" height=\"800\" data-src=\"https:\/\/pedrocasiano.es\/wp-content\/uploads\/2024\/03\/Portada-Pablo-y-Rosa_8_prueba.jpg\" alt=\"\" class=\"wp-image-6039 size-full lazyload\" src=\"data:image\/svg+xml;base64,PHN2ZyB3aWR0aD0iMSIgaGVpZ2h0PSIxIiB4bWxucz0iaHR0cDovL3d3dy53My5vcmcvMjAwMC9zdmciPjwvc3ZnPg==\" style=\"--smush-placeholder-width: 533px; --smush-placeholder-aspect-ratio: 533\/800;\" \/><\/figure><div class=\"wp-block-media-text__content\">\n<p>Pablo casi muerto, la batalla terminada, pero el enemigo acecha, a pesar de su debilidad, de haber hecho lo imposible, los enemigos de Pablo vuelven a intentar su muerte, pero esta vez incluida la familia.<\/p>\n\n\n\n<p>La desesperaci\u00f3n de Pablo le lleva a ofrecer su vida en para salvar la de los suyos, pero el destino interviene, y milagrosamente lo salvan de morir.<\/p>\n\n\n\n<p>Pero eso es suerte, quiz\u00e1, porque esto lo nada de nuevo a la batalla contra aquellos que quieren destruir la Patria Mexicana, y Pablo a pesar de todo, vuelve a los campos de la muerte, riega con su sangre los campos Mayas, y los dioses se r\u00eden, y lo llevan m\u00e1s all\u00e1 del entendimiento donde debe de crear una raza de guerreros, donde, el pueblo Maya debe de renacer.<\/p>\n\n\n\n<p>Los dioses Mayas, los de la vida, los de la muerte, y una lucha eterna, en la cual Pablo es la ficha escogida, el olvido su premio, y la muerte su destino final.<\/p>\n\n\n\n<p>Cuando retorna, Rosa no est\u00e1, \u00bfvolver\u00e1 a la vida de Pablo?<\/p>\n<\/div><\/div>\n\n\n\n<figure class=\"wp-block-embed alignright is-type-rich is-provider-amazon wp-block-embed-amazon\"><div class=\"wp-block-embed__wrapper\">\n<iframe title=\"Pablo y Rosa 8. Chak Mo\u00f6l\" type=\"text\/html\" width=\"950\" height=\"550\" frameborder=\"0\" allowfullscreen style=\"max-width:100%\" data-src=\"https:\/\/leer.amazon.es\/kp\/card?preview=inline&#038;linkCode=kpd&#038;ref_=k4w_oembed_vERyK6HGptewU3&#038;asin=B0777P88WC&#038;tag=kpembed-20\" src=\"data:image\/svg+xml;base64,PHN2ZyB3aWR0aD0iMSIgaGVpZ2h0PSIxIiB4bWxucz0iaHR0cDovL3d3dy53My5vcmcvMjAwMC9zdmciPjwvc3ZnPg==\" class=\"lazyload\" data-load-mode=\"1\"><\/iframe>\n<\/div><\/figure>\n","protected":false},"excerpt":{"rendered":"<p>Pablo casi muerto, la batalla terminada, pero el enemigo acecha, a pesar de su debilidad, de haber hecho lo imposible, los enemigos de Pablo vuelven a intentar su muerte, pero esta vez incluida la familia. La desesperaci\u00f3n de Pablo le lleva a ofrecer su vida en para salvar la de los suyos, pero el destino &hellip; <\/p>\n<p class=\"link-more\"><a href=\"https:\/\/pedrocasiano.es\/?page_id=132\" class=\"more-link\">Leer m\u00e1s<span class=\"screen-reader-text\"> \u00abChak Mo\u00f6l\u00bb<\/span><\/a><\/p>\n","protected":false},"author":1,"featured_media":0,"parent":0,"menu_order":0,"comment_status":"closed","ping_status":"closed","template":"","meta":{"inspiro_hide_title":false,"footnotes":""},"class_list":["post-132","page","type-page","status-publish","hentry"],"featured_media_urls":[],"_links":{"self":[{"href":"https:\/\/pedrocasiano.es\/index.php?rest_route=\/wp\/v2\/pages\/132","targetHints":{"allow":["GET"]}}],"collection":[{"href":"https:\/\/pedrocasiano.es\/index.php?rest_route=\/wp\/v2\/pages"}],"about":[{"href":"https:\/\/pedrocasiano.es\/index.php?rest_route=\/wp\/v2\/types\/page"}],"author":[{"embeddable":true,"href":"https:\/\/pedrocasiano.es\/index.php?rest_route=\/wp\/v2\/users\/1"}],"replies":[{"embeddable":true,"href":"https:\/\/pedrocasiano.es\/index.php?rest_route=%2Fwp%2Fv2%2Fcomments&post=132"}],"version-history":[{"count":5,"href":"https:\/\/pedrocasiano.es\/index.php?rest_route=\/wp\/v2\/pages\/132\/revisions"}],"predecessor-version":[{"id":8219,"href":"https:\/\/pedrocasiano.es\/index.php?rest_route=\/wp\/v2\/pages\/132\/revisions\/8219"}],"wp:attachment":[{"href":"https:\/\/pedrocasiano.es\/index.php?rest_route=%2Fwp%2Fv2%2Fmedia&parent=132"}],"curies":[{"name":"wp","href":"https:\/\/api.w.org\/{rel}","templated":true}]}}