{"id":13169,"date":"2025-02-24T07:45:11","date_gmt":"2025-02-24T07:45:11","guid":{"rendered":"https:\/\/pedrocasiano.es\/?page_id=13169"},"modified":"2026-03-31T10:42:12","modified_gmt":"2026-03-31T08:42:12","slug":"hoy-novela-4a-parte","status":"publish","type":"page","link":"https:\/\/pedrocasiano.es\/?page_id=13169","title":{"rendered":"Vig\u00e9simo Octava"},"content":{"rendered":"\n<div class=\"wp-block-cover alignfull has-custom-content-position is-position-top-left\" style=\"min-height:1040px;aspect-ratio:unset;\"><img decoding=\"async\" width=\"865\" height=\"1024\" class=\"wp-block-cover__image-background wp-image-13170 lazyload\" alt=\"\" data-src=\"https:\/\/pedrocasiano.es\/wp-content\/uploads\/2025\/02\/woman-8838956peque.jpg\" data-object-fit=\"cover\" src=\"data:image\/svg+xml;base64,PHN2ZyB3aWR0aD0iMSIgaGVpZ2h0PSIxIiB4bWxucz0iaHR0cDovL3d3dy53My5vcmcvMjAwMC9zdmciPjwvc3ZnPg==\" style=\"--smush-placeholder-width: 865px; --smush-placeholder-aspect-ratio: 865\/1024;\" \/><span aria-hidden=\"true\" class=\"wp-block-cover__background has-background-dim\" style=\"background-color:#665c4b\"><\/span><div class=\"wp-block-cover__inner-container has-global-padding is-layout-constrained wp-block-cover-is-layout-constrained\">\n<ul class=\"wp-block-list\">\n<li><a href=\"https:\/\/pedrocasiano.es\/?p=15260\" data-type=\"post\" data-id=\"15260\" target=\"_blank\" rel=\"noreferrer noopener\">De Nuevo, el Verano Lleg\u00f3 (Rima)<\/a><\/li>\n\n\n\n<li><a href=\"https:\/\/pedrocasiano.es\/?p=15265\" data-type=\"post\" data-id=\"15265\" target=\"_blank\" rel=\"noreferrer noopener\">Un Mundo sin Identidad (Rima)<\/a><\/li>\n\n\n\n<li><a href=\"https:\/\/pedrocasiano.es\/?p=15270\" data-type=\"post\" data-id=\"15270\" target=\"_blank\" rel=\"noreferrer noopener\">Humo Blanco (Rima)<\/a><\/li>\n\n\n\n<li><a href=\"https:\/\/pedrocasiano.es\/?p=15275\" data-type=\"post\" data-id=\"15275\" target=\"_blank\" rel=\"noreferrer noopener\">Los D\u00edas se Suceden (Rima)<\/a><\/li>\n\n\n\n<li><a href=\"https:\/\/pedrocasiano.es\/?p=15280\" data-type=\"post\" data-id=\"15280\" target=\"_blank\" rel=\"noreferrer noopener\">Pasillos Blancos (Rima)<\/a><\/li>\n\n\n\n<li><a href=\"https:\/\/pedrocasiano.es\/?p=15285\" data-type=\"post\" data-id=\"15285\" target=\"_blank\" rel=\"noreferrer noopener\">Las Aspas del Ventilador (Rima)<\/a><\/li>\n\n\n\n<li><a href=\"https:\/\/pedrocasiano.es\/?p=15290\" data-type=\"post\" data-id=\"15290\" target=\"_blank\" rel=\"noreferrer noopener\">Paisajes Desiertos (Rima)<\/a><\/li>\n\n\n\n<li><a href=\"https:\/\/pedrocasiano.es\/?p=15295\" data-type=\"post\" data-id=\"15295\" target=\"_blank\" rel=\"noreferrer noopener\">Se March\u00f3 Blas (Rima)<\/a><\/li>\n\n\n\n<li><a href=\"https:\/\/pedrocasiano.es\/?p=15300\" data-type=\"post\" data-id=\"15300\" target=\"_blank\" rel=\"noreferrer noopener\">Caminos que So\u00f1ar (Rima)<\/a><\/li>\n\n\n\n<li><a href=\"https:\/\/pedrocasiano.es\/?p=15305\" data-type=\"post\" data-id=\"15305\" target=\"_blank\" rel=\"noreferrer noopener\">Ya no Camino (Rima)<\/a><\/li>\n\n\n\n<li><a href=\"https:\/\/pedrocasiano.es\/?p=15310\" data-type=\"post\" data-id=\"15310\" target=\"_blank\" rel=\"noreferrer noopener\">Nunca pasa Nada, Tranquilidad (Rima)<\/a><\/li>\n\n\n\n<li><a href=\"https:\/\/pedrocasiano.es\/?p=15315\" data-type=\"post\" data-id=\"15315\" target=\"_blank\" rel=\"noreferrer noopener\">\u00bfD\u00f3nde se Marcharon las Ilusiones? (Rima)<\/a><\/li>\n\n\n\n<li><a href=\"https:\/\/pedrocasiano.es\/?p=15320\" data-type=\"post\" data-id=\"15320\" target=\"_blank\" rel=\"noreferrer noopener\">Un Camino que Tomar (Rima)<\/a><\/li>\n\n\n\n<li><a href=\"https:\/\/pedrocasiano.es\/?p=15325\" data-type=\"post\" data-id=\"15325\" target=\"_blank\" rel=\"noreferrer noopener\">El D\u00eda Lleg\u00f3 (Rima)<\/a><\/li>\n\n\n\n<li><a href=\"https:\/\/pedrocasiano.es\/?p=15330\" data-type=\"post\" data-id=\"15330\" target=\"_blank\" rel=\"noreferrer noopener\">Cielos Oscuros (Rima)<\/a><\/li>\n\n\n\n<li><a href=\"https:\/\/pedrocasiano.es\/?p=15335\" data-type=\"post\" data-id=\"15335\" target=\"_blank\" rel=\"noreferrer noopener\">Por Fin Lleg\u00f3 la Ma\u00f1ana (Rima)<\/a><\/li>\n\n\n\n<li><a href=\"https:\/\/pedrocasiano.es\/?p=15340\" data-type=\"post\" data-id=\"15340\" target=\"_blank\" rel=\"noreferrer noopener\">Me Pidieron Mi Vida (Rima)<\/a><\/li>\n\n\n\n<li><a href=\"https:\/\/pedrocasiano.es\/?p=15345\" data-type=\"post\" data-id=\"15345\" target=\"_blank\" rel=\"noreferrer noopener\">Faltan aun Horas para la Amanecida (Rima)<\/a><\/li>\n\n\n\n<li><a href=\"https:\/\/pedrocasiano.es\/?p=15350\" data-type=\"post\" data-id=\"15350\" target=\"_blank\" rel=\"noreferrer noopener\">Cielos Grises (Rima)<\/a><\/li>\n\n\n\n<li><a href=\"https:\/\/pedrocasiano.es\/?p=15355\" data-type=\"post\" data-id=\"15355\" target=\"_blank\" rel=\"noreferrer noopener\">La Playa, Sue\u00f1o con Ella (Rima)<\/a><\/li>\n<\/ul>\n\n\n\n<p><strong>Todos los Derechos Reservados<\/strong><\/p>\n\n\n\n<p><strong>\u201cEstas novelas, publicaciones y dem\u00e1s, son obras de ficci\u00f3n. Los nombres, personajes, lugares e incidentes son producto de la imaginaci\u00f3n del autor o son utilizados de manera ficticia. Cualquier parecido con personas, vivas o muertas, o sucesos reales es pura coincidencia.\u201d<\/strong><\/p>\n<\/div><\/div>\n","protected":false},"excerpt":{"rendered":"","protected":false},"author":1,"featured_media":0,"parent":0,"menu_order":0,"comment_status":"closed","ping_status":"closed","template":"","meta":{"inspiro_hide_title":false,"footnotes":""},"class_list":["post-13169","page","type-page","status-publish","hentry"],"featured_media_urls":[],"_links":{"self":[{"href":"https:\/\/pedrocasiano.es\/index.php?rest_route=\/wp\/v2\/pages\/13169","targetHints":{"allow":["GET"]}}],"collection":[{"href":"https:\/\/pedrocasiano.es\/index.php?rest_route=\/wp\/v2\/pages"}],"about":[{"href":"https:\/\/pedrocasiano.es\/index.php?rest_route=\/wp\/v2\/types\/page"}],"author":[{"embeddable":true,"href":"https:\/\/pedrocasiano.es\/index.php?rest_route=\/wp\/v2\/users\/1"}],"replies":[{"embeddable":true,"href":"https:\/\/pedrocasiano.es\/index.php?rest_route=%2Fwp%2Fv2%2Fcomments&post=13169"}],"version-history":[{"count":25,"href":"https:\/\/pedrocasiano.es\/index.php?rest_route=\/wp\/v2\/pages\/13169\/revisions"}],"predecessor-version":[{"id":16470,"href":"https:\/\/pedrocasiano.es\/index.php?rest_route=\/wp\/v2\/pages\/13169\/revisions\/16470"}],"wp:attachment":[{"href":"https:\/\/pedrocasiano.es\/index.php?rest_route=%2Fwp%2Fv2%2Fmedia&parent=13169"}],"curies":[{"name":"wp","href":"https:\/\/api.w.org\/{rel}","templated":true}]}}