{"id":13156,"date":"2025-02-22T11:30:40","date_gmt":"2025-02-22T11:30:40","guid":{"rendered":"https:\/\/pedrocasiano.es\/?page_id=13156"},"modified":"2026-04-02T10:17:22","modified_gmt":"2026-04-02T08:17:22","slug":"oscuros-iv","status":"publish","type":"page","link":"https:\/\/pedrocasiano.es\/?page_id=13156","title":{"rendered":"Oscuros IV"},"content":{"rendered":"\n<div class=\"wp-block-cover alignfull has-custom-content-position is-position-top-left\" style=\"min-height:512px;aspect-ratio:unset;\"><img decoding=\"async\" width=\"1024\" height=\"584\" class=\"wp-block-cover__image-background wp-image-13157 lazyload\" alt=\"\" data-src=\"https:\/\/pedrocasiano.es\/wp-content\/uploads\/2025\/02\/woman-8967492peque.jpg\" data-object-fit=\"cover\" src=\"data:image\/svg+xml;base64,PHN2ZyB3aWR0aD0iMSIgaGVpZ2h0PSIxIiB4bWxucz0iaHR0cDovL3d3dy53My5vcmcvMjAwMC9zdmciPjwvc3ZnPg==\" style=\"--smush-placeholder-width: 1024px; --smush-placeholder-aspect-ratio: 1024\/584;\" \/><span aria-hidden=\"true\" class=\"wp-block-cover__background has-background-dim\" style=\"background-color:#6f6554\"><\/span><div class=\"wp-block-cover__inner-container has-global-padding is-layout-constrained wp-block-cover-is-layout-constrained\">\n<ul class=\"wp-block-list\">\n<li><a href=\"https:\/\/pedrocasiano.es\/?p=12744\" data-type=\"post\" data-id=\"12744\" target=\"_blank\" rel=\"noreferrer noopener\">Caminos que Borra el Viento<\/a><\/li>\n\n\n\n<li><a href=\"https:\/\/pedrocasiano.es\/?p=12749\" data-type=\"post\" data-id=\"12749\" target=\"_blank\" rel=\"noreferrer noopener\">Estelas de Vac\u00edo<\/a><\/li>\n\n\n\n<li><a href=\"https:\/\/pedrocasiano.es\/?p=12754\" data-type=\"post\" data-id=\"12754\" target=\"_blank\" rel=\"noreferrer noopener\">La Noche Llega, Cargada de Caras<\/a><\/li>\n\n\n\n<li><a href=\"https:\/\/pedrocasiano.es\/?p=12759\" data-type=\"post\" data-id=\"12759\" target=\"_blank\" rel=\"noreferrer noopener\">Tiempos de Reflexi\u00f3n<\/a><\/li>\n\n\n\n<li><a href=\"https:\/\/pedrocasiano.es\/?p=12764\" data-type=\"post\" data-id=\"12764\" target=\"_blank\" rel=\"noreferrer noopener\">Cuando el Cuerpo se Cansa<\/a><\/li>\n\n\n\n<li><a href=\"https:\/\/pedrocasiano.es\/?p=12769\" data-type=\"post\" data-id=\"12769\" target=\"_blank\" rel=\"noreferrer noopener\">Gotas de Roc\u00edo<\/a><\/li>\n\n\n\n<li><a href=\"https:\/\/pedrocasiano.es\/?p=12774\" data-type=\"post\" data-id=\"12774\" target=\"_blank\" rel=\"noreferrer noopener\">Se\u00f1ales de Vida<\/a><\/li>\n\n\n\n<li><a href=\"https:\/\/pedrocasiano.es\/?p=12810\" data-type=\"post\" data-id=\"12810\" target=\"_blank\" rel=\"noreferrer noopener\">El Fr\u00edo, que Todo Detiene<\/a><\/li>\n\n\n\n<li><a href=\"https:\/\/pedrocasiano.es\/?p=12816\" data-type=\"post\" data-id=\"12816\">Es la Noche<\/a><\/li>\n\n\n\n<li><a href=\"https:\/\/pedrocasiano.es\/?p=12821\" data-type=\"post\" data-id=\"12821\" target=\"_blank\" rel=\"noreferrer noopener\">La Rebeli\u00f3n de los Insectos<\/a><\/li>\n\n\n\n<li><a href=\"https:\/\/pedrocasiano.es\/?p=12826\" data-type=\"post\" data-id=\"12826\" target=\"_blank\" rel=\"noreferrer noopener\">Historias de Noche Cerrada<\/a><\/li>\n\n\n\n<li><a href=\"https:\/\/pedrocasiano.es\/?p=12832\" data-type=\"post\" data-id=\"12832\" target=\"_blank\" rel=\"noreferrer noopener\">Hoy Recuerdo Aquellos Tiempos<\/a><\/li>\n\n\n\n<li><a href=\"https:\/\/pedrocasiano.es\/?p=12935\" data-type=\"post\" data-id=\"12935\" target=\"_blank\" rel=\"noreferrer noopener\">Hoy la lluvia<\/a><\/li>\n\n\n\n<li><a href=\"https:\/\/pedrocasiano.es\/?p=12940\" data-type=\"post\" data-id=\"12940\" target=\"_blank\" rel=\"noreferrer noopener\">Cuando la Vida se Desvanece<\/a><\/li>\n\n\n\n<li><a href=\"https:\/\/pedrocasiano.es\/?p=12945\" data-type=\"post\" data-id=\"12945\" target=\"_blank\" rel=\"noreferrer noopener\">Cristales de Colores<\/a><\/li>\n\n\n\n<li><a href=\"https:\/\/pedrocasiano.es\/?p=12950\" data-type=\"post\" data-id=\"12950\" target=\"_blank\" rel=\"noreferrer noopener\">Escribo, Escribo sin Parar<\/a><\/li>\n\n\n\n<li><a href=\"https:\/\/pedrocasiano.es\/?p=12955\" data-type=\"post\" data-id=\"12955\" target=\"_blank\" rel=\"noreferrer noopener\">Suspiros de Tarde que se Acaba<\/a><\/li>\n\n\n\n<li><a href=\"https:\/\/pedrocasiano.es\/?p=12960\" data-type=\"post\" data-id=\"12960\" target=\"_blank\" rel=\"noreferrer noopener\">La Vida son Rel\u00e1mpagos<\/a><\/li>\n\n\n\n<li><a href=\"https:\/\/pedrocasiano.es\/?p=12965\" data-type=\"post\" data-id=\"12965\" target=\"_blank\" rel=\"noreferrer noopener\">Rescoldos que Quedan<\/a><\/li>\n\n\n\n<li><a href=\"https:\/\/pedrocasiano.es\/?p=12974\" data-type=\"post\" data-id=\"12974\" target=\"_blank\" rel=\"noreferrer noopener\">Tiempos Marcados por el Odio<\/a><\/li>\n<\/ul>\n\n\n\n<p><strong>Todos los Derechos Reservados<\/strong><\/p>\n\n\n\n<p class=\"has-text-align-center\"><strong>\u201cEstas novelas, publicaciones y dem\u00e1s, son obras de ficci\u00f3n. Los nombres, personajes, lugares e incidentes son producto de la imaginaci\u00f3n del autor o son utilizados de manera ficticia. Cualquier parecido con personas, vivas o muertas, o sucesos reales es pura coincidencia.\u201d<\/strong><\/p>\n<\/div><\/div>\n","protected":false},"excerpt":{"rendered":"","protected":false},"author":1,"featured_media":0,"parent":0,"menu_order":0,"comment_status":"closed","ping_status":"closed","template":"","meta":{"inspiro_hide_title":false,"footnotes":""},"class_list":["post-13156","page","type-page","status-publish","hentry"],"featured_media_urls":[],"_links":{"self":[{"href":"https:\/\/pedrocasiano.es\/index.php?rest_route=\/wp\/v2\/pages\/13156","targetHints":{"allow":["GET"]}}],"collection":[{"href":"https:\/\/pedrocasiano.es\/index.php?rest_route=\/wp\/v2\/pages"}],"about":[{"href":"https:\/\/pedrocasiano.es\/index.php?rest_route=\/wp\/v2\/types\/page"}],"author":[{"embeddable":true,"href":"https:\/\/pedrocasiano.es\/index.php?rest_route=\/wp\/v2\/users\/1"}],"replies":[{"embeddable":true,"href":"https:\/\/pedrocasiano.es\/index.php?rest_route=%2Fwp%2Fv2%2Fcomments&post=13156"}],"version-history":[{"count":11,"href":"https:\/\/pedrocasiano.es\/index.php?rest_route=\/wp\/v2\/pages\/13156\/revisions"}],"predecessor-version":[{"id":16629,"href":"https:\/\/pedrocasiano.es\/index.php?rest_route=\/wp\/v2\/pages\/13156\/revisions\/16629"}],"wp:attachment":[{"href":"https:\/\/pedrocasiano.es\/index.php?rest_route=%2Fwp%2Fv2%2Fmedia&parent=13156"}],"curies":[{"name":"wp","href":"https:\/\/api.w.org\/{rel}","templated":true}]}}