{"id":13121,"date":"2025-02-18T16:05:57","date_gmt":"2025-02-18T16:05:57","guid":{"rendered":"https:\/\/pedrocasiano.es\/?page_id=13121"},"modified":"2026-03-31T10:37:54","modified_gmt":"2026-03-31T08:37:54","slug":"decimoseptima","status":"publish","type":"page","link":"https:\/\/pedrocasiano.es\/?page_id=13121","title":{"rendered":"Decimos\u00e9ptima"},"content":{"rendered":"\n<div class=\"wp-block-cover alignfull has-custom-content-position is-position-top-left\" style=\"min-height:571px;aspect-ratio:unset;\"><img decoding=\"async\" width=\"640\" height=\"528\" class=\"wp-block-cover__image-background wp-image-13122 lazyload\" alt=\"\" data-src=\"https:\/\/pedrocasiano.es\/wp-content\/uploads\/2025\/02\/woman-9262805peque.jpg\" data-object-fit=\"cover\" src=\"data:image\/svg+xml;base64,PHN2ZyB3aWR0aD0iMSIgaGVpZ2h0PSIxIiB4bWxucz0iaHR0cDovL3d3dy53My5vcmcvMjAwMC9zdmciPjwvc3ZnPg==\" style=\"--smush-placeholder-width: 640px; --smush-placeholder-aspect-ratio: 640\/528;\" \/><span aria-hidden=\"true\" class=\"wp-block-cover__background has-background-dim\" style=\"background-color:#647683\"><\/span><div class=\"wp-block-cover__inner-container has-global-padding is-layout-constrained wp-block-cover-is-layout-constrained\">\n<ul class=\"wp-block-list\">\n<li><a href=\"https:\/\/pedrocasiano.es\/?p=12648\" data-type=\"post\" data-id=\"12648\" target=\"_blank\" rel=\"noreferrer noopener\">Sonrisas, Sonrisas Huecas (Rima)<\/a><\/li>\n\n\n\n<li><a href=\"https:\/\/pedrocasiano.es\/?p=12653\" data-type=\"post\" data-id=\"12653\" target=\"_blank\" rel=\"noreferrer noopener\">Mosaicos de Vida (Rima)<\/a><\/li>\n\n\n\n<li><a href=\"https:\/\/pedrocasiano.es\/?p=12665\" data-type=\"post\" data-id=\"12665\" target=\"_blank\" rel=\"noreferrer noopener\">Ciudades de Hueso (Rima)<\/a><\/li>\n\n\n\n<li><a href=\"https:\/\/pedrocasiano.es\/?p=12675\" data-type=\"post\" data-id=\"12675\" target=\"_blank\" rel=\"noreferrer noopener\">Un A\u00f1o Nuevo (Rima)<\/a><\/li>\n\n\n\n<li><a href=\"https:\/\/pedrocasiano.es\/?p=12680\" data-type=\"post\" data-id=\"12680\" target=\"_blank\" rel=\"noreferrer noopener\">Monta\u00f1as de Hielo (Rima)<\/a><\/li>\n\n\n\n<li><a href=\"https:\/\/pedrocasiano.es\/?p=12685\" data-type=\"post\" data-id=\"12685\" target=\"_blank\" rel=\"noreferrer noopener\">Concatenar (Rima)<\/a><\/li>\n\n\n\n<li><a href=\"https:\/\/pedrocasiano.es\/?p=12690\" data-type=\"post\" data-id=\"12690\" target=\"_blank\" rel=\"noreferrer noopener\">P\u00e1ramos Solitarios (Rima)<\/a><\/li>\n\n\n\n<li><a href=\"https:\/\/pedrocasiano.es\/?p=12695\" data-type=\"post\" data-id=\"12695\" target=\"_blank\" rel=\"noreferrer noopener\">La Soledad no es Eterna (Rima)<\/a><\/li>\n\n\n\n<li><a href=\"https:\/\/pedrocasiano.es\/?p=12700\" data-type=\"post\" data-id=\"12700\" target=\"_blank\" rel=\"noreferrer noopener\">Ya Nada me Ata Aqu\u00ed (Rima)<\/a><\/li>\n\n\n\n<li><a href=\"https:\/\/pedrocasiano.es\/?p=12705\" data-type=\"post\" data-id=\"12705\" target=\"_blank\" rel=\"noreferrer noopener\">Hoy Escribo, Casi sin Poder (Rima)<\/a><\/li>\n\n\n\n<li><a href=\"https:\/\/pedrocasiano.es\/?p=12747\" data-type=\"post\" data-id=\"12747\" target=\"_blank\" rel=\"noreferrer noopener\">Caminos que Borra el Viento (Rima)<\/a><\/li>\n\n\n\n<li><a href=\"https:\/\/pedrocasiano.es\/?p=12752\" data-type=\"post\" data-id=\"12752\" target=\"_blank\" rel=\"noreferrer noopener\">Estelas de Vac\u00edo (Rima)<\/a><\/li>\n\n\n\n<li><a href=\"https:\/\/pedrocasiano.es\/?p=12757\" data-type=\"post\" data-id=\"12757\" target=\"_blank\" rel=\"noreferrer noopener\">La Noche Llega, Cargada de Caras (Rima)<\/a><\/li>\n\n\n\n<li><a href=\"https:\/\/pedrocasiano.es\/?p=12762\" data-type=\"post\" data-id=\"12762\" target=\"_blank\" rel=\"noreferrer noopener\">Tiempos de Reflexi\u00f3n (Rima)<\/a><\/li>\n\n\n\n<li><a href=\"https:\/\/pedrocasiano.es\/?p=12767\" data-type=\"post\" data-id=\"12767\" target=\"_blank\" rel=\"noreferrer noopener\">Cuando el Cuerpo se Cansa (Rima)<\/a><\/li>\n\n\n\n<li><a href=\"https:\/\/pedrocasiano.es\/?p=12772\" data-type=\"post\" data-id=\"12772\" target=\"_blank\" rel=\"noreferrer noopener\">Gotas de Roc\u00edo (Rima)<\/a><\/li>\n\n\n\n<li><a href=\"https:\/\/pedrocasiano.es\/?p=12777\" data-type=\"post\" data-id=\"12777\" target=\"_blank\" rel=\"noreferrer noopener\">Se\u00f1ales de Vida (Rima)<\/a><\/li>\n\n\n\n<li><a href=\"https:\/\/pedrocasiano.es\/?p=12813\" data-type=\"post\" data-id=\"12813\" target=\"_blank\" rel=\"noreferrer noopener\">El Fr\u00edo, que Todo Detiene (Rima)<\/a><\/li>\n\n\n\n<li><a href=\"https:\/\/pedrocasiano.es\/?p=12819\" data-type=\"post\" data-id=\"12819\" target=\"_blank\" rel=\"noreferrer noopener\">Es la Noche (Rima)<\/a><\/li>\n\n\n\n<li><a href=\"https:\/\/pedrocasiano.es\/?p=12824\" data-type=\"post\" data-id=\"12824\" target=\"_blank\" rel=\"noreferrer noopener\">La Rebeli\u00f3n de los Insectos (Rima)<\/a><\/li>\n<\/ul>\n\n\n\n<p><strong>Todos los Derechos Reservados<\/strong><\/p>\n\n\n\n<p><strong>\u201cEstas novelas, publicaciones y dem\u00e1s, son obras de ficci\u00f3n. Los nombres, personajes, lugares e incidentes son producto de la imaginaci\u00f3n del autor o son utilizados de manera ficticia. Cualquier parecido con personas, vivas o muertas, o sucesos reales es pura coincidencia.\u201d<\/strong><\/p>\n<\/div><\/div>\n","protected":false},"excerpt":{"rendered":"","protected":false},"author":1,"featured_media":0,"parent":0,"menu_order":0,"comment_status":"closed","ping_status":"closed","template":"","meta":{"inspiro_hide_title":false,"footnotes":""},"class_list":["post-13121","page","type-page","status-publish","hentry"],"featured_media_urls":[],"_links":{"self":[{"href":"https:\/\/pedrocasiano.es\/index.php?rest_route=\/wp\/v2\/pages\/13121","targetHints":{"allow":["GET"]}}],"collection":[{"href":"https:\/\/pedrocasiano.es\/index.php?rest_route=\/wp\/v2\/pages"}],"about":[{"href":"https:\/\/pedrocasiano.es\/index.php?rest_route=\/wp\/v2\/types\/page"}],"author":[{"embeddable":true,"href":"https:\/\/pedrocasiano.es\/index.php?rest_route=\/wp\/v2\/users\/1"}],"replies":[{"embeddable":true,"href":"https:\/\/pedrocasiano.es\/index.php?rest_route=%2Fwp%2Fv2%2Fcomments&post=13121"}],"version-history":[{"count":12,"href":"https:\/\/pedrocasiano.es\/index.php?rest_route=\/wp\/v2\/pages\/13121\/revisions"}],"predecessor-version":[{"id":16460,"href":"https:\/\/pedrocasiano.es\/index.php?rest_route=\/wp\/v2\/pages\/13121\/revisions\/16460"}],"wp:attachment":[{"href":"https:\/\/pedrocasiano.es\/index.php?rest_route=%2Fwp%2Fv2%2Fmedia&parent=13121"}],"curies":[{"name":"wp","href":"https:\/\/api.w.org\/{rel}","templated":true}]}}