{"id":13117,"date":"2025-02-18T16:03:01","date_gmt":"2025-02-18T16:03:01","guid":{"rendered":"https:\/\/pedrocasiano.es\/?page_id=13117"},"modified":"2026-04-02T10:17:02","modified_gmt":"2026-04-02T08:17:02","slug":"oscuros-iii","status":"publish","type":"page","link":"https:\/\/pedrocasiano.es\/?page_id=13117","title":{"rendered":"Oscuros III"},"content":{"rendered":"\n<div class=\"wp-block-cover alignfull has-custom-content-position is-position-top-left\" style=\"min-height:824px;aspect-ratio:unset;\"><img decoding=\"async\" width=\"1024\" height=\"958\" class=\"wp-block-cover__image-background wp-image-13118 lazyload\" alt=\"\" data-src=\"https:\/\/pedrocasiano.es\/wp-content\/uploads\/2025\/02\/ai-generated-8421417peque.jpg\" data-object-fit=\"cover\" src=\"data:image\/svg+xml;base64,PHN2ZyB3aWR0aD0iMSIgaGVpZ2h0PSIxIiB4bWxucz0iaHR0cDovL3d3dy53My5vcmcvMjAwMC9zdmciPjwvc3ZnPg==\" style=\"--smush-placeholder-width: 1024px; --smush-placeholder-aspect-ratio: 1024\/958;\" \/><span aria-hidden=\"true\" class=\"wp-block-cover__background has-background-dim\" style=\"background-color:#2e2b2c\"><\/span><div class=\"wp-block-cover__inner-container has-global-padding is-layout-constrained wp-block-cover-is-layout-constrained\">\n<ul class=\"wp-block-list\">\n<li><a href=\"https:\/\/pedrocasiano.es\/?p=12576\" data-type=\"post\" data-id=\"12576\" target=\"_blank\" rel=\"noreferrer noopener\">Cansancio<\/a><\/li>\n\n\n\n<li><a href=\"https:\/\/pedrocasiano.es\/?p=12581\" data-type=\"post\" data-id=\"12581\" target=\"_blank\" rel=\"noreferrer noopener\">Suspiros Huecos<\/a><\/li>\n\n\n\n<li><a href=\"https:\/\/pedrocasiano.es\/?p=12586\" data-type=\"post\" data-id=\"12586\" target=\"_blank\" rel=\"noreferrer noopener\">Vientos Muertos<\/a><\/li>\n\n\n\n<li><a href=\"https:\/\/pedrocasiano.es\/?p=12594\" data-type=\"post\" data-id=\"12594\" target=\"_blank\" rel=\"noreferrer noopener\">D\u00edas de Ca\u00edn<\/a><\/li>\n\n\n\n<li><a href=\"https:\/\/pedrocasiano.es\/?p=9858\" data-type=\"post\" data-id=\"9858\" target=\"_blank\" rel=\"noreferrer noopener\">Tiempos Convulsos<\/a><\/li>\n\n\n\n<li><a href=\"https:\/\/pedrocasiano.es\/?p=12630\" data-type=\"post\" data-id=\"12630\" target=\"_blank\" rel=\"noreferrer noopener\">Canciones Desesperadas<\/a><\/li>\n\n\n\n<li><a href=\"https:\/\/pedrocasiano.es\/?p=12635\" data-type=\"post\" data-id=\"12635\" target=\"_blank\" rel=\"noreferrer noopener\">Lunas de Colores<\/a><\/li>\n\n\n\n<li><a href=\"https:\/\/pedrocasiano.es\/?p=12640\" data-type=\"post\" data-id=\"12640\" target=\"_blank\" rel=\"noreferrer noopener\">D\u00edas de Sue\u00f1os Muertos<\/a><\/li>\n\n\n\n<li><a href=\"https:\/\/pedrocasiano.es\/?p=12645\" data-type=\"post\" data-id=\"12645\" target=\"_blank\" rel=\"noreferrer noopener\">Sonrisas, Sonrisas Huecas<\/a><\/li>\n\n\n\n<li><a href=\"https:\/\/pedrocasiano.es\/?p=12650\" data-type=\"post\" data-id=\"12650\" target=\"_blank\" rel=\"noreferrer noopener\">Mosaicos de Vida<\/a><\/li>\n\n\n\n<li><a href=\"https:\/\/pedrocasiano.es\/?p=12662\" data-type=\"post\" data-id=\"12662\" target=\"_blank\" rel=\"noreferrer noopener\">Ciudades de Hueso<\/a><\/li>\n\n\n\n<li><a href=\"https:\/\/pedrocasiano.es\/?p=12672\" data-type=\"post\" data-id=\"12672\" target=\"_blank\" rel=\"noreferrer noopener\">Un A\u00f1o Nuevo<\/a><\/li>\n\n\n\n<li><a href=\"https:\/\/pedrocasiano.es\/?p=12677\" data-type=\"post\" data-id=\"12677\" target=\"_blank\" rel=\"noreferrer noopener\">Monta\u00f1as de Hielo<\/a><\/li>\n\n\n\n<li><a href=\"https:\/\/pedrocasiano.es\/?p=12682\" data-type=\"post\" data-id=\"12682\" target=\"_blank\" rel=\"noreferrer noopener\">Concatenar<\/a><\/li>\n\n\n\n<li><a href=\"https:\/\/pedrocasiano.es\/?p=12687\" data-type=\"post\" data-id=\"12687\" target=\"_blank\" rel=\"noreferrer noopener\">P\u00e1ramos Solitarios<\/a><\/li>\n\n\n\n<li><a href=\"https:\/\/pedrocasiano.es\/?p=12692\" data-type=\"post\" data-id=\"12692\" target=\"_blank\" rel=\"noreferrer noopener\">La Soledad no es Eterna<\/a><\/li>\n\n\n\n<li><a href=\"https:\/\/pedrocasiano.es\/?p=12697\" data-type=\"post\" data-id=\"12697\" target=\"_blank\" rel=\"noreferrer noopener\">Ya Nada me Ata Aqu\u00ed<\/a><\/li>\n\n\n\n<li><a href=\"https:\/\/pedrocasiano.es\/?p=12702\" data-type=\"post\" data-id=\"12702\" target=\"_blank\" rel=\"noreferrer noopener\">Hoy Escribo, Casi sin Poder<\/a><\/li>\n<\/ul>\n\n\n\n<p><strong>Todos los Derechos Reservados<\/strong><\/p>\n\n\n\n<p class=\"has-text-align-center\"><strong>\u201cEstas novelas, publicaciones y dem\u00e1s, son obras de ficci\u00f3n. Los nombres, personajes, lugares e incidentes son producto de la imaginaci\u00f3n del autor o son utilizados de manera ficticia. Cualquier parecido con personas, vivas o muertas, o sucesos reales es pura coincidencia.\u201d<\/strong><\/p>\n<\/div><\/div>\n","protected":false},"excerpt":{"rendered":"","protected":false},"author":1,"featured_media":0,"parent":0,"menu_order":0,"comment_status":"closed","ping_status":"closed","template":"","meta":{"inspiro_hide_title":false,"footnotes":""},"class_list":["post-13117","page","type-page","status-publish","hentry"],"featured_media_urls":[],"_links":{"self":[{"href":"https:\/\/pedrocasiano.es\/index.php?rest_route=\/wp\/v2\/pages\/13117","targetHints":{"allow":["GET"]}}],"collection":[{"href":"https:\/\/pedrocasiano.es\/index.php?rest_route=\/wp\/v2\/pages"}],"about":[{"href":"https:\/\/pedrocasiano.es\/index.php?rest_route=\/wp\/v2\/types\/page"}],"author":[{"embeddable":true,"href":"https:\/\/pedrocasiano.es\/index.php?rest_route=\/wp\/v2\/users\/1"}],"replies":[{"embeddable":true,"href":"https:\/\/pedrocasiano.es\/index.php?rest_route=%2Fwp%2Fv2%2Fcomments&post=13117"}],"version-history":[{"count":9,"href":"https:\/\/pedrocasiano.es\/index.php?rest_route=\/wp\/v2\/pages\/13117\/revisions"}],"predecessor-version":[{"id":16628,"href":"https:\/\/pedrocasiano.es\/index.php?rest_route=\/wp\/v2\/pages\/13117\/revisions\/16628"}],"wp:attachment":[{"href":"https:\/\/pedrocasiano.es\/index.php?rest_route=%2Fwp%2Fv2%2Fmedia&parent=13117"}],"curies":[{"name":"wp","href":"https:\/\/api.w.org\/{rel}","templated":true}]}}