{"id":12863,"date":"2025-02-09T06:38:37","date_gmt":"2025-02-09T06:38:37","guid":{"rendered":"https:\/\/pedrocasiano.es\/?page_id=12863"},"modified":"2026-04-02T10:16:35","modified_gmt":"2026-04-02T08:16:35","slug":"oscuros-ii","status":"publish","type":"page","link":"https:\/\/pedrocasiano.es\/?page_id=12863","title":{"rendered":"Oscuros II"},"content":{"rendered":"\n<div class=\"wp-block-cover alignfull has-custom-content-position is-position-top-left\" style=\"min-height:842px;aspect-ratio:unset;\"><img decoding=\"async\" width=\"1024\" height=\"683\" class=\"wp-block-cover__image-background wp-image-12864 lazyload\" alt=\"\" data-src=\"https:\/\/pedrocasiano.es\/wp-content\/uploads\/2025\/02\/girl-865304peque.jpg\" data-object-fit=\"cover\" data-srcset=\"https:\/\/pedrocasiano.es\/wp-content\/uploads\/2025\/02\/girl-865304peque.jpg 1024w, https:\/\/pedrocasiano.es\/wp-content\/uploads\/2025\/02\/girl-865304peque-600x400.jpg 600w\" data-sizes=\"(max-width: 1024px) 100vw, 1024px\" src=\"data:image\/svg+xml;base64,PHN2ZyB3aWR0aD0iMSIgaGVpZ2h0PSIxIiB4bWxucz0iaHR0cDovL3d3dy53My5vcmcvMjAwMC9zdmciPjwvc3ZnPg==\" style=\"--smush-placeholder-width: 1024px; --smush-placeholder-aspect-ratio: 1024\/683;\" \/><span aria-hidden=\"true\" class=\"wp-block-cover__background has-background-dim\" style=\"background-color:#443527\"><\/span><div class=\"wp-block-cover__inner-container has-global-padding is-layout-constrained wp-block-cover-is-layout-constrained\">\n<ul class=\"wp-block-list\">\n<li><a href=\"https:\/\/pedrocasiano.es\/?p=11897\" data-type=\"post\" data-id=\"11897\" target=\"_blank\" rel=\"noreferrer noopener\">La Noche se Cierra sobre s\u00ed Misma<\/a><\/li>\n\n\n\n<li><a href=\"https:\/\/pedrocasiano.es\/?p=11904\" data-type=\"post\" data-id=\"11904\" target=\"_blank\" rel=\"noreferrer noopener\">Campos Verdes al Atardecer<\/a><\/li>\n\n\n\n<li><a href=\"https:\/\/pedrocasiano.es\/?p=11911\" data-type=\"post\" data-id=\"11911\" target=\"_blank\" rel=\"noreferrer noopener\">Paisajes Urbanos<\/a><\/li>\n\n\n\n<li><a href=\"https:\/\/pedrocasiano.es\/?p=11919\" data-type=\"post\" data-id=\"11919\" target=\"_blank\" rel=\"noreferrer noopener\">Cuando Oscurece<\/a><\/li>\n\n\n\n<li><a href=\"https:\/\/pedrocasiano.es\/?page_id=6242\" data-type=\"page\" data-id=\"6242\" target=\"_blank\" rel=\"noreferrer noopener\">Llega El Fr\u00edo<\/a><\/li>\n\n\n\n<li><a href=\"https:\/\/pedrocasiano.es\/?p=11936\" data-type=\"post\" data-id=\"11936\" target=\"_blank\" rel=\"noreferrer noopener\">Cuando llega el Frio<\/a><\/li>\n\n\n\n<li><a href=\"https:\/\/pedrocasiano.es\/?p=11943\" data-type=\"post\" data-id=\"11943\" target=\"_blank\" rel=\"noreferrer noopener\">Tiempos de Gloria<\/a><\/li>\n\n\n\n<li><a href=\"https:\/\/pedrocasiano.es\/?p=11951\" data-type=\"post\" data-id=\"11951\" target=\"_blank\" rel=\"noreferrer noopener\">\u00c1ngeles Negros<\/a><\/li>\n\n\n\n<li><a href=\"https:\/\/pedrocasiano.es\/?p=11958\" data-type=\"post\" data-id=\"11958\" target=\"_blank\" rel=\"noreferrer noopener\">Ha Cambiado el Tiempo<\/a><\/li>\n\n\n\n<li><a href=\"https:\/\/pedrocasiano.es\/?p=11965\" data-type=\"post\" data-id=\"11965\" target=\"_blank\" rel=\"noreferrer noopener\">Sombras de Tiempos Pasados<\/a><\/li>\n\n\n\n<li><a href=\"https:\/\/pedrocasiano.es\/?p=11972\" data-type=\"post\" data-id=\"11972\" target=\"_blank\" rel=\"noreferrer noopener\">Hoy, en mi Cabeza Mir\u00e9<\/a><\/li>\n\n\n\n<li><a href=\"https:\/\/pedrocasiano.es\/?p=11980\" data-type=\"post\" data-id=\"11980\" target=\"_blank\" rel=\"noreferrer noopener\">Canciones de Mundos Extra\u00f1os<\/a><\/li>\n\n\n\n<li><a href=\"https:\/\/pedrocasiano.es\/?p=12524\" data-type=\"post\" data-id=\"12524\" target=\"_blank\" rel=\"noreferrer noopener\">Oigo la Bella Voz<\/a><\/li>\n\n\n\n<li><a href=\"https:\/\/pedrocasiano.es\/?p=12530\" data-type=\"post\" data-id=\"12530\" target=\"_blank\" rel=\"noreferrer noopener\">El Ritmo de las Canciones<\/a><\/li>\n\n\n\n<li><a href=\"https:\/\/pedrocasiano.es\/?p=12535\" data-type=\"post\" data-id=\"12535\" target=\"_blank\" rel=\"noreferrer noopener\">Siempre hay Nubes<\/a><\/li>\n\n\n\n<li><a href=\"https:\/\/pedrocasiano.es\/?p=12540\" data-type=\"post\" data-id=\"12540\" target=\"_blank\" rel=\"noreferrer noopener\">El Calor, que Huye<\/a><\/li>\n\n\n\n<li><a href=\"https:\/\/pedrocasiano.es\/?p=12545\" data-type=\"post\" data-id=\"12545\" target=\"_blank\" rel=\"noreferrer noopener\">Tiempos Oscuros<\/a><\/li>\n\n\n\n<li><a href=\"https:\/\/pedrocasiano.es\/?p=12561\" data-type=\"post\" data-id=\"12561\" target=\"_blank\" rel=\"noreferrer noopener\">Cansado, Como si Hubiera Hecho Todo<\/a><\/li>\n\n\n\n<li><a href=\"https:\/\/pedrocasiano.es\/?p=12566\" data-type=\"post\" data-id=\"12566\" target=\"_blank\" rel=\"noreferrer noopener\">Azares del Tiempo<\/a><\/li>\n\n\n\n<li><a href=\"https:\/\/pedrocasiano.es\/?p=12571\" data-type=\"post\" data-id=\"12571\" target=\"_blank\" rel=\"noreferrer noopener\">Soledades, Murmullos<\/a><\/li>\n<\/ul>\n\n\n\n<p><strong>Todos los Derechos Reservados<\/strong><\/p>\n\n\n\n<p><strong>\u201cEstas novelas, publicaciones y dem\u00e1s, son obras de ficci\u00f3n. Los nombres, personajes, lugares e incidentes son producto de la imaginaci\u00f3n del autor o son utilizados de manera ficticia. Cualquier parecido con personas, vivas o muertas, o sucesos reales es pura coincidencia.\u201d<\/strong><\/p>\n<\/div><\/div>\n","protected":false},"excerpt":{"rendered":"","protected":false},"author":1,"featured_media":0,"parent":0,"menu_order":0,"comment_status":"closed","ping_status":"closed","template":"","meta":{"inspiro_hide_title":false,"footnotes":""},"class_list":["post-12863","page","type-page","status-publish","hentry"],"featured_media_urls":[],"_links":{"self":[{"href":"https:\/\/pedrocasiano.es\/index.php?rest_route=\/wp\/v2\/pages\/12863","targetHints":{"allow":["GET"]}}],"collection":[{"href":"https:\/\/pedrocasiano.es\/index.php?rest_route=\/wp\/v2\/pages"}],"about":[{"href":"https:\/\/pedrocasiano.es\/index.php?rest_route=\/wp\/v2\/types\/page"}],"author":[{"embeddable":true,"href":"https:\/\/pedrocasiano.es\/index.php?rest_route=\/wp\/v2\/users\/1"}],"replies":[{"embeddable":true,"href":"https:\/\/pedrocasiano.es\/index.php?rest_route=%2Fwp%2Fv2%2Fcomments&post=12863"}],"version-history":[{"count":14,"href":"https:\/\/pedrocasiano.es\/index.php?rest_route=\/wp\/v2\/pages\/12863\/revisions"}],"predecessor-version":[{"id":16627,"href":"https:\/\/pedrocasiano.es\/index.php?rest_route=\/wp\/v2\/pages\/12863\/revisions\/16627"}],"wp:attachment":[{"href":"https:\/\/pedrocasiano.es\/index.php?rest_route=%2Fwp%2Fv2%2Fmedia&parent=12863"}],"curies":[{"name":"wp","href":"https:\/\/api.w.org\/{rel}","templated":true}]}}