{"id":12855,"date":"2025-02-09T06:29:04","date_gmt":"2025-02-09T06:29:04","guid":{"rendered":"https:\/\/pedrocasiano.es\/?page_id=12855"},"modified":"2026-03-31T10:37:17","modified_gmt":"2026-03-31T08:37:17","slug":"decimoquinta","status":"publish","type":"page","link":"https:\/\/pedrocasiano.es\/?page_id=12855","title":{"rendered":"Decimoquinta"},"content":{"rendered":"\n<div class=\"wp-block-cover alignfull has-custom-content-position is-position-top-left\"><img decoding=\"async\" width=\"1024\" height=\"683\" class=\"wp-block-cover__image-background wp-image-12856 lazyload\" alt=\"\" data-src=\"https:\/\/pedrocasiano.es\/wp-content\/uploads\/2025\/02\/asia-1807538peque-rotated.jpg\" data-object-fit=\"cover\" data-srcset=\"https:\/\/pedrocasiano.es\/wp-content\/uploads\/2025\/02\/asia-1807538peque-rotated.jpg 1024w, https:\/\/pedrocasiano.es\/wp-content\/uploads\/2025\/02\/asia-1807538peque-600x400.jpg 600w\" data-sizes=\"(max-width: 1024px) 100vw, 1024px\" src=\"data:image\/svg+xml;base64,PHN2ZyB3aWR0aD0iMSIgaGVpZ2h0PSIxIiB4bWxucz0iaHR0cDovL3d3dy53My5vcmcvMjAwMC9zdmciPjwvc3ZnPg==\" style=\"--smush-placeholder-width: 1024px; --smush-placeholder-aspect-ratio: 1024\/683;\" \/><span aria-hidden=\"true\" class=\"wp-block-cover__background has-background-dim\" style=\"background-color:#606558\"><\/span><div class=\"wp-block-cover__inner-container has-global-padding is-layout-constrained wp-block-cover-is-layout-constrained\">\n<p><\/p>\n\n\n\n<ul class=\"wp-block-list\">\n<li><a href=\"https:\/\/pedrocasiano.es\/?p=11809\" data-type=\"post\" data-id=\"11809\" target=\"_blank\" rel=\"noreferrer noopener\">Sonrisas Tristes (Rima)<\/a><\/li>\n\n\n\n<li><a href=\"https:\/\/pedrocasiano.es\/?p=11817\" data-type=\"post\" data-id=\"11817\" target=\"_blank\" rel=\"noreferrer noopener\">Tiempos de Asco (Rima)<\/a><\/li>\n\n\n\n<li><a href=\"https:\/\/pedrocasiano.es\/?p=11824\" data-type=\"post\" data-id=\"11824\" target=\"_blank\" rel=\"noreferrer noopener\">Oyes Susurros (Rima)<\/a><\/li>\n\n\n\n<li><a href=\"https:\/\/pedrocasiano.es\/?p=11839\" data-type=\"post\" data-id=\"11839\" target=\"_blank\" rel=\"noreferrer noopener\">No s\u00e9 ni la Hora que es (Rima)<\/a><\/li>\n\n\n\n<li><a href=\"https:\/\/pedrocasiano.es\/?p=11846\" data-type=\"post\" data-id=\"11846\" target=\"_blank\" rel=\"noreferrer noopener\">Oriflamas (Rima)<\/a><\/li>\n\n\n\n<li><a href=\"https:\/\/pedrocasiano.es\/?p=11853\" data-type=\"post\" data-id=\"11853\" target=\"_blank\" rel=\"noreferrer noopener\">M\u00e1s Poemas (Rima)<\/a><\/li>\n\n\n\n<li><a href=\"https:\/\/pedrocasiano.es\/?p=11860\" data-type=\"post\" data-id=\"11860\" target=\"_blank\" rel=\"noreferrer noopener\">La Penumbra (Rima)<\/a><\/li>\n\n\n\n<li><a href=\"https:\/\/pedrocasiano.es\/?p=11871\" data-type=\"post\" data-id=\"11871\" target=\"_blank\" rel=\"noreferrer noopener\">Durante Mucho Tiempo (Rima)<\/a><\/li>\n\n\n\n<li><a href=\"https:\/\/pedrocasiano.es\/?p=11878\" data-type=\"post\" data-id=\"11878\" target=\"_blank\" rel=\"noreferrer noopener\">Seres Extra\u00f1os (Ri<\/a><a href=\"https:\/\/pedrocasiano.es\/?p=11878\" data-type=\"post\" data-id=\"11878\">ma)<\/a><\/li>\n\n\n\n<li><a href=\"https:\/\/pedrocasiano.es\/?p=11885\" data-type=\"post\" data-id=\"11885\" target=\"_blank\" rel=\"noreferrer noopener\">Cuando la Vida se Escapa (Rima)<\/a><\/li>\n\n\n\n<li><a href=\"https:\/\/pedrocasiano.es\/?p=11890\" data-type=\"post\" data-id=\"11890\" target=\"_blank\" rel=\"noreferrer noopener\">Hoy se Marcha una Generaci\u00f3n (Rima)<\/a><\/li>\n\n\n\n<li><a href=\"https:\/\/pedrocasiano.es\/?p=11900\" data-type=\"post\" data-id=\"11900\" target=\"_blank\" rel=\"noreferrer noopener\">La Noche se Cierra sobre s\u00ed Misma (Rima)<\/a><\/li>\n\n\n\n<li><a href=\"https:\/\/pedrocasiano.es\/?p=11907\" data-type=\"post\" data-id=\"11907\" target=\"_blank\" rel=\"noreferrer noopener\">Campos Verdes al Atardecer (Rima)<\/a><\/li>\n\n\n\n<li><a href=\"https:\/\/pedrocasiano.es\/?p=11914\" data-type=\"post\" data-id=\"11914\" target=\"_blank\" rel=\"noreferrer noopener\">Paisajes Urbanos (Rima)<\/a><\/li>\n\n\n\n<li><a href=\"https:\/\/pedrocasiano.es\/?p=11922\" data-type=\"post\" data-id=\"11922\" target=\"_blank\" rel=\"noreferrer noopener\">Cuando Oscurece (Rima)<\/a><\/li>\n\n\n\n<li><a href=\"https:\/\/pedrocasiano.es\/?p=11929\" data-type=\"post\" data-id=\"11929\" target=\"_blank\" rel=\"noreferrer noopener\">Llega el Frio, Escarcha (Rima)<\/a><\/li>\n\n\n\n<li><a href=\"https:\/\/pedrocasiano.es\/?p=11939\" data-type=\"post\" data-id=\"11939\" target=\"_blank\" rel=\"noreferrer noopener\">Cuando llega el Frio (Rima)<\/a><\/li>\n\n\n\n<li><a href=\"https:\/\/pedrocasiano.es\/?p=11946\" data-type=\"post\" data-id=\"11946\" target=\"_blank\" rel=\"noreferrer noopener\">Tiempos de Gloria (Rima)<\/a><\/li>\n\n\n\n<li><a href=\"https:\/\/pedrocasiano.es\/?p=11954\" data-type=\"post\" data-id=\"11954\" target=\"_blank\" rel=\"noreferrer noopener\">\u00c1ngeles Negros (Rima)<\/a><\/li>\n<\/ul>\n\n\n\n<p><strong>Todos los Derechos Reservados<\/strong><\/p>\n\n\n\n<p><strong>\u201cEstas novelas, publicaciones y dem\u00e1s, son obras de ficci\u00f3n. Los nombres, personajes, lugares e incidentes son producto de la imaginaci\u00f3n del autor o son utilizados de manera ficticia. Cualquier parecido con personas, vivas o muertas, o sucesos reales es pura coincidencia.\u201d<\/strong><\/p>\n<\/div><\/div>\n","protected":false},"excerpt":{"rendered":"","protected":false},"author":1,"featured_media":0,"parent":0,"menu_order":0,"comment_status":"closed","ping_status":"closed","template":"","meta":{"inspiro_hide_title":false,"footnotes":""},"class_list":["post-12855","page","type-page","status-publish","hentry"],"featured_media_urls":[],"_links":{"self":[{"href":"https:\/\/pedrocasiano.es\/index.php?rest_route=\/wp\/v2\/pages\/12855","targetHints":{"allow":["GET"]}}],"collection":[{"href":"https:\/\/pedrocasiano.es\/index.php?rest_route=\/wp\/v2\/pages"}],"about":[{"href":"https:\/\/pedrocasiano.es\/index.php?rest_route=\/wp\/v2\/types\/page"}],"author":[{"embeddable":true,"href":"https:\/\/pedrocasiano.es\/index.php?rest_route=\/wp\/v2\/users\/1"}],"replies":[{"embeddable":true,"href":"https:\/\/pedrocasiano.es\/index.php?rest_route=%2Fwp%2Fv2%2Fcomments&post=12855"}],"version-history":[{"count":8,"href":"https:\/\/pedrocasiano.es\/index.php?rest_route=\/wp\/v2\/pages\/12855\/revisions"}],"predecessor-version":[{"id":16458,"href":"https:\/\/pedrocasiano.es\/index.php?rest_route=\/wp\/v2\/pages\/12855\/revisions\/16458"}],"wp:attachment":[{"href":"https:\/\/pedrocasiano.es\/index.php?rest_route=%2Fwp%2Fv2%2Fmedia&parent=12855"}],"curies":[{"name":"wp","href":"https:\/\/api.w.org\/{rel}","templated":true}]}}