{"id":128,"date":"2024-02-14T16:09:33","date_gmt":"2024-02-14T16:09:33","guid":{"rendered":"https:\/\/pedrocasiano.es\/?page_id=128"},"modified":"2024-08-03T03:37:28","modified_gmt":"2024-08-03T03:37:28","slug":"el-aguila-y-la-serpiente","status":"publish","type":"page","link":"https:\/\/pedrocasiano.es\/?page_id=128","title":{"rendered":"El \u00c1guila y la Serpiente."},"content":{"rendered":"\n<div class=\"wp-block-media-text is-stacked-on-mobile is-vertically-aligned-top\"><figure class=\"wp-block-media-text__media\"><img decoding=\"async\" width=\"533\" height=\"800\" data-src=\"https:\/\/pedrocasiano.es\/wp-content\/uploads\/2024\/03\/Portada-Pablo-y-Rosa_7_prueba.jpg\" alt=\"\" class=\"wp-image-6037 size-full lazyload\" src=\"data:image\/svg+xml;base64,PHN2ZyB3aWR0aD0iMSIgaGVpZ2h0PSIxIiB4bWxucz0iaHR0cDovL3d3dy53My5vcmcvMjAwMC9zdmciPjwvc3ZnPg==\" style=\"--smush-placeholder-width: 533px; --smush-placeholder-aspect-ratio: 533\/800;\" \/><\/figure><div class=\"wp-block-media-text__content\">\n<p>De nuevo una vuelta de tuerca al destino. Pablo es obligado a ir a M\u00e9xico, al lejano y misterioso M\u00e9xico.<\/p>\n\n\n\n<p>Y la Profec\u00eda, que vuelve con m\u00e1s virulencia que antes, ahora es el pante\u00f3n mexicano el que moldea el futuro de nuestros h\u00e9roes, lejos de la patria, indeseados, solos.<\/p>\n\n\n\n<p>Pablo que tiene que forjar la herramienta para que M\u00e9xico luche contra sus demonios, a pesar de todos contra todos.<\/p>\n\n\n\n<p>Y forja la herramienta, la m\u00e1s dura, la m\u00e1s poderosa, cruel incluso, nadie cree en el futuro de lo que ha creado, sus enemigos aguardan por todos lados, esperando solo a que falle, a que no pueda llevar a cabo su misi\u00f3n.<\/p>\n\n\n\n<p>Y el amor de Pablo y Rosa, cada vez m\u00e1s fuerte, cada vez expuesto a m\u00e1s problemas, \u00bfpodr\u00e1 sobrevivir?, hacerse a\u00fan m\u00e1s fuerte.<\/p>\n\n\n\n<p>Espa\u00f1a, M\u00e9xico, dos amores lejanos y posibles, dos banderas y un solo coraz\u00f3n, as\u00ed se siente Pablo, y aun sabiendo que van a una muerte segura, que han sido traicionados por aquellos que ten\u00eda que protegerlos, no dudan y se lanzan de cabeza a la vor\u00e1gine.<\/p>\n\n\n\n<p>Y los dioses Aztecas miran desde las alturas al Puma, como desgarra, como mata, como muere por la tierra de los Mexicas, por ellos, por el futuro y todo se funde en el negro total de la muerte y la destrucci\u00f3n m\u00e1s cruel.<\/p>\n\n\n\n<p>Rosa vuelve a Espa\u00f1a, all\u00ed la red de la ara\u00f1a la atrapa, Pablo en la batalla y Rosa sola, cercana a la muerte por aquellos que ten\u00edan que protegerla, \u00bfC\u00f3mo saldr\u00e1 Rosa, sola y desvalida del pozo de muerte y dolor en donde quieren que pase el resto de su vida?\u00bfCu\u00e1l ser\u00e1 el futuro de Pablo y Rosa, cual su destino?<\/p>\n<\/div><\/div>\n\n\n\n<figure class=\"wp-block-embed alignright is-type-rich is-provider-amazon wp-block-embed-amazon\"><div class=\"wp-block-embed__wrapper\">\n<iframe title=\"Pablo y Rosa 7. El Aguila y la Serpiente.\" type=\"text\/html\" width=\"950\" height=\"550\" frameborder=\"0\" allowfullscreen style=\"max-width:100%\" data-src=\"https:\/\/leer.amazon.es\/kp\/card?preview=inline&#038;linkCode=kpd&#038;ref_=k4w_oembed_kQhSwxJsm9bHMx&#038;asin=B0777RPH4V&#038;tag=kpembed-20\" src=\"data:image\/svg+xml;base64,PHN2ZyB3aWR0aD0iMSIgaGVpZ2h0PSIxIiB4bWxucz0iaHR0cDovL3d3dy53My5vcmcvMjAwMC9zdmciPjwvc3ZnPg==\" class=\"lazyload\" data-load-mode=\"1\"><\/iframe>\n<\/div><\/figure>\n","protected":false},"excerpt":{"rendered":"<p>De nuevo una vuelta de tuerca al destino. Pablo es obligado a ir a M\u00e9xico, al lejano y misterioso M\u00e9xico. Y la Profec\u00eda, que vuelve con m\u00e1s virulencia que antes, ahora es el pante\u00f3n mexicano el que moldea el futuro de nuestros h\u00e9roes, lejos de la patria, indeseados, solos. Pablo que tiene que forjar la &hellip; <\/p>\n<p class=\"link-more\"><a href=\"https:\/\/pedrocasiano.es\/?page_id=128\" class=\"more-link\">Leer m\u00e1s<span class=\"screen-reader-text\"> \u00abEl \u00c1guila y la Serpiente.\u00bb<\/span><\/a><\/p>\n","protected":false},"author":1,"featured_media":0,"parent":0,"menu_order":0,"comment_status":"closed","ping_status":"closed","template":"","meta":{"inspiro_hide_title":false,"footnotes":""},"class_list":["post-128","page","type-page","status-publish","hentry"],"featured_media_urls":[],"_links":{"self":[{"href":"https:\/\/pedrocasiano.es\/index.php?rest_route=\/wp\/v2\/pages\/128","targetHints":{"allow":["GET"]}}],"collection":[{"href":"https:\/\/pedrocasiano.es\/index.php?rest_route=\/wp\/v2\/pages"}],"about":[{"href":"https:\/\/pedrocasiano.es\/index.php?rest_route=\/wp\/v2\/types\/page"}],"author":[{"embeddable":true,"href":"https:\/\/pedrocasiano.es\/index.php?rest_route=\/wp\/v2\/users\/1"}],"replies":[{"embeddable":true,"href":"https:\/\/pedrocasiano.es\/index.php?rest_route=%2Fwp%2Fv2%2Fcomments&post=128"}],"version-history":[{"count":5,"href":"https:\/\/pedrocasiano.es\/index.php?rest_route=\/wp\/v2\/pages\/128\/revisions"}],"predecessor-version":[{"id":8218,"href":"https:\/\/pedrocasiano.es\/index.php?rest_route=\/wp\/v2\/pages\/128\/revisions\/8218"}],"wp:attachment":[{"href":"https:\/\/pedrocasiano.es\/index.php?rest_route=%2Fwp%2Fv2%2Fmedia&parent=128"}],"curies":[{"name":"wp","href":"https:\/\/api.w.org\/{rel}","templated":true}]}}