{"id":12444,"date":"2025-01-19T06:49:56","date_gmt":"2025-01-19T06:49:56","guid":{"rendered":"https:\/\/pedrocasiano.es\/?page_id=12444"},"modified":"2026-04-23T13:12:15","modified_gmt":"2026-04-23T11:12:15","slug":"el-vuelo-de-las-garzas-2","status":"publish","type":"page","link":"https:\/\/pedrocasiano.es\/?page_id=12444","title":{"rendered":"El Vuelo de las Garzas"},"content":{"rendered":"\n<div class=\"wp-block-cover alignfull has-custom-content-position is-position-top-left\" style=\"min-height:621px;aspect-ratio:unset;\"><img decoding=\"async\" width=\"1024\" height=\"731\" class=\"wp-block-cover__image-background wp-image-12445 lazyload\" alt=\"\" data-src=\"https:\/\/pedrocasiano.es\/wp-content\/uploads\/2025\/01\/car-8341712peque.jpg\" data-object-fit=\"cover\" src=\"data:image\/svg+xml;base64,PHN2ZyB3aWR0aD0iMSIgaGVpZ2h0PSIxIiB4bWxucz0iaHR0cDovL3d3dy53My5vcmcvMjAwMC9zdmciPjwvc3ZnPg==\" style=\"--smush-placeholder-width: 1024px; --smush-placeholder-aspect-ratio: 1024\/731;\" \/><span aria-hidden=\"true\" class=\"wp-block-cover__background has-background-dim\" style=\"background-color:#5d7181\"><\/span><div class=\"wp-block-cover__inner-container has-global-padding is-layout-constrained wp-block-cover-is-layout-constrained\">\n<p class=\"has-text-align-center has-large-font-size\">El Vuelo de Las Garzas<\/p>\n\n\n\n<ul class=\"wp-block-list\">\n<li><a href=\"https:\/\/pedrocasiano.es\/?p=12449\" data-type=\"post\" data-id=\"12449\" target=\"_blank\" rel=\"noreferrer noopener\">CAP\u00cdTULO I. La Sierra<\/a><\/li>\n\n\n\n<li><a href=\"https:\/\/pedrocasiano.es\/?p=12452\" data-type=\"post\" data-id=\"12452\" target=\"_blank\" rel=\"noreferrer noopener\">CAP\u00cdTULO II. El Descubrimiento<\/a><\/li>\n\n\n\n<li><a href=\"https:\/\/pedrocasiano.es\/?p=12456\" data-type=\"post\" data-id=\"12456\">CAP\u00cdTULO III. A Pesar <\/a><a href=\"https:\/\/pedrocasiano.es\/?p=12456\" data-type=\"post\" data-id=\"12456\" target=\"_blank\" rel=\"noreferrer noopener\">d<\/a><a href=\"https:\/\/pedrocasiano.es\/?p=12456\" data-type=\"post\" data-id=\"12456\">e Todo<\/a><\/li>\n\n\n\n<li><a href=\"https:\/\/pedrocasiano.es\/?p=12459\" data-type=\"post\" data-id=\"12459\" target=\"_blank\" rel=\"noreferrer noopener\">CAP\u00cdTULO IV. Descubrimientos<\/a><\/li>\n\n\n\n<li><a href=\"https:\/\/pedrocasiano.es\/?p=12462\" data-type=\"post\" data-id=\"12462\" target=\"_blank\" rel=\"noreferrer noopener\">CAP\u00cdTULO V. Cosas Nuevas<\/a><\/li>\n\n\n\n<li><a href=\"https:\/\/pedrocasiano.es\/?p=12465\" data-type=\"post\" data-id=\"12465\" target=\"_blank\" rel=\"noreferrer noopener\">CAP\u00cdTULO VI. La Vida de Otros<\/a><\/li>\n\n\n\n<li><a href=\"https:\/\/pedrocasiano.es\/?p=12467\" data-type=\"post\" data-id=\"12467\" target=\"_blank\" rel=\"noreferrer noopener\">CAP\u00cdTULO VII. M\u00e1s Locuras<\/a><\/li>\n<\/ul>\n\n\n\n<p><\/p>\n\n\n\n<p>Todos los Derechos Reservados<\/p>\n\n\n\n<p class=\"has-text-align-center\"><strong>\u201cEstas novelas, publicaciones y dem\u00e1s, son obras de ficci\u00f3n. Los nombres, personajes, lugares e incidentes son producto de la imaginaci\u00f3n del autor o son utilizados de manera ficticia. Cualquier parecido con personas, vivas o muertas, o sucesos reales es pura coincidencia.\u201d<\/strong><\/p>\n<\/div><\/div>\n","protected":false},"excerpt":{"rendered":"","protected":false},"author":1,"featured_media":0,"parent":0,"menu_order":0,"comment_status":"closed","ping_status":"closed","template":"","meta":{"inspiro_hide_title":false,"footnotes":""},"class_list":["post-12444","page","type-page","status-publish","hentry"],"featured_media_urls":[],"_links":{"self":[{"href":"https:\/\/pedrocasiano.es\/index.php?rest_route=\/wp\/v2\/pages\/12444","targetHints":{"allow":["GET"]}}],"collection":[{"href":"https:\/\/pedrocasiano.es\/index.php?rest_route=\/wp\/v2\/pages"}],"about":[{"href":"https:\/\/pedrocasiano.es\/index.php?rest_route=\/wp\/v2\/types\/page"}],"author":[{"embeddable":true,"href":"https:\/\/pedrocasiano.es\/index.php?rest_route=\/wp\/v2\/users\/1"}],"replies":[{"embeddable":true,"href":"https:\/\/pedrocasiano.es\/index.php?rest_route=%2Fwp%2Fv2%2Fcomments&post=12444"}],"version-history":[{"count":10,"href":"https:\/\/pedrocasiano.es\/index.php?rest_route=\/wp\/v2\/pages\/12444\/revisions"}],"predecessor-version":[{"id":16791,"href":"https:\/\/pedrocasiano.es\/index.php?rest_route=\/wp\/v2\/pages\/12444\/revisions\/16791"}],"wp:attachment":[{"href":"https:\/\/pedrocasiano.es\/index.php?rest_route=%2Fwp%2Fv2%2Fmedia&parent=12444"}],"curies":[{"name":"wp","href":"https:\/\/api.w.org\/{rel}","templated":true}]}}