{"id":12439,"date":"2025-01-19T06:28:45","date_gmt":"2025-01-19T06:28:45","guid":{"rendered":"https:\/\/pedrocasiano.es\/?page_id=12439"},"modified":"2026-03-31T10:42:43","modified_gmt":"2026-03-31T08:42:43","slug":"capitulos-del-46-a","status":"publish","type":"page","link":"https:\/\/pedrocasiano.es\/?page_id=12439","title":{"rendered":"Vig\u00e9simo Novena"},"content":{"rendered":"\n<div class=\"wp-block-cover alignfull is-light has-custom-content-position is-position-top-left\" style=\"min-height:1476px;aspect-ratio:unset;\"><img decoding=\"async\" width=\"1024\" height=\"1024\" class=\"wp-block-cover__image-background wp-image-12440 lazyload\" alt=\"\" data-src=\"https:\/\/pedrocasiano.es\/wp-content\/uploads\/2025\/01\/woman-7776691peque.jpg\" data-object-fit=\"cover\" data-srcset=\"https:\/\/pedrocasiano.es\/wp-content\/uploads\/2025\/01\/woman-7776691peque.jpg 1024w, https:\/\/pedrocasiano.es\/wp-content\/uploads\/2025\/01\/woman-7776691peque-300x300.jpg 300w, https:\/\/pedrocasiano.es\/wp-content\/uploads\/2025\/01\/woman-7776691peque-150x150.jpg 150w\" data-sizes=\"(max-width: 1024px) 100vw, 1024px\" src=\"data:image\/svg+xml;base64,PHN2ZyB3aWR0aD0iMSIgaGVpZ2h0PSIxIiB4bWxucz0iaHR0cDovL3d3dy53My5vcmcvMjAwMC9zdmciPjwvc3ZnPg==\" style=\"--smush-placeholder-width: 1024px; --smush-placeholder-aspect-ratio: 1024\/1024;\" \/><span aria-hidden=\"true\" class=\"wp-block-cover__background has-background-dim\" style=\"background-color:#8f7f7b\"><\/span><div class=\"wp-block-cover__inner-container has-global-padding is-layout-constrained wp-block-cover-is-layout-constrained\">\n<ul class=\"wp-block-list\">\n<li><a href=\"https:\/\/pedrocasiano.es\/?p=15360\" data-type=\"post\" data-id=\"15360\" target=\"_blank\" rel=\"noreferrer noopener\">Sonidos que Llenan Huecos (Rima)<\/a><\/li>\n\n\n\n<li><a href=\"https:\/\/pedrocasiano.es\/?p=15365\" data-type=\"post\" data-id=\"15365\" target=\"_blank\" rel=\"noreferrer noopener\">Canciones que Nadie Oye (Rima)<\/a><\/li>\n\n\n\n<li><a href=\"https:\/\/pedrocasiano.es\/?p=15370\" data-type=\"post\" data-id=\"15370\" target=\"_blank\" rel=\"noreferrer noopener\">Lugares Sombr\u00edos (Rima)<\/a><\/li>\n\n\n\n<li><a href=\"https:\/\/pedrocasiano.es\/?p=15375\" data-type=\"post\" data-id=\"15375\" target=\"_blank\" rel=\"noreferrer noopener\">Camino de la Fuente (Rima)<\/a><\/li>\n\n\n\n<li><a href=\"https:\/\/pedrocasiano.es\/?p=15429\" data-type=\"post\" data-id=\"15429\" target=\"_blank\" rel=\"noreferrer noopener\">Levantarse al Alba<\/a><\/li>\n\n\n\n<li><a href=\"https:\/\/pedrocasiano.es\/?p=15436\" data-type=\"post\" data-id=\"15436\" target=\"_blank\" rel=\"noreferrer noopener\">Hoy, M\u00e1quina Poderosa (Rima)<\/a><\/li>\n\n\n\n<li><a href=\"https:\/\/pedrocasiano.es\/?p=15667\" data-type=\"post\" data-id=\"15667\" target=\"_blank\" rel=\"noreferrer noopener\">Los D\u00edas se Acabaron (Rima)<\/a><\/li>\n\n\n\n<li><a href=\"https:\/\/pedrocasiano.es\/?p=15672\" data-type=\"post\" data-id=\"15672\" target=\"_blank\" rel=\"noreferrer noopener\">Caminos, Sendas Polvorientas (Rima)<\/a><\/li>\n\n\n\n<li><a href=\"https:\/\/pedrocasiano.es\/?p=15682\" data-type=\"post\" data-id=\"15682\" target=\"_blank\" rel=\"noreferrer noopener\">Almas Tristes en D\u00edas Azules (Rima)<\/a><\/li>\n\n\n\n<li><a href=\"https:\/\/pedrocasiano.es\/?p=15687\" data-type=\"post\" data-id=\"15687\" target=\"_blank\" rel=\"noreferrer noopener\">Canciones que O\u00edr (Rima)<\/a><\/li>\n\n\n\n<li><a href=\"https:\/\/pedrocasiano.es\/?p=15690\" data-type=\"post\" data-id=\"15690\" target=\"_blank\" rel=\"noreferrer noopener\">D\u00edas de Polvo de Desierto (Rima)<\/a><\/li>\n\n\n\n<li><a href=\"https:\/\/pedrocasiano.es\/?p=15696\" data-type=\"post\" data-id=\"15696\" target=\"_blank\" rel=\"noreferrer noopener\">El Miedo, Amo de Todo (Rima)<\/a><\/li>\n\n\n\n<li><a href=\"https:\/\/pedrocasiano.es\/?p=15710\" data-type=\"post\" data-id=\"15710\" target=\"_blank\" rel=\"noreferrer noopener\">Hoy me he Preguntado (Rima)<\/a><\/li>\n\n\n\n<li><a href=\"https:\/\/pedrocasiano.es\/?p=15714\" data-type=\"post\" data-id=\"15714\" target=\"_blank\" rel=\"noreferrer noopener\">Diarios de una Guerra (Rima)<\/a><\/li>\n\n\n\n<li><a href=\"https:\/\/pedrocasiano.es\/?p=15720\" data-type=\"post\" data-id=\"15720\" target=\"_blank\" rel=\"noreferrer noopener\">Mu\u00f1ecos de Barro (Rima)<\/a><\/li>\n\n\n\n<li><a href=\"https:\/\/pedrocasiano.es\/?p=15725\" data-type=\"post\" data-id=\"15725\" target=\"_blank\" rel=\"noreferrer noopener\">La Cigarra Canta (Rima)<\/a><\/li>\n\n\n\n<li><a href=\"https:\/\/pedrocasiano.es\/?p=15730\" data-type=\"post\" data-id=\"15730\" target=\"_blank\" rel=\"noreferrer noopener\">Explosi\u00f3n de Colores (Rima)<\/a><\/li>\n\n\n\n<li><a href=\"https:\/\/pedrocasiano.es\/?p=15736\" data-type=\"post\" data-id=\"15736\" target=\"_blank\" rel=\"noreferrer noopener\">Nada Queda que Decir (Rima)<\/a><\/li>\n\n\n\n<li><a href=\"https:\/\/pedrocasiano.es\/?p=15758\" data-type=\"post\" data-id=\"15758\" target=\"_blank\" rel=\"noreferrer noopener\">La Vida es la Espera (Rima)<\/a><\/li>\n\n\n\n<li><a href=\"https:\/\/pedrocasiano.es\/?p=15763\" data-type=\"post\" data-id=\"15763\" target=\"_blank\" rel=\"noreferrer noopener\">Sombras, Planean Sombras (Rima)<\/a><\/li>\n<\/ul>\n\n\n\n<p><strong>Todos los Derechos Reservados<\/strong><\/p>\n\n\n\n<p><strong>\u201cEstas novelas, publicaciones y dem\u00e1s, son obras de ficci\u00f3n. Los nombres, personajes, lugares e incidentes son producto de la imaginaci\u00f3n del autor o son utilizados de manera ficticia. Cualquier parecido con personas, vivas o muertas, o sucesos reales es pura coincidencia.\u201d<\/strong><\/p>\n<\/div><\/div>\n","protected":false},"excerpt":{"rendered":"","protected":false},"author":1,"featured_media":0,"parent":0,"menu_order":0,"comment_status":"closed","ping_status":"closed","template":"","meta":{"inspiro_hide_title":false,"footnotes":""},"class_list":["post-12439","page","type-page","status-publish","hentry"],"featured_media_urls":[],"_links":{"self":[{"href":"https:\/\/pedrocasiano.es\/index.php?rest_route=\/wp\/v2\/pages\/12439","targetHints":{"allow":["GET"]}}],"collection":[{"href":"https:\/\/pedrocasiano.es\/index.php?rest_route=\/wp\/v2\/pages"}],"about":[{"href":"https:\/\/pedrocasiano.es\/index.php?rest_route=\/wp\/v2\/types\/page"}],"author":[{"embeddable":true,"href":"https:\/\/pedrocasiano.es\/index.php?rest_route=\/wp\/v2\/users\/1"}],"replies":[{"embeddable":true,"href":"https:\/\/pedrocasiano.es\/index.php?rest_route=%2Fwp%2Fv2%2Fcomments&post=12439"}],"version-history":[{"count":54,"href":"https:\/\/pedrocasiano.es\/index.php?rest_route=\/wp\/v2\/pages\/12439\/revisions"}],"predecessor-version":[{"id":16471,"href":"https:\/\/pedrocasiano.es\/index.php?rest_route=\/wp\/v2\/pages\/12439\/revisions\/16471"}],"wp:attachment":[{"href":"https:\/\/pedrocasiano.es\/index.php?rest_route=%2Fwp%2Fv2%2Fmedia&parent=12439"}],"curies":[{"name":"wp","href":"https:\/\/api.w.org\/{rel}","templated":true}]}}