{"id":124,"date":"2024-02-14T16:06:50","date_gmt":"2024-02-14T16:06:50","guid":{"rendered":"https:\/\/pedrocasiano.es\/?page_id=124"},"modified":"2024-07-08T16:52:39","modified_gmt":"2024-07-08T16:52:39","slug":"alma-negra","status":"publish","type":"page","link":"https:\/\/pedrocasiano.es\/?page_id=124","title":{"rendered":"Alma Negra\u00a0"},"content":{"rendered":"\n<div class=\"wp-block-media-text is-stacked-on-mobile is-vertically-aligned-top\"><figure class=\"wp-block-media-text__media\"><img decoding=\"async\" width=\"533\" height=\"800\" data-src=\"https:\/\/pedrocasiano.es\/wp-content\/uploads\/2024\/03\/Portada-Pablo-y-Rosa_6_prueba.jpg\" alt=\"\" class=\"wp-image-6035 size-full lazyload\" src=\"data:image\/svg+xml;base64,PHN2ZyB3aWR0aD0iMSIgaGVpZ2h0PSIxIiB4bWxucz0iaHR0cDovL3d3dy53My5vcmcvMjAwMC9zdmciPjwvc3ZnPg==\" style=\"--smush-placeholder-width: 533px; --smush-placeholder-aspect-ratio: 533\/800;\" \/><\/figure><div class=\"wp-block-media-text__content\">\n<p>Los enemigos ocultos atacan por sorpresa, caen las caretas, la indefensi\u00f3n, el no poder hacer nada es la creencia de aquellos que le intentan hacer mal. Herido el amor de su vida, quitada la ilusi\u00f3n quieren que Pablo se desmorone, pero es el Lobo, sale lo peor de \u00e9l, ataca como el animal herido que es.<\/p>\n\n\n\n<p>Poderosos se creen intocables, cuando tienen a Pablo casi destruido, a punto de perderlo todo, alguien del pasado crea lo imposible, y da fuerzas, oportunidad para que Pablo pueda continuar luchando.&nbsp;<\/p>\n\n\n\n<p>Y lucha.<\/p>\n\n\n\n<p>Sabe que tendr\u00e1 que pagar el precio de la oportunidad con su sangre, con la sangre de los que quiere pero es la \u00fanica soluci\u00f3n, nada queda si dice que no.<\/p>\n\n\n\n<p>Desenmascara a los traidores, serpientes que est\u00e1n apenas en su regazo, animales que han ocultado sus colmillos durante a\u00f1os, que lo han estudiado que saben doce hacer da\u00f1o, y Pablo tendr\u00e1 que poner su alma en fuego para poder detenerlos.<\/p>\n\n\n\n<p>Como el Lobo rabioso que es ataca donde nadie cree que se puede hacer, en lo imposible, sin medios solo con aquellos que conf\u00eda se lanza en una aventura suicida que pude significar el fin, pero agradece la oportunidad de luchar, la oportunidad de morir matando.&nbsp;<\/p>\n\n\n\n<p>\u00c9l es el Lobo, no se ira solo en la batalla.<\/p>\n\n\n\n<p>Ahora la astucia es la \u00fanica que puede salvar a \u00e9l y a los suyos contra los monstruos a los que se enfrenta, juega con la mentira, con el humo, y se deja llevar hasta el momento en que tiene que atacar y cuando lo hace\u2026<\/p>\n<\/div><\/div>\n\n\n\n<figure class=\"wp-block-embed alignright is-type-rich is-provider-amazon wp-block-embed-amazon\"><div class=\"wp-block-embed__wrapper\">\n<iframe title=\"PABLO Y ROSA VI Alma Negra\" type=\"text\/html\" width=\"950\" height=\"550\" frameborder=\"0\" allowfullscreen style=\"max-width:100%\" data-src=\"https:\/\/leer.amazon.es\/kp\/card?preview=inline&#038;linkCode=kpd&#038;ref_=k4w_oembed_7uk2gH7QCXeqQD&#038;asin=1549589024&#038;tag=kpembed-20\" src=\"data:image\/svg+xml;base64,PHN2ZyB3aWR0aD0iMSIgaGVpZ2h0PSIxIiB4bWxucz0iaHR0cDovL3d3dy53My5vcmcvMjAwMC9zdmciPjwvc3ZnPg==\" class=\"lazyload\" data-load-mode=\"1\"><\/iframe>\n<\/div><\/figure>\n","protected":false},"excerpt":{"rendered":"<p>Los enemigos ocultos atacan por sorpresa, caen las caretas, la indefensi\u00f3n, el no poder hacer nada es la creencia de aquellos que le intentan hacer mal. Herido el amor de su vida, quitada la ilusi\u00f3n quieren que Pablo se desmorone, pero es el Lobo, sale lo peor de \u00e9l, ataca como el animal herido que &hellip; <\/p>\n<p class=\"link-more\"><a href=\"https:\/\/pedrocasiano.es\/?page_id=124\" class=\"more-link\">Leer m\u00e1s<span class=\"screen-reader-text\"> \u00abAlma Negra\u00a0\u00bb<\/span><\/a><\/p>\n","protected":false},"author":1,"featured_media":0,"parent":0,"menu_order":0,"comment_status":"closed","ping_status":"closed","template":"","meta":{"inspiro_hide_title":false,"footnotes":""},"class_list":["post-124","page","type-page","status-publish","hentry"],"featured_media_urls":[],"_links":{"self":[{"href":"https:\/\/pedrocasiano.es\/index.php?rest_route=\/wp\/v2\/pages\/124","targetHints":{"allow":["GET"]}}],"collection":[{"href":"https:\/\/pedrocasiano.es\/index.php?rest_route=\/wp\/v2\/pages"}],"about":[{"href":"https:\/\/pedrocasiano.es\/index.php?rest_route=\/wp\/v2\/types\/page"}],"author":[{"embeddable":true,"href":"https:\/\/pedrocasiano.es\/index.php?rest_route=\/wp\/v2\/users\/1"}],"replies":[{"embeddable":true,"href":"https:\/\/pedrocasiano.es\/index.php?rest_route=%2Fwp%2Fv2%2Fcomments&post=124"}],"version-history":[{"count":5,"href":"https:\/\/pedrocasiano.es\/index.php?rest_route=\/wp\/v2\/pages\/124\/revisions"}],"predecessor-version":[{"id":8217,"href":"https:\/\/pedrocasiano.es\/index.php?rest_route=\/wp\/v2\/pages\/124\/revisions\/8217"}],"wp:attachment":[{"href":"https:\/\/pedrocasiano.es\/index.php?rest_route=%2Fwp%2Fv2%2Fmedia&parent=124"}],"curies":[{"name":"wp","href":"https:\/\/api.w.org\/{rel}","templated":true}]}}