{"id":12327,"date":"2025-01-07T09:50:20","date_gmt":"2025-01-07T09:50:20","guid":{"rendered":"https:\/\/pedrocasiano.es\/?page_id=12327"},"modified":"2026-03-31T10:41:47","modified_gmt":"2026-03-31T08:41:47","slug":"hoy-novela-publicada-diariamente","status":"publish","type":"page","link":"https:\/\/pedrocasiano.es\/?page_id=12327","title":{"rendered":"Vig\u00e9simo S\u00e9ptima"},"content":{"rendered":"\n<div class=\"wp-block-cover alignfull has-custom-content-position is-position-top-left\" style=\"min-height:844px;aspect-ratio:unset;\"><img decoding=\"async\" width=\"1024\" height=\"1024\" class=\"wp-block-cover__image-background wp-image-12328 lazyload\" alt=\"\" data-src=\"https:\/\/pedrocasiano.es\/wp-content\/uploads\/2025\/01\/ai-generated-8400813peque.jpg\" data-object-fit=\"cover\" data-srcset=\"https:\/\/pedrocasiano.es\/wp-content\/uploads\/2025\/01\/ai-generated-8400813peque.jpg 1024w, https:\/\/pedrocasiano.es\/wp-content\/uploads\/2025\/01\/ai-generated-8400813peque-300x300.jpg 300w, https:\/\/pedrocasiano.es\/wp-content\/uploads\/2025\/01\/ai-generated-8400813peque-150x150.jpg 150w\" data-sizes=\"(max-width: 1024px) 100vw, 1024px\" src=\"data:image\/svg+xml;base64,PHN2ZyB3aWR0aD0iMSIgaGVpZ2h0PSIxIiB4bWxucz0iaHR0cDovL3d3dy53My5vcmcvMjAwMC9zdmciPjwvc3ZnPg==\" style=\"--smush-placeholder-width: 1024px; --smush-placeholder-aspect-ratio: 1024\/1024;\" \/><span aria-hidden=\"true\" class=\"wp-block-cover__background has-background-dim\" style=\"background-color:#6b6b6b\"><\/span><div class=\"wp-block-cover__inner-container has-global-padding is-layout-constrained wp-block-cover-is-layout-constrained\">\n<ul class=\"wp-block-list\">\n<li><a href=\"https:\/\/pedrocasiano.es\/?p=15102\" data-type=\"post\" data-id=\"15102\" target=\"_blank\" rel=\"noreferrer noopener\">El Mar, el Mar (Rima)<\/a><\/li>\n\n\n\n<li><a href=\"https:\/\/pedrocasiano.es\/?p=15107\" data-type=\"post\" data-id=\"15107\" target=\"_blank\" rel=\"noreferrer noopener\">Ya mismo Llega el Calor (Rima)<\/a><\/li>\n\n\n\n<li><a href=\"https:\/\/pedrocasiano.es\/?p=15112\" data-type=\"post\" data-id=\"15112\" target=\"_blank\" rel=\"noreferrer noopener\">Todo se Destruye, se Rompe (Rima)<\/a><\/li>\n\n\n\n<li><a href=\"https:\/\/pedrocasiano.es\/?p=15117\" data-type=\"post\" data-id=\"15117\" target=\"_blank\" rel=\"noreferrer noopener\">Tiempos de Lucidez Perdida (Rima)<\/a><\/li>\n\n\n\n<li><a href=\"https:\/\/pedrocasiano.es\/?p=15180\" data-type=\"post\" data-id=\"15180\" target=\"_blank\" rel=\"noreferrer noopener\">Mal de Amores (Rima)<\/a><\/li>\n\n\n\n<li><a href=\"https:\/\/pedrocasiano.es\/?p=15185\" data-type=\"post\" data-id=\"15185\" target=\"_blank\" rel=\"noreferrer noopener\">Lirios del Valle (Rima)<\/a><\/li>\n\n\n\n<li><a href=\"https:\/\/pedrocasiano.es\/?p=15190\" data-type=\"post\" data-id=\"15190\" target=\"_blank\" rel=\"noreferrer noopener\">Lugares de Vistas Pasadas (Rima)<\/a><\/li>\n\n\n\n<li><a href=\"https:\/\/pedrocasiano.es\/?p=15195\" data-type=\"post\" data-id=\"15195\" target=\"_blank\" rel=\"noreferrer noopener\">El Amor se Muere (Rima)<\/a><\/li>\n\n\n\n<li><a href=\"https:\/\/pedrocasiano.es\/?p=15200\" data-type=\"post\" data-id=\"15200\" target=\"_blank\" rel=\"noreferrer noopener\">El Tiempo se Encadena (Rima)<\/a><\/li>\n\n\n\n<li><a href=\"https:\/\/pedrocasiano.es\/?p=15205\" data-type=\"post\" data-id=\"15205\" target=\"_blank\" rel=\"noreferrer noopener\">Gente por la Calle (Rima)<\/a><\/li>\n\n\n\n<li><a href=\"https:\/\/pedrocasiano.es\/?p=15210\" data-type=\"post\" data-id=\"15210\" target=\"_blank\" rel=\"noreferrer noopener\">He Visto como el Mundo (Rima)<\/a><\/li>\n\n\n\n<li><a href=\"https:\/\/pedrocasiano.es\/?p=15215\" data-type=\"post\" data-id=\"15215\" target=\"_blank\" rel=\"noreferrer noopener\">Se Perdieron los P\u00e1jaros (Rima)<\/a><\/li>\n\n\n\n<li><a href=\"https:\/\/pedrocasiano.es\/?p=15220\" data-type=\"post\" data-id=\"15220\" target=\"_blank\" rel=\"noreferrer noopener\">Nada es Importante (Rima)<\/a><\/li>\n\n\n\n<li><a href=\"https:\/\/pedrocasiano.es\/?p=15225\" data-type=\"post\" data-id=\"15225\" target=\"_blank\" rel=\"noreferrer noopener\">Llevo los Zapatos Viejos (Rima)<\/a><\/li>\n\n\n\n<li><a href=\"https:\/\/pedrocasiano.es\/?p=14074\" data-type=\"post\" data-id=\"14074\" target=\"_blank\" rel=\"noreferrer noopener\">Sonidos Extra\u00f1os (Rima)<\/a><\/li>\n\n\n\n<li><a href=\"https:\/\/pedrocasiano.es\/?p=15235\" data-type=\"post\" data-id=\"15235\" target=\"_blank\" rel=\"noreferrer noopener\">Quisiera Pensar que el Mundo ha Cambiado (Rima)<\/a><\/li>\n\n\n\n<li><a href=\"https:\/\/pedrocasiano.es\/?p=15240\" data-type=\"post\" data-id=\"15240\" target=\"_blank\" rel=\"noreferrer noopener\">\u00bfC\u00f3mo no Odiar? (Rima)<\/a><\/li>\n\n\n\n<li><a href=\"https:\/\/pedrocasiano.es\/?p=15245\" data-type=\"post\" data-id=\"15245\" target=\"_blank\" rel=\"noreferrer noopener\">Hoy es un D\u00eda Cansado (Rima)<\/a><\/li>\n\n\n\n<li><a href=\"https:\/\/pedrocasiano.es\/?p=15250\" data-type=\"post\" data-id=\"15250\" target=\"_blank\" rel=\"noreferrer noopener\">La Vida, Algo que Discurre (Rima)<\/a><\/li>\n\n\n\n<li><a href=\"https:\/\/pedrocasiano.es\/?p=15255\" data-type=\"post\" data-id=\"15255\" target=\"_blank\" rel=\"noreferrer noopener\">Tiempo de Colores (Rima)<\/a><\/li>\n<\/ul>\n\n\n\n<p><strong>Todos los Derechos Reservados<\/strong><\/p>\n\n\n\n<p><strong>\u201cEstas novelas, publicaciones y dem\u00e1s, son obras de ficci\u00f3n. Los nombres, personajes, lugares e incidentes son producto de la imaginaci\u00f3n del autor o son utilizados de manera ficticia. Cualquier parecido con personas, vivas o muertas, o sucesos reales es pura coincidencia.\u201d<\/strong><\/p>\n<\/div><\/div>\n","protected":false},"excerpt":{"rendered":"","protected":false},"author":1,"featured_media":0,"parent":0,"menu_order":0,"comment_status":"closed","ping_status":"closed","template":"","meta":{"inspiro_hide_title":false,"footnotes":""},"class_list":["post-12327","page","type-page","status-publish","hentry"],"featured_media_urls":[],"_links":{"self":[{"href":"https:\/\/pedrocasiano.es\/index.php?rest_route=\/wp\/v2\/pages\/12327","targetHints":{"allow":["GET"]}}],"collection":[{"href":"https:\/\/pedrocasiano.es\/index.php?rest_route=\/wp\/v2\/pages"}],"about":[{"href":"https:\/\/pedrocasiano.es\/index.php?rest_route=\/wp\/v2\/types\/page"}],"author":[{"embeddable":true,"href":"https:\/\/pedrocasiano.es\/index.php?rest_route=\/wp\/v2\/users\/1"}],"replies":[{"embeddable":true,"href":"https:\/\/pedrocasiano.es\/index.php?rest_route=%2Fwp%2Fv2%2Fcomments&post=12327"}],"version-history":[{"count":27,"href":"https:\/\/pedrocasiano.es\/index.php?rest_route=\/wp\/v2\/pages\/12327\/revisions"}],"predecessor-version":[{"id":16469,"href":"https:\/\/pedrocasiano.es\/index.php?rest_route=\/wp\/v2\/pages\/12327\/revisions\/16469"}],"wp:attachment":[{"href":"https:\/\/pedrocasiano.es\/index.php?rest_route=%2Fwp%2Fv2%2Fmedia&parent=12327"}],"curies":[{"name":"wp","href":"https:\/\/api.w.org\/{rel}","templated":true}]}}