{"id":12242,"date":"2024-12-27T07:19:03","date_gmt":"2024-12-27T07:19:03","guid":{"rendered":"https:\/\/pedrocasiano.es\/?page_id=12242"},"modified":"2026-03-31T10:36:30","modified_gmt":"2026-03-31T08:36:30","slug":"decimocuarta","status":"publish","type":"page","link":"https:\/\/pedrocasiano.es\/?page_id=12242","title":{"rendered":"Decimocuarta"},"content":{"rendered":"\n<div class=\"wp-block-cover alignfull has-custom-content-position is-position-top-left\" style=\"min-height:608px;aspect-ratio:unset;\"><img decoding=\"async\" width=\"1024\" height=\"584\" class=\"wp-block-cover__image-background wp-image-12243 lazyload\" alt=\"\" data-src=\"https:\/\/pedrocasiano.es\/wp-content\/uploads\/2024\/12\/ai-generated-8846824peque.jpg\" data-object-fit=\"cover\" src=\"data:image\/svg+xml;base64,PHN2ZyB3aWR0aD0iMSIgaGVpZ2h0PSIxIiB4bWxucz0iaHR0cDovL3d3dy53My5vcmcvMjAwMC9zdmciPjwvc3ZnPg==\" style=\"--smush-placeholder-width: 1024px; --smush-placeholder-aspect-ratio: 1024\/584;\" \/><span aria-hidden=\"true\" class=\"wp-block-cover__background has-background-dim\" style=\"background-color:#685e59\"><\/span><div class=\"wp-block-cover__inner-container has-global-padding is-layout-constrained wp-block-cover-is-layout-constrained\">\n<ul class=\"wp-block-list\">\n<li><a href=\"https:\/\/pedrocasiano.es\/?p=12246\" data-type=\"post\" data-id=\"12246\" target=\"_blank\" rel=\"noreferrer noopener\">Mu\u00f1ecas Rotas (Rima)<\/a><\/li>\n\n\n\n<li><a href=\"https:\/\/pedrocasiano.es\/?p=12250\" data-type=\"post\" data-id=\"12250\" target=\"_blank\" rel=\"noreferrer noopener\">D\u00edas de Mar Azul (Rima)<\/a><\/li>\n\n\n\n<li><a href=\"https:\/\/pedrocasiano.es\/?p=12253\" data-type=\"post\" data-id=\"12253\" target=\"_blank\" rel=\"noreferrer noopener\">Hijos de un Viejo Pa\u00eds (Rima)<\/a><\/li>\n\n\n\n<li><a href=\"https:\/\/pedrocasiano.es\/?p=12256\" data-type=\"post\" data-id=\"12256\" target=\"_blank\" rel=\"noreferrer noopener\">Tu Piel (Rima)<\/a><\/li>\n\n\n\n<li><a href=\"https:\/\/pedrocasiano.es\/?p=12259\" data-type=\"post\" data-id=\"12259\" target=\"_blank\" rel=\"noreferrer noopener\">C\u00e1nticos de Madrugada (Rima)<\/a><\/li>\n\n\n\n<li><a href=\"https:\/\/pedrocasiano.es\/?p=12262\" data-type=\"post\" data-id=\"12262\" target=\"_blank\" rel=\"noreferrer noopener\">Te Vi Pasar (Rima)<\/a><\/li>\n\n\n\n<li><a href=\"https:\/\/pedrocasiano.es\/?p=12266\" data-type=\"post\" data-id=\"12266\" target=\"_blank\" rel=\"noreferrer noopener\">Tiempos Convulsos (Rima)<\/a><\/li>\n\n\n\n<li><a href=\"https:\/\/pedrocasiano.es\/?p=12269\" data-type=\"post\" data-id=\"12269\" target=\"_blank\" rel=\"noreferrer noopener\">Cuando Todo Calla (Rima)<\/a><\/li>\n\n\n\n<li><a href=\"https:\/\/pedrocasiano.es\/?p=11713\" data-type=\"post\" data-id=\"11713\" target=\"_blank\" rel=\"noreferrer noopener\">Fantasmas de Sue\u00f1os (Rima)<\/a><\/li>\n\n\n\n<li><a href=\"https:\/\/pedrocasiano.es\/?p=11719\" data-type=\"post\" data-id=\"11719\" target=\"_blank\" rel=\"noreferrer noopener\">Hoy te he Visto por la Calle (Rima)<\/a><\/li>\n\n\n\n<li><a href=\"https:\/\/pedrocasiano.es\/?p=11736\" data-type=\"post\" data-id=\"11736\" target=\"_blank\" rel=\"noreferrer noopener\">Pasan los D\u00edas (Rima)<\/a><\/li>\n\n\n\n<li><a href=\"https:\/\/pedrocasiano.es\/?p=11744\" data-type=\"post\" data-id=\"11744\" target=\"_blank\" rel=\"noreferrer noopener\">Sonr\u00ede (Rima)<\/a><\/li>\n\n\n\n<li><a href=\"https:\/\/pedrocasiano.es\/?p=11751\" data-type=\"post\" data-id=\"11751\" target=\"_blank\" rel=\"noreferrer noopener\">A Vueltas con la Vida (Rima)<\/a><\/li>\n\n\n\n<li><a href=\"https:\/\/pedrocasiano.es\/?p=11758\" data-type=\"post\" data-id=\"11758\" target=\"_blank\" rel=\"noreferrer noopener\">Una Tarde, un Momento (Rima)<\/a><\/li>\n\n\n\n<li><a href=\"https:\/\/pedrocasiano.es\/?p=11765\" data-type=\"post\" data-id=\"11765\" target=\"_blank\" rel=\"noreferrer noopener\">La Esperanza se Marchita (Rima)<\/a><\/li>\n\n\n\n<li><a href=\"https:\/\/pedrocasiano.es\/?p=11772\" data-type=\"post\" data-id=\"11772\" target=\"_blank\" rel=\"noreferrer noopener\">Veinti\u00fan Poemas (Rima)<\/a><\/li>\n\n\n\n<li><a href=\"https:\/\/pedrocasiano.es\/?p=11780\" data-type=\"post\" data-id=\"11780\" target=\"_blank\" rel=\"noreferrer noopener\">Canciones de Amor y Guerra (Rima)<\/a><\/li>\n\n\n\n<li><a href=\"https:\/\/pedrocasiano.es\/?p=11787\" data-type=\"post\" data-id=\"11787\" target=\"_blank\" rel=\"noreferrer noopener\">No hay Sosiego (Rima)<\/a><\/li>\n\n\n\n<li><a href=\"https:\/\/pedrocasiano.es\/?p=11794\" data-type=\"post\" data-id=\"11794\" target=\"_blank\" rel=\"noreferrer noopener\">Nac\u00ed en el Sur (Rima)<\/a><\/li>\n\n\n\n<li><a href=\"https:\/\/pedrocasiano.es\/?p=11801\" data-type=\"post\" data-id=\"11801\" target=\"_blank\" rel=\"noreferrer noopener\">Es una Noche Cualquiera (Rima)<\/a><\/li>\n<\/ul>\n\n\n\n<p><strong>Todos los Derechos Reservados<\/strong><\/p>\n\n\n\n<p><strong>\u201cEstas novelas, publicaciones y dem\u00e1s, son obras de ficci\u00f3n. Los nombres, personajes, lugares e incidentes son producto de la imaginaci\u00f3n del autor o son utilizados de manera ficticia. Cualquier parecido con personas, vivas o muertas, o sucesos reales es pura coincidencia.\u201d<\/strong><\/p>\n<\/div><\/div>\n","protected":false},"excerpt":{"rendered":"","protected":false},"author":1,"featured_media":0,"parent":0,"menu_order":0,"comment_status":"closed","ping_status":"closed","template":"","meta":{"inspiro_hide_title":false,"footnotes":""},"class_list":["post-12242","page","type-page","status-publish","hentry"],"featured_media_urls":[],"_links":{"self":[{"href":"https:\/\/pedrocasiano.es\/index.php?rest_route=\/wp\/v2\/pages\/12242","targetHints":{"allow":["GET"]}}],"collection":[{"href":"https:\/\/pedrocasiano.es\/index.php?rest_route=\/wp\/v2\/pages"}],"about":[{"href":"https:\/\/pedrocasiano.es\/index.php?rest_route=\/wp\/v2\/types\/page"}],"author":[{"embeddable":true,"href":"https:\/\/pedrocasiano.es\/index.php?rest_route=\/wp\/v2\/users\/1"}],"replies":[{"embeddable":true,"href":"https:\/\/pedrocasiano.es\/index.php?rest_route=%2Fwp%2Fv2%2Fcomments&post=12242"}],"version-history":[{"count":14,"href":"https:\/\/pedrocasiano.es\/index.php?rest_route=\/wp\/v2\/pages\/12242\/revisions"}],"predecessor-version":[{"id":16456,"href":"https:\/\/pedrocasiano.es\/index.php?rest_route=\/wp\/v2\/pages\/12242\/revisions\/16456"}],"wp:attachment":[{"href":"https:\/\/pedrocasiano.es\/index.php?rest_route=%2Fwp%2Fv2%2Fmedia&parent=12242"}],"curies":[{"name":"wp","href":"https:\/\/api.w.org\/{rel}","templated":true}]}}