{"id":121,"date":"2024-02-14T16:02:18","date_gmt":"2024-02-14T16:02:18","guid":{"rendered":"https:\/\/pedrocasiano.es\/?page_id=121"},"modified":"2024-07-08T16:51:51","modified_gmt":"2024-07-08T16:51:51","slug":"el-regreso-de-los-muertos","status":"publish","type":"page","link":"https:\/\/pedrocasiano.es\/?page_id=121","title":{"rendered":"El Regreso de los Muertos"},"content":{"rendered":"\n<div class=\"wp-block-media-text is-stacked-on-mobile is-vertically-aligned-top\"><figure class=\"wp-block-media-text__media\"><img decoding=\"async\" width=\"533\" height=\"800\" data-src=\"https:\/\/pedrocasiano.es\/wp-content\/uploads\/2024\/03\/Portada-Pablo-y-Rosa_5_prueba.jpg\" alt=\"\" class=\"wp-image-6033 size-full lazyload\" src=\"data:image\/svg+xml;base64,PHN2ZyB3aWR0aD0iMSIgaGVpZ2h0PSIxIiB4bWxucz0iaHR0cDovL3d3dy53My5vcmcvMjAwMC9zdmciPjwvc3ZnPg==\" style=\"--smush-placeholder-width: 533px; --smush-placeholder-aspect-ratio: 533\/800;\" \/><\/figure><div class=\"wp-block-media-text__content\">\n<p>Pablo abandonado, solo, traicionado, pero no es Pablo, solo el Lobo, herido, mil veces destruido, mil veces dado por muerto, y de nuevo resurge, el odio le come las entra\u00f1as, todos son enemigos, demonios a los que destruir, matar, todo se ve tras una espesa cortina negra, nada la disipa, nada la atraviesa, el Lobo mata y sigue matando.<\/p>\n\n\n\n<p>Protege a los inocentes, es su sino pero el castigo no tiene comparaci\u00f3n, nadie es gris, todo es blanco o negro, le han ense\u00f1ado el odio, la ira, y el las devuelve como si fuera lo \u00fanico que ha conocido en su vida.<\/p>\n\n\n\n<p>Fuera de su vida, abandonado por su amor conoce a otra persona, otra ilusi\u00f3n, \u00bfpodr\u00e1 continuar su camino solo, con las nuevas personas, o con su amor de siempre?, ni sabe, ni su cabeza puede discernir, demasiado odio en el interior.<\/p>\n\n\n\n<p>Solo rompe su soledad el rugido de la nueva amiga inseparable, su motocicleta, la \u00fanica que le da paz en su atribulada vida, ser\u00e1 el refugio que buscar\u00e1 cuando nada tiene sentido, cuando nada est\u00e1 en su sitio, cuando la soledad le alcanza.<\/p>\n\n\n\n<p>Cuando todo parece estar en su lugar, los fantasmas de las alima\u00f1as atacan de nuevo, pero Pablo es el Lobo, a\u00fan m\u00e1s terrible que el Segador.&nbsp;<\/p>\n\n\n\n<p>El Lobo ya no es humano, ya no se conoce, realiza acciones que ni \u00e9l cree, algo se ha apoderado de \u00e9l, se lo lleva a un mundo aterrador del que nunca saldr\u00e1, solo ella, Rosa puede salvarlo, puede hacer que sea Pablo de nuevo. <\/p>\n\n\n\n<p>\u00bfPodr\u00e1?<\/p>\n\n\n\n<p>Enemigos salen de todas partes, como ratas aparecen de los sitios m\u00e1s insospechados, lucha contra todo, contra todos, pero es tan fuerte el muro que parece que no podr\u00e1 romperlo, de todos los lugares salen ratas, ratas enormes, que conocen los lugares que causan m\u00e1s dolor, y el diablo que posee a Pablo, ese es el peor es la herramienta para destruir a los malvados, pero \u00bfno se llevar\u00e1 a Pablo en el camino?<\/p>\n<\/div><\/div>\n\n\n\n<figure class=\"wp-block-embed alignright is-type-rich is-provider-amazon wp-block-embed-amazon\"><div class=\"wp-block-embed__wrapper\">\n<iframe title=\"PABLO Y ROSA V El Regreso de los Muertos\" type=\"text\/html\" width=\"950\" height=\"550\" frameborder=\"0\" allowfullscreen style=\"max-width:100%\" data-src=\"https:\/\/leer.amazon.es\/kp\/card?preview=inline&#038;linkCode=kpd&#038;ref_=k4w_oembed_PWKShqzujkhsYD&#038;asin=B0754DNZL6&#038;tag=kpembed-20\" src=\"data:image\/svg+xml;base64,PHN2ZyB3aWR0aD0iMSIgaGVpZ2h0PSIxIiB4bWxucz0iaHR0cDovL3d3dy53My5vcmcvMjAwMC9zdmciPjwvc3ZnPg==\" class=\"lazyload\" data-load-mode=\"1\"><\/iframe>\n<\/div><\/figure>\n","protected":false},"excerpt":{"rendered":"<p>Pablo abandonado, solo, traicionado, pero no es Pablo, solo el Lobo, herido, mil veces destruido, mil veces dado por muerto, y de nuevo resurge, el odio le come las entra\u00f1as, todos son enemigos, demonios a los que destruir, matar, todo se ve tras una espesa cortina negra, nada la disipa, nada la atraviesa, el Lobo &hellip; <\/p>\n<p class=\"link-more\"><a href=\"https:\/\/pedrocasiano.es\/?page_id=121\" class=\"more-link\">Leer m\u00e1s<span class=\"screen-reader-text\"> \u00abEl Regreso de los Muertos\u00bb<\/span><\/a><\/p>\n","protected":false},"author":1,"featured_media":0,"parent":0,"menu_order":0,"comment_status":"closed","ping_status":"closed","template":"","meta":{"inspiro_hide_title":false,"footnotes":""},"class_list":["post-121","page","type-page","status-publish","hentry"],"featured_media_urls":[],"_links":{"self":[{"href":"https:\/\/pedrocasiano.es\/index.php?rest_route=\/wp\/v2\/pages\/121","targetHints":{"allow":["GET"]}}],"collection":[{"href":"https:\/\/pedrocasiano.es\/index.php?rest_route=\/wp\/v2\/pages"}],"about":[{"href":"https:\/\/pedrocasiano.es\/index.php?rest_route=\/wp\/v2\/types\/page"}],"author":[{"embeddable":true,"href":"https:\/\/pedrocasiano.es\/index.php?rest_route=\/wp\/v2\/users\/1"}],"replies":[{"embeddable":true,"href":"https:\/\/pedrocasiano.es\/index.php?rest_route=%2Fwp%2Fv2%2Fcomments&post=121"}],"version-history":[{"count":5,"href":"https:\/\/pedrocasiano.es\/index.php?rest_route=\/wp\/v2\/pages\/121\/revisions"}],"predecessor-version":[{"id":8216,"href":"https:\/\/pedrocasiano.es\/index.php?rest_route=\/wp\/v2\/pages\/121\/revisions\/8216"}],"wp:attachment":[{"href":"https:\/\/pedrocasiano.es\/index.php?rest_route=%2Fwp%2Fv2%2Fmedia&parent=121"}],"curies":[{"name":"wp","href":"https:\/\/api.w.org\/{rel}","templated":true}]}}