{"id":12037,"date":"2024-12-10T06:13:27","date_gmt":"2024-12-10T06:13:27","guid":{"rendered":"https:\/\/pedrocasiano.es\/?page_id=12037"},"modified":"2026-03-31T10:43:05","modified_gmt":"2026-03-31T08:43:05","slug":"hoy-novela","status":"publish","type":"page","link":"https:\/\/pedrocasiano.es\/?page_id=12037","title":{"rendered":"Trig\u00e9sima"},"content":{"rendered":"\n<div class=\"wp-block-cover alignfull has-custom-content-position is-position-top-left\" style=\"min-height:587px;aspect-ratio:unset;\"><img decoding=\"async\" width=\"1024\" height=\"649\" class=\"wp-block-cover__image-background wp-image-12038 lazyload\" alt=\"\" data-src=\"https:\/\/pedrocasiano.es\/wp-content\/uploads\/2024\/12\/ai-generated-8698960peque.jpg\" data-object-fit=\"cover\" src=\"data:image\/svg+xml;base64,PHN2ZyB3aWR0aD0iMSIgaGVpZ2h0PSIxIiB4bWxucz0iaHR0cDovL3d3dy53My5vcmcvMjAwMC9zdmciPjwvc3ZnPg==\" style=\"--smush-placeholder-width: 1024px; --smush-placeholder-aspect-ratio: 1024\/649;\" \/><span aria-hidden=\"true\" class=\"wp-block-cover__background has-background-dim\" style=\"background-color:#936b45\"><\/span><div class=\"wp-block-cover__inner-container has-global-padding is-layout-constrained wp-block-cover-is-layout-constrained\">\n<h2 class=\"wp-block-heading\"><\/h2>\n\n\n\n<ul class=\"wp-block-list\">\n<li><a href=\"https:\/\/pedrocasiano.es\/?p=15768\" data-type=\"post\" data-id=\"15768\" target=\"_blank\" rel=\"noreferrer noopener\">Caminos de Fango en Camino Seco (Rima)<\/a><\/li>\n\n\n\n<li><a href=\"https:\/\/pedrocasiano.es\/?p=15773\" data-type=\"post\" data-id=\"15773\" target=\"_blank\" rel=\"noreferrer noopener\">Luchar Contra el Des\u00e1nimo y Perder (Rima)<\/a><\/li>\n\n\n\n<li><a href=\"https:\/\/pedrocasiano.es\/?p=15780\" data-type=\"post\" data-id=\"15780\" target=\"_blank\" rel=\"noreferrer noopener\">Canciones Aletargadas (Rima)<\/a><\/li>\n\n\n\n<li><a href=\"https:\/\/pedrocasiano.es\/?p=15785\" data-type=\"post\" data-id=\"15785\" target=\"_blank\" rel=\"noreferrer noopener\">Canciones, Canto Canciones (Rima)<\/a><\/li>\n\n\n\n<li><a href=\"https:\/\/pedrocasiano.es\/?p=15790\" data-type=\"post\" data-id=\"15790\" target=\"_blank\" rel=\"noreferrer noopener\">De Nuevo Aqu\u00ed Estoy (Rima)<\/a><\/li>\n\n\n\n<li><a href=\"https:\/\/pedrocasiano.es\/?p=15795\" data-type=\"post\" data-id=\"15795\" target=\"_blank\" rel=\"noreferrer noopener\">Cielos Azules en Playas Eternas (Rima)<\/a><\/li>\n\n\n\n<li><a href=\"https:\/\/pedrocasiano.es\/?p=15801\" data-type=\"post\" data-id=\"15801\" target=\"_blank\" rel=\"noreferrer noopener\">Sombras Alargadas (Rima)<\/a><\/li>\n\n\n\n<li><a href=\"https:\/\/pedrocasiano.es\/?p=15806\" data-type=\"post\" data-id=\"15806\" target=\"_blank\" rel=\"noreferrer noopener\">Sue\u00f1os de Metal Bru\u00f1ido (Rima)<\/a><\/li>\n\n\n\n<li><a href=\"https:\/\/pedrocasiano.es\/?p=15831\" data-type=\"post\" data-id=\"15831\" target=\"_blank\" rel=\"noreferrer noopener\">Trozos de Pedazos Intensos (Rima)<\/a><\/li>\n\n\n\n<li><a href=\"https:\/\/pedrocasiano.es\/?p=15835\" data-type=\"post\" data-id=\"15835\" target=\"_blank\" rel=\"noreferrer noopener\">La mente, la Pobre Mente (Rima)<\/a><\/li>\n\n\n\n<li><a href=\"https:\/\/pedrocasiano.es\/?p=15840\" data-type=\"post\" data-id=\"15840\" target=\"_blank\" rel=\"noreferrer noopener\">Me Gustaba Escribir (Rima)<\/a><\/li>\n\n\n\n<li><a href=\"https:\/\/pedrocasiano.es\/?p=15845\" data-type=\"post\" data-id=\"15845\" target=\"_blank\" rel=\"noreferrer noopener\">Otro D\u00eda M\u00e1s (Rima)<\/a><\/li>\n\n\n\n<li><a href=\"https:\/\/pedrocasiano.es\/?p=15850\" data-type=\"post\" data-id=\"15850\" target=\"_blank\" rel=\"noreferrer noopener\">Silencios Infinitos (Rima)<\/a><\/li>\n\n\n\n<li><a href=\"https:\/\/pedrocasiano.es\/?p=15855\" data-type=\"post\" data-id=\"15855\" target=\"_blank\" rel=\"noreferrer noopener\">La Casa se Cae (Rima)<\/a><\/li>\n\n\n\n<li><a href=\"https:\/\/pedrocasiano.es\/?p=15872\" data-type=\"post\" data-id=\"15872\" target=\"_blank\" rel=\"noreferrer noopener\">Hoy he Pasado al Lado (Rima)<\/a><\/li>\n\n\n\n<li><a href=\"https:\/\/pedrocasiano.es\/?p=15877\" data-type=\"post\" data-id=\"15877\" target=\"_blank\" rel=\"noreferrer noopener\">El Sol, Amaneci\u00f3 (Rima)<\/a><\/li>\n\n\n\n<li><a href=\"https:\/\/pedrocasiano.es\/?p=15882\" data-type=\"post\" data-id=\"15882\" target=\"_blank\" rel=\"noreferrer noopener\">El Tiempo que Todo lo Pudre (Rima)<\/a><\/li>\n\n\n\n<li><a href=\"https:\/\/pedrocasiano.es\/?p=15887\" data-type=\"post\" data-id=\"15887\" target=\"_blank\" rel=\"noreferrer noopener\">Caminos que no Llevan a Ninguna Parte (Rima)<\/a><\/li>\n\n\n\n<li><a href=\"https:\/\/pedrocasiano.es\/?p=15892\" data-type=\"post\" data-id=\"15892\" target=\"_blank\" rel=\"noreferrer noopener\">El Azul Intenso que Sale de mi Pluma (Rima)<\/a><\/li>\n\n\n\n<li><a href=\"https:\/\/pedrocasiano.es\/?p=15897\" data-type=\"post\" data-id=\"15897\" target=\"_blank\" rel=\"noreferrer noopener\">Cuando los Corazones Orgullosos (Rima)<\/a><\/li>\n<\/ul>\n\n\n\n<p><strong>Todos los Derechos Reservados<\/strong><\/p>\n\n\n\n<p><strong>\u201cEstas novelas, publicaciones y dem\u00e1s, son obras de ficci\u00f3n. Los nombres, personajes, lugares e incidentes son producto de la imaginaci\u00f3n del autor o son utilizados de manera ficticia. Cualquier parecido con personas, vivas o muertas, o sucesos reales es pura coincidencia.\u201d<\/strong><\/p>\n<\/div><\/div>\n","protected":false},"excerpt":{"rendered":"","protected":false},"author":1,"featured_media":0,"parent":0,"menu_order":0,"comment_status":"closed","ping_status":"closed","template":"","meta":{"inspiro_hide_title":false,"footnotes":""},"class_list":["post-12037","page","type-page","status-publish","hentry"],"featured_media_urls":[],"_links":{"self":[{"href":"https:\/\/pedrocasiano.es\/index.php?rest_route=\/wp\/v2\/pages\/12037","targetHints":{"allow":["GET"]}}],"collection":[{"href":"https:\/\/pedrocasiano.es\/index.php?rest_route=\/wp\/v2\/pages"}],"about":[{"href":"https:\/\/pedrocasiano.es\/index.php?rest_route=\/wp\/v2\/types\/page"}],"author":[{"embeddable":true,"href":"https:\/\/pedrocasiano.es\/index.php?rest_route=\/wp\/v2\/users\/1"}],"replies":[{"embeddable":true,"href":"https:\/\/pedrocasiano.es\/index.php?rest_route=%2Fwp%2Fv2%2Fcomments&post=12037"}],"version-history":[{"count":27,"href":"https:\/\/pedrocasiano.es\/index.php?rest_route=\/wp\/v2\/pages\/12037\/revisions"}],"predecessor-version":[{"id":16472,"href":"https:\/\/pedrocasiano.es\/index.php?rest_route=\/wp\/v2\/pages\/12037\/revisions\/16472"}],"wp:attachment":[{"href":"https:\/\/pedrocasiano.es\/index.php?rest_route=%2Fwp%2Fv2%2Fmedia&parent=12037"}],"curies":[{"name":"wp","href":"https:\/\/api.w.org\/{rel}","templated":true}]}}