{"id":11828,"date":"2024-11-23T05:35:27","date_gmt":"2024-11-23T05:35:27","guid":{"rendered":"https:\/\/pedrocasiano.es\/?page_id=11828"},"modified":"2026-03-31T10:36:09","modified_gmt":"2026-03-31T08:36:09","slug":"decimotercera","status":"publish","type":"page","link":"https:\/\/pedrocasiano.es\/?page_id=11828","title":{"rendered":"Decimotercera"},"content":{"rendered":"\n<div class=\"wp-block-cover alignfull has-custom-content-position is-position-top-left\" style=\"min-height:831px;aspect-ratio:unset;\"><img decoding=\"async\" width=\"1024\" height=\"712\" class=\"wp-block-cover__image-background wp-image-11829 lazyload\" alt=\"\" data-src=\"https:\/\/pedrocasiano.es\/wp-content\/uploads\/2024\/11\/ai-generated-8548883peque-rotated.jpg\" data-object-fit=\"cover\" src=\"data:image\/svg+xml;base64,PHN2ZyB3aWR0aD0iMSIgaGVpZ2h0PSIxIiB4bWxucz0iaHR0cDovL3d3dy53My5vcmcvMjAwMC9zdmciPjwvc3ZnPg==\" style=\"--smush-placeholder-width: 1024px; --smush-placeholder-aspect-ratio: 1024\/712;\" \/><span aria-hidden=\"true\" class=\"wp-block-cover__background has-background-dim\" style=\"background-color:#716866\"><\/span><div class=\"wp-block-cover__inner-container has-global-padding is-layout-constrained wp-block-cover-is-layout-constrained\">\n<ul class=\"wp-block-list\">\n<li><a href=\"https:\/\/pedrocasiano.es\/?p=11839\" data-type=\"post\" data-id=\"11839\" target=\"_blank\" rel=\"noreferrer noopener\">No s\u00e9 ni la Hora que es (Rima)<\/a><\/li>\n\n\n\n<li><a href=\"https:\/\/pedrocasiano.es\/?p=11846\" data-type=\"post\" data-id=\"11846\" target=\"_blank\" rel=\"noreferrer noopener\">Oriflamas (Rima)<\/a><\/li>\n\n\n\n<li><a href=\"https:\/\/pedrocasiano.es\/?p=11853\" data-type=\"post\" data-id=\"11853\" target=\"_blank\" rel=\"noreferrer noopener\">M\u00e1s Poemas (Rima)<\/a><\/li>\n\n\n\n<li><a href=\"https:\/\/pedrocasiano.es\/?p=11860\" data-type=\"post\" data-id=\"11860\" target=\"_blank\" rel=\"noreferrer noopener\">La Penumbra (Rima)<\/a><\/li>\n\n\n\n<li><a href=\"https:\/\/pedrocasiano.es\/?p=11871\" data-type=\"post\" data-id=\"11871\" target=\"_blank\" rel=\"noreferrer noopener\">Durante Mucho Tiempo (Rima)<\/a><\/li>\n\n\n\n<li><a href=\"https:\/\/pedrocasiano.es\/?p=11878\" data-type=\"post\" data-id=\"11878\" target=\"_blank\" rel=\"noreferrer noopener\">Seres Extra\u00f1os (Rima)<\/a><\/li>\n\n\n\n<li><a href=\"https:\/\/pedrocasiano.es\/?p=11885\" data-type=\"post\" data-id=\"11885\" target=\"_blank\" rel=\"noreferrer noopener\">Cuando la Vida se Escapa (Rima)<\/a><\/li>\n\n\n\n<li><a href=\"https:\/\/pedrocasiano.es\/?p=11890\" data-type=\"post\" data-id=\"11890\" target=\"_blank\" rel=\"noreferrer noopener\">Hoy se Marcha una Generaci\u00f3n (Rima)<\/a><\/li>\n\n\n\n<li><a href=\"https:\/\/pedrocasiano.es\/?p=11900\" data-type=\"post\" data-id=\"11900\" target=\"_blank\" rel=\"noreferrer noopener\">La Noche se Cierra sobre s\u00ed Misma (Rima)<\/a><\/li>\n\n\n\n<li><a href=\"https:\/\/pedrocasiano.es\/?p=11907\" data-type=\"post\" data-id=\"11907\" target=\"_blank\" rel=\"noreferrer noopener\">Campos Verdes al Atardecer (Rima)<\/a><\/li>\n\n\n\n<li><a href=\"https:\/\/pedrocasiano.es\/?p=11914\" data-type=\"post\" data-id=\"11914\" target=\"_blank\" rel=\"noreferrer noopener\">Paisajes Urbanos (Rima)<\/a><\/li>\n\n\n\n<li><a href=\"https:\/\/pedrocasiano.es\/?p=11922\" data-type=\"post\" data-id=\"11922\" target=\"_blank\" rel=\"noreferrer noopener\">Cuando Oscurece (Rima)<\/a><\/li>\n\n\n\n<li><a href=\"https:\/\/pedrocasiano.es\/?p=11929\" data-type=\"post\" data-id=\"11929\" target=\"_blank\" rel=\"noreferrer noopener\">Llega el Frio, Escarcha (Rima)<\/a><\/li>\n\n\n\n<li><a href=\"https:\/\/pedrocasiano.es\/?p=11939\" data-type=\"post\" data-id=\"11939\" target=\"_blank\" rel=\"noreferrer noopener\">Cuando llega el Frio (Rima)<\/a><\/li>\n\n\n\n<li><a href=\"https:\/\/pedrocasiano.es\/?p=11946\" data-type=\"post\" data-id=\"11946\" target=\"_blank\" rel=\"noreferrer noopener\">Tiempos de Gloria (Rima)<\/a><\/li>\n\n\n\n<li><a href=\"https:\/\/pedrocasiano.es\/?p=11954\" data-type=\"post\" data-id=\"11954\" target=\"_blank\" rel=\"noreferrer noopener\">\u00c1ngeles Negros (Rima)<\/a><\/li>\n\n\n\n<li><a href=\"https:\/\/pedrocasiano.es\/?p=11961\" data-type=\"post\" data-id=\"11961\" target=\"_blank\" rel=\"noreferrer noopener\">Ha Cambiado el Tiempo (Rima)<\/a><\/li>\n\n\n\n<li><a href=\"https:\/\/pedrocasiano.es\/?p=11968\" data-type=\"post\" data-id=\"11968\" target=\"_blank\" rel=\"noreferrer noopener\">Sombras de Tiempos Pasados (Rima)<\/a><\/li>\n\n\n\n<li><a href=\"https:\/\/pedrocasiano.es\/?p=11975\" data-type=\"post\" data-id=\"11975\" target=\"_blank\" rel=\"noreferrer noopener\">Hoy (Rima)<\/a><\/li>\n\n\n\n<li><a href=\"https:\/\/pedrocasiano.es\/?p=11983\" data-type=\"post\" data-id=\"11983\" target=\"_blank\" rel=\"noreferrer noopener\">Canciones de Mundos Extra\u00f1os (Rima)<\/a><\/li>\n<\/ul>\n\n\n\n<p><strong>Todos los Derechos Reservados<\/strong><\/p>\n\n\n\n<p><strong>\u201cEstas novelas, publicaciones y dem\u00e1s, son obras de ficci\u00f3n. Los nombres, personajes, lugares e incidentes son producto de la imaginaci\u00f3n del autor o son utilizados de manera ficticia. Cualquier parecido con personas, vivas o muertas, o sucesos reales es pura coincidencia.\u201d<\/strong><\/p>\n<\/div><\/div>\n\n\n\n<p><\/p>\n","protected":false},"excerpt":{"rendered":"","protected":false},"author":1,"featured_media":0,"parent":0,"menu_order":0,"comment_status":"closed","ping_status":"closed","template":"","meta":{"inspiro_hide_title":false,"footnotes":""},"class_list":["post-11828","page","type-page","status-publish","hentry"],"featured_media_urls":[],"_links":{"self":[{"href":"https:\/\/pedrocasiano.es\/index.php?rest_route=\/wp\/v2\/pages\/11828","targetHints":{"allow":["GET"]}}],"collection":[{"href":"https:\/\/pedrocasiano.es\/index.php?rest_route=\/wp\/v2\/pages"}],"about":[{"href":"https:\/\/pedrocasiano.es\/index.php?rest_route=\/wp\/v2\/types\/page"}],"author":[{"embeddable":true,"href":"https:\/\/pedrocasiano.es\/index.php?rest_route=\/wp\/v2\/users\/1"}],"replies":[{"embeddable":true,"href":"https:\/\/pedrocasiano.es\/index.php?rest_route=%2Fwp%2Fv2%2Fcomments&post=11828"}],"version-history":[{"count":24,"href":"https:\/\/pedrocasiano.es\/index.php?rest_route=\/wp\/v2\/pages\/11828\/revisions"}],"predecessor-version":[{"id":16455,"href":"https:\/\/pedrocasiano.es\/index.php?rest_route=\/wp\/v2\/pages\/11828\/revisions\/16455"}],"wp:attachment":[{"href":"https:\/\/pedrocasiano.es\/index.php?rest_route=%2Fwp%2Fv2%2Fmedia&parent=11828"}],"curies":[{"name":"wp","href":"https:\/\/api.w.org\/{rel}","templated":true}]}}