{"id":11665,"date":"2024-10-23T07:56:10","date_gmt":"2024-10-23T07:56:10","guid":{"rendered":"https:\/\/pedrocasiano.es\/?page_id=11665"},"modified":"2026-04-02T10:15:04","modified_gmt":"2026-04-02T08:15:04","slug":"azul-v","status":"publish","type":"page","link":"https:\/\/pedrocasiano.es\/?page_id=11665","title":{"rendered":"Azul V"},"content":{"rendered":"\n<div class=\"wp-block-cover alignfull has-custom-content-position is-position-top-left\"><img decoding=\"async\" width=\"1200\" height=\"686\" class=\"wp-block-cover__image-background wp-image-11666 lazyload\" alt=\"\" data-src=\"https:\/\/pedrocasiano.es\/wp-content\/uploads\/2024\/10\/contemplation-8721068_1200.jpg\" data-object-fit=\"cover\" src=\"data:image\/svg+xml;base64,PHN2ZyB3aWR0aD0iMSIgaGVpZ2h0PSIxIiB4bWxucz0iaHR0cDovL3d3dy53My5vcmcvMjAwMC9zdmciPjwvc3ZnPg==\" style=\"--smush-placeholder-width: 1200px; --smush-placeholder-aspect-ratio: 1200\/686;\" \/><span aria-hidden=\"true\" class=\"wp-block-cover__background has-background-dim\" style=\"background-color:#7d6d61\"><\/span><div class=\"wp-block-cover__inner-container has-global-padding is-layout-constrained wp-block-cover-is-layout-constrained\">\n<ul class=\"wp-block-list\">\n<li><a href=\"https:\/\/pedrocasiano.es\/?p=11634\" data-type=\"post\" data-id=\"11634\" target=\"_blank\" rel=\"noreferrer noopener\">Amaneceres<\/a><\/li>\n\n\n\n<li><a href=\"https:\/\/pedrocasiano.es\/?p=11646\" data-type=\"post\" data-id=\"11646\" target=\"_blank\" rel=\"noreferrer noopener\">Canciones de Amor<\/a><\/li>\n\n\n\n<li><a href=\"https:\/\/pedrocasiano.es\/?p=11709\" data-type=\"post\" data-id=\"11709\" target=\"_blank\" rel=\"noreferrer noopener\">Fantasmas de Sue\u00f1os<\/a><\/li>\n\n\n\n<li><a href=\"https:\/\/pedrocasiano.es\/?p=11716\" data-type=\"post\" data-id=\"11716\" target=\"_blank\" rel=\"noreferrer noopener\">Hoy te he Visto por la Calle<\/a><\/li>\n\n\n\n<li><a href=\"https:\/\/pedrocasiano.es\/?p=11732\" data-type=\"post\" data-id=\"11732\" target=\"_blank\" rel=\"noreferrer noopener\">Pasan los D\u00edas<\/a><\/li>\n\n\n\n<li><a href=\"https:\/\/pedrocasiano.es\/?p=11741\" data-type=\"post\" data-id=\"11741\" target=\"_blank\" rel=\"noreferrer noopener\">Sonr\u00ede<\/a><\/li>\n\n\n\n<li><a href=\"https:\/\/pedrocasiano.es\/?p=11748\" data-type=\"post\" data-id=\"11748\" target=\"_blank\" rel=\"noreferrer noopener\">A Vueltas con la Vida<\/a><\/li>\n\n\n\n<li><a href=\"https:\/\/pedrocasiano.es\/?p=11755\" data-type=\"post\" data-id=\"11755\" target=\"_blank\" rel=\"noreferrer noopener\">Una Tarde, un Momento<\/a><\/li>\n\n\n\n<li><a href=\"https:\/\/pedrocasiano.es\/?p=11762\" data-type=\"post\" data-id=\"11762\" target=\"_blank\" rel=\"noreferrer noopener\">La Esperanza se Marchita<\/a><\/li>\n\n\n\n<li><a href=\"https:\/\/pedrocasiano.es\/?p=11769\" data-type=\"post\" data-id=\"11769\" target=\"_blank\" rel=\"noreferrer noopener\">Veinti\u00fan Poemas<\/a><\/li>\n\n\n\n<li><a href=\"https:\/\/pedrocasiano.es\/?p=11777\" data-type=\"post\" data-id=\"11777\" target=\"_blank\" rel=\"noreferrer noopener\">Canciones de Amor y Guerra<\/a><\/li>\n\n\n\n<li><a href=\"https:\/\/pedrocasiano.es\/?p=11784\" data-type=\"post\" data-id=\"11784\" target=\"_blank\" rel=\"noreferrer noopener\">No hay Sosiego<\/a><\/li>\n\n\n\n<li><a href=\"https:\/\/pedrocasiano.es\/?p=11791\" data-type=\"post\" data-id=\"11791\" target=\"_blank\" rel=\"noreferrer noopener\">Nac\u00ed en el Sur<\/a><\/li>\n\n\n\n<li><a href=\"https:\/\/pedrocasiano.es\/?p=11798\" data-type=\"post\" data-id=\"11798\" target=\"_blank\" rel=\"noreferrer noopener\">Es una Noche Cualquiera<\/a><\/li>\n\n\n\n<li><a href=\"https:\/\/pedrocasiano.es\/?p=11806\" data-type=\"post\" data-id=\"11806\" target=\"_blank\" rel=\"noreferrer noopener\">Sonrisas Tristes<\/a><\/li>\n\n\n\n<li><a href=\"https:\/\/pedrocasiano.es\/?p=11814\" data-type=\"post\" data-id=\"11814\" target=\"_blank\" rel=\"noreferrer noopener\">Tiempos de Asco<\/a><\/li>\n\n\n\n<li><a href=\"https:\/\/pedrocasiano.es\/?p=11821\" data-type=\"post\" data-id=\"11821\" target=\"_blank\" rel=\"noreferrer noopener\">Oyes Susurros<\/a><\/li>\n\n\n\n<li><a href=\"https:\/\/pedrocasiano.es\/?p=11836\" data-type=\"post\" data-id=\"11836\" target=\"_blank\" rel=\"noreferrer noopener\">No s\u00e9 ni la Hora que es<\/a><\/li>\n\n\n\n<li><a href=\"https:\/\/pedrocasiano.es\/?p=11843\" data-type=\"post\" data-id=\"11843\" target=\"_blank\" rel=\"noreferrer noopener\">Oriflamas<\/a><\/li>\n\n\n\n<li><a href=\"https:\/\/pedrocasiano.es\/?p=11850\" data-type=\"post\" data-id=\"11850\" target=\"_blank\" rel=\"noreferrer noopener\">M\u00e1s Poemas<\/a><\/li>\n\n\n\n<li><a href=\"https:\/\/pedrocasiano.es\/?p=11857\" data-type=\"post\" data-id=\"11857\" target=\"_blank\" rel=\"noreferrer noopener\">La Penumbra<\/a><\/li>\n<\/ul>\n\n\n\n<p><strong>Todos los Derechos Reservados<\/strong><\/p>\n\n\n\n<p><strong>\u201cEstas novelas, publicaciones y dem\u00e1s, son obras de ficci\u00f3n. Los nombres, personajes, lugares e incidentes son producto de la imaginaci\u00f3n del autor o son utilizados de manera ficticia. Cualquier parecido con personas, vivas o muertas, o sucesos reales es pura coincidencia.\u201d<\/strong><\/p>\n<\/div><\/div>\n\n\n\n<p><\/p>\n","protected":false},"excerpt":{"rendered":"","protected":false},"author":1,"featured_media":0,"parent":0,"menu_order":0,"comment_status":"closed","ping_status":"closed","template":"","meta":{"inspiro_hide_title":false,"footnotes":""},"class_list":["post-11665","page","type-page","status-publish","hentry"],"featured_media_urls":[],"_links":{"self":[{"href":"https:\/\/pedrocasiano.es\/index.php?rest_route=\/wp\/v2\/pages\/11665","targetHints":{"allow":["GET"]}}],"collection":[{"href":"https:\/\/pedrocasiano.es\/index.php?rest_route=\/wp\/v2\/pages"}],"about":[{"href":"https:\/\/pedrocasiano.es\/index.php?rest_route=\/wp\/v2\/types\/page"}],"author":[{"embeddable":true,"href":"https:\/\/pedrocasiano.es\/index.php?rest_route=\/wp\/v2\/users\/1"}],"replies":[{"embeddable":true,"href":"https:\/\/pedrocasiano.es\/index.php?rest_route=%2Fwp%2Fv2%2Fcomments&post=11665"}],"version-history":[{"count":26,"href":"https:\/\/pedrocasiano.es\/index.php?rest_route=\/wp\/v2\/pages\/11665\/revisions"}],"predecessor-version":[{"id":16623,"href":"https:\/\/pedrocasiano.es\/index.php?rest_route=\/wp\/v2\/pages\/11665\/revisions\/16623"}],"wp:attachment":[{"href":"https:\/\/pedrocasiano.es\/index.php?rest_route=%2Fwp%2Fv2%2Fmedia&parent=11665"}],"curies":[{"name":"wp","href":"https:\/\/api.w.org\/{rel}","templated":true}]}}