{"id":11373,"date":"2024-10-01T06:28:41","date_gmt":"2024-10-01T06:28:41","guid":{"rendered":"https:\/\/pedrocasiano.es\/?page_id=11373"},"modified":"2026-03-31T10:35:26","modified_gmt":"2026-03-31T08:35:26","slug":"undecima","status":"publish","type":"page","link":"https:\/\/pedrocasiano.es\/?page_id=11373","title":{"rendered":"Und\u00e9cima"},"content":{"rendered":"\n<div class=\"wp-block-cover alignfull has-custom-content-position is-position-top-left\" style=\"min-height:546px;aspect-ratio:unset;\"><img decoding=\"async\" width=\"1200\" height=\"596\" class=\"wp-block-cover__image-background wp-image-11374 lazyload\" alt=\"\" data-src=\"https:\/\/pedrocasiano.es\/wp-content\/uploads\/2024\/10\/ai-generated-8551832.jpg\" data-object-fit=\"cover\" src=\"data:image\/svg+xml;base64,PHN2ZyB3aWR0aD0iMSIgaGVpZ2h0PSIxIiB4bWxucz0iaHR0cDovL3d3dy53My5vcmcvMjAwMC9zdmciPjwvc3ZnPg==\" style=\"--smush-placeholder-width: 1200px; --smush-placeholder-aspect-ratio: 1200\/596;\" \/><span aria-hidden=\"true\" class=\"wp-block-cover__background has-background-dim\" style=\"background-color:#614735\"><\/span><div class=\"wp-block-cover__inner-container has-global-padding is-layout-constrained wp-block-cover-is-layout-constrained\">\n<ul class=\"wp-block-list\">\n<li><a href=\"https:\/\/pedrocasiano.es\/?p=11377\" data-type=\"post\" data-id=\"11377\" target=\"_blank\" rel=\"noreferrer noopener\">La Noche, llena Siempre de Brumas (Rima)<\/a><\/li>\n\n\n\n<li><a href=\"https:\/\/pedrocasiano.es\/?p=11495\" data-type=\"post\" data-id=\"11495\" target=\"_blank\" rel=\"noreferrer noopener\">Rincones Olvidados (Rima)<\/a><\/li>\n\n\n\n<li><a href=\"https:\/\/pedrocasiano.es\/?p=11499\" data-type=\"post\" data-id=\"11499\" target=\"_blank\" rel=\"noreferrer noopener\">De Nuevo Escribir (Rima)<\/a><\/li>\n\n\n\n<li><a href=\"https:\/\/pedrocasiano.es\/?p=11505\" data-type=\"post\" data-id=\"11505\" target=\"_blank\" rel=\"noreferrer noopener\">La Noche, la Noche (Rima)<\/a><\/li>\n\n\n\n<li><a href=\"https:\/\/pedrocasiano.es\/?p=11512\" data-type=\"post\" data-id=\"11512\" target=\"_blank\" rel=\"noreferrer noopener\">Cantos de Sirena (Rima)<\/a><\/li>\n\n\n\n<li><a href=\"https:\/\/pedrocasiano.es\/?p=11528\" data-type=\"post\" data-id=\"11528\" target=\"_blank\" rel=\"noreferrer noopener\">Hoy es D\u00eda Claro (Rima)<\/a><\/li>\n\n\n\n<li><a href=\"https:\/\/pedrocasiano.es\/?p=11535\" data-type=\"post\" data-id=\"11535\" target=\"_blank\" rel=\"noreferrer noopener\">Cansado, Hastiado (Rima)<\/a><\/li>\n\n\n\n<li><a href=\"https:\/\/pedrocasiano.es\/?p=11541\" data-type=\"post\" data-id=\"11541\" target=\"_blank\" rel=\"noreferrer noopener\">El D\u00eda se Acaba (Rima)<\/a><\/li>\n\n\n\n<li><a href=\"https:\/\/pedrocasiano.es\/?p=11552\" data-type=\"post\" data-id=\"11552\" target=\"_blank\" rel=\"noreferrer noopener\">La Vida que Pasa (Rima)<\/a><\/li>\n\n\n\n<li><a href=\"https:\/\/pedrocasiano.es\/?p=11557\" data-type=\"post\" data-id=\"11557\" target=\"_blank\" rel=\"noreferrer noopener\">Claridad (Rima)<\/a><\/li>\n\n\n\n<li><a href=\"https:\/\/pedrocasiano.es\/?p=11562\" data-type=\"post\" data-id=\"11562\" target=\"_blank\" rel=\"noreferrer noopener\">Agua Fr\u00eda (Rima)<\/a><\/li>\n\n\n\n<li><a href=\"https:\/\/pedrocasiano.es\/?p=11567\" data-type=\"post\" data-id=\"11567\" target=\"_blank\" rel=\"noreferrer noopener\">Nunca Toco lo ya Escrito (Rima)<\/a><\/li>\n\n\n\n<li><a href=\"https:\/\/pedrocasiano.es\/?p=11573\" data-type=\"post\" data-id=\"11573\" target=\"_blank\" rel=\"noreferrer noopener\">La Suerte me Trajo Aqu\u00ed (Rima)<\/a><\/li>\n\n\n\n<li><a href=\"https:\/\/pedrocasiano.es\/?p=11103\" data-type=\"post\" data-id=\"11103\" target=\"_blank\" rel=\"noreferrer noopener\">El Ladrido De Los Perros (Rima)<\/a><\/li>\n\n\n\n<li><a href=\"https:\/\/pedrocasiano.es\/?p=11110\" data-type=\"post\" data-id=\"11110\" target=\"_blank\" rel=\"noreferrer noopener\">Cuando La Ciudad Duerme (Rima)<\/a><\/li>\n\n\n\n<li><a href=\"https:\/\/pedrocasiano.es\/?p=11132\" data-type=\"post\" data-id=\"11132\" target=\"_blank\" rel=\"noreferrer noopener\">Tiempos Pasados (Rima)<\/a><\/li>\n\n\n\n<li><a href=\"https:\/\/pedrocasiano.es\/?p=11138\" data-type=\"post\" data-id=\"11138\" target=\"_blank\" rel=\"noreferrer noopener\">Historias que Contar (Rima)<\/a><\/li>\n\n\n\n<li><a href=\"https:\/\/pedrocasiano.es\/?p=11143\" data-type=\"post\" data-id=\"11143\" target=\"_blank\" rel=\"noreferrer noopener\">Gigantes (Rima)<\/a><\/li>\n\n\n\n<li><a href=\"https:\/\/pedrocasiano.es\/?p=11149\" data-type=\"post\" data-id=\"11149\" target=\"_blank\" rel=\"noreferrer noopener\">Ecos de Tardes Pasadas (Rima)<\/a><\/li>\n\n\n\n<li><a href=\"https:\/\/pedrocasiano.es\/?p=11512\" data-type=\"post\" data-id=\"11512\" target=\"_blank\" rel=\"noreferrer noopener\">Cantos de Sirena (Rima)<\/a><\/li>\n<\/ul>\n\n\n\n<p><strong>Todos los Derechos Reservados<\/strong><\/p>\n\n\n\n<p><strong>\u201cEstas novelas, publicaciones y dem\u00e1s, son obras de ficci\u00f3n. Los nombres, personajes, lugares e incidentes son producto de la imaginaci\u00f3n del autor o son utilizados de manera ficticia. Cualquier parecido con personas, vivas o muertas, o sucesos reales es pura coincidencia.\u201d<\/strong><\/p>\n<\/div><\/div>\n","protected":false},"excerpt":{"rendered":"","protected":false},"author":1,"featured_media":0,"parent":0,"menu_order":0,"comment_status":"closed","ping_status":"closed","template":"","meta":{"inspiro_hide_title":false,"footnotes":""},"class_list":["post-11373","page","type-page","status-publish","hentry"],"featured_media_urls":[],"_links":{"self":[{"href":"https:\/\/pedrocasiano.es\/index.php?rest_route=\/wp\/v2\/pages\/11373","targetHints":{"allow":["GET"]}}],"collection":[{"href":"https:\/\/pedrocasiano.es\/index.php?rest_route=\/wp\/v2\/pages"}],"about":[{"href":"https:\/\/pedrocasiano.es\/index.php?rest_route=\/wp\/v2\/types\/page"}],"author":[{"embeddable":true,"href":"https:\/\/pedrocasiano.es\/index.php?rest_route=\/wp\/v2\/users\/1"}],"replies":[{"embeddable":true,"href":"https:\/\/pedrocasiano.es\/index.php?rest_route=%2Fwp%2Fv2%2Fcomments&post=11373"}],"version-history":[{"count":28,"href":"https:\/\/pedrocasiano.es\/index.php?rest_route=\/wp\/v2\/pages\/11373\/revisions"}],"predecessor-version":[{"id":16453,"href":"https:\/\/pedrocasiano.es\/index.php?rest_route=\/wp\/v2\/pages\/11373\/revisions\/16453"}],"wp:attachment":[{"href":"https:\/\/pedrocasiano.es\/index.php?rest_route=%2Fwp%2Fv2%2Fmedia&parent=11373"}],"curies":[{"name":"wp","href":"https:\/\/api.w.org\/{rel}","templated":true}]}}