{"id":11319,"date":"2024-09-30T05:10:49","date_gmt":"2024-09-30T05:10:49","guid":{"rendered":"https:\/\/pedrocasiano.es\/?page_id=11319"},"modified":"2026-04-02T10:14:49","modified_gmt":"2026-04-02T08:14:49","slug":"azul-iv","status":"publish","type":"page","link":"https:\/\/pedrocasiano.es\/?page_id=11319","title":{"rendered":"Azul IV"},"content":{"rendered":"\n<div class=\"wp-block-cover alignfull is-light has-custom-content-position is-position-top-left\" style=\"min-height:1086px;aspect-ratio:unset;\"><img decoding=\"async\" width=\"1200\" height=\"673\" class=\"wp-block-cover__image-background wp-image-11320 lazyload\" alt=\"\" data-src=\"https:\/\/pedrocasiano.es\/wp-content\/uploads\/2024\/09\/portrait-8459307peque.jpg\" data-object-fit=\"cover\" src=\"data:image\/svg+xml;base64,PHN2ZyB3aWR0aD0iMSIgaGVpZ2h0PSIxIiB4bWxucz0iaHR0cDovL3d3dy53My5vcmcvMjAwMC9zdmciPjwvc3ZnPg==\" style=\"--smush-placeholder-width: 1200px; --smush-placeholder-aspect-ratio: 1200\/673;\" \/><span aria-hidden=\"true\" class=\"wp-block-cover__background has-background-dim\" style=\"background-color:#b3a294\"><\/span><div class=\"wp-block-cover__inner-container has-global-padding is-layout-constrained wp-block-cover-is-layout-constrained\">\n<ul class=\"wp-block-list\">\n<li><a href=\"https:\/\/pedrocasiano.es\/?p=9855\" data-type=\"post\" data-id=\"9855\" target=\"_blank\" rel=\"noreferrer noopener\">Te vi Pasar<\/a><\/li>\n\n\n\n<li><a href=\"https:\/\/pedrocasiano.es\/?p=9858\" data-type=\"post\" data-id=\"9858\" target=\"_blank\" rel=\"noreferrer noopener\">Tiempos Convulsos<\/a><\/li>\n\n\n\n<li><a href=\"https:\/\/pedrocasiano.es\/?p=9861\" data-type=\"post\" data-id=\"9861\" target=\"_blank\" rel=\"noreferrer noopener\">Cuando Todo Calla<\/a><\/li>\n\n\n\n<li><a href=\"https:\/\/pedrocasiano.es\/?p=9867\" data-type=\"post\" data-id=\"9867\" target=\"_blank\" rel=\"noreferrer noopener\">La Vida que Pasa<\/a><\/li>\n\n\n\n<li><a href=\"https:\/\/pedrocasiano.es\/?p=9864\" data-type=\"post\" data-id=\"9864\" target=\"_blank\" rel=\"noreferrer noopener\">Claridad<\/a><\/li>\n\n\n\n<li><a href=\"https:\/\/pedrocasiano.es\/?p=9870\" data-type=\"post\" data-id=\"9870\" target=\"_blank\" rel=\"noreferrer noopener\">Agua Fr\u00eda<\/a><\/li>\n\n\n\n<li><a href=\"https:\/\/pedrocasiano.es\/?p=9873\" data-type=\"post\" data-id=\"9873\" target=\"_blank\" rel=\"noreferrer noopener\">Nunca Toco lo ya Escrito<\/a><\/li>\n\n\n\n<li><a href=\"https:\/\/pedrocasiano.es\/?p=9876\" data-type=\"post\" data-id=\"9876\" target=\"_blank\" rel=\"noreferrer noopener\">La Suerte me Trajo Aqu\u00ed<\/a><\/li>\n\n\n\n<li><a href=\"https:\/\/pedrocasiano.es\/?p=11099\" data-type=\"post\" data-id=\"11099\" target=\"_blank\" rel=\"noreferrer noopener\">El Ladrido De Los Perros<\/a><\/li>\n\n\n\n<li><a href=\"https:\/\/pedrocasiano.es\/?p=11107\" data-type=\"post\" data-id=\"11107\" target=\"_blank\" rel=\"noreferrer noopener\">Cuando La Ciudad Duerme<\/a><\/li>\n\n\n\n<li><a href=\"https:\/\/pedrocasiano.es\/?p=11129\" data-type=\"post\" data-id=\"11129\" target=\"_blank\" rel=\"noreferrer noopener\">Tiempos Pasados<\/a><\/li>\n\n\n\n<li><a href=\"https:\/\/pedrocasiano.es\/?p=11135\" data-type=\"post\" data-id=\"11135\" target=\"_blank\" rel=\"noreferrer noopener\">Historias que Contar<\/a><\/li>\n\n\n\n<li><a href=\"https:\/\/pedrocasiano.es\/?p=11140\" data-type=\"post\" data-id=\"11140\" target=\"_blank\" rel=\"noreferrer noopener\">Gigantes<\/a><\/li>\n\n\n\n<li><a href=\"https:\/\/pedrocasiano.es\/?p=11146\" data-type=\"post\" data-id=\"11146\" target=\"_blank\" rel=\"noreferrer noopener\">Ecos de Tardes Pasadas<\/a><\/li>\n\n\n\n<li><a href=\"https:\/\/pedrocasiano.es\/?p=11509\" data-type=\"post\" data-id=\"11509\" target=\"_blank\" rel=\"noreferrer noopener\">Cantos de Sirena<\/a><\/li>\n\n\n\n<li><a href=\"https:\/\/pedrocasiano.es\/?p=11525\" data-type=\"post\" data-id=\"11525\" target=\"_blank\" rel=\"noreferrer noopener\">Hoy es D\u00eda Claro<\/a><\/li>\n\n\n\n<li><a href=\"https:\/\/pedrocasiano.es\/?p=11532\" data-type=\"post\" data-id=\"11532\" target=\"_blank\" rel=\"noreferrer noopener\">Cansado, Hastiado<\/a><\/li>\n\n\n\n<li><a href=\"https:\/\/pedrocasiano.es\/?p=11538\" data-type=\"post\" data-id=\"11538\" target=\"_blank\" rel=\"noreferrer noopener\">El D\u00eda se Acaba<\/a><\/li>\n\n\n\n<li><a href=\"https:\/\/pedrocasiano.es\/?p=11627\" data-type=\"post\" data-id=\"11627\" target=\"_blank\" rel=\"noreferrer noopener\">Anochecida<\/a><\/li>\n<\/ul>\n\n\n\n<p><strong>Todos los Derechos Reservados<\/strong><\/p>\n\n\n\n<p><strong>\u201cEstas novelas, publicaciones y dem\u00e1s, son obras de ficci\u00f3n. Los nombres, personajes, lugares e incidentes son producto de la imaginaci\u00f3n del autor o son utilizados de manera ficticia. Cualquier parecido con personas, vivas o muertas, o sucesos reales es pura coincidencia.\u201d<\/strong><\/p>\n<\/div><\/div>\n","protected":false},"excerpt":{"rendered":"","protected":false},"author":1,"featured_media":0,"parent":0,"menu_order":0,"comment_status":"closed","ping_status":"closed","template":"","meta":{"inspiro_hide_title":false,"footnotes":""},"class_list":["post-11319","page","type-page","status-publish","hentry"],"featured_media_urls":[],"_links":{"self":[{"href":"https:\/\/pedrocasiano.es\/index.php?rest_route=\/wp\/v2\/pages\/11319","targetHints":{"allow":["GET"]}}],"collection":[{"href":"https:\/\/pedrocasiano.es\/index.php?rest_route=\/wp\/v2\/pages"}],"about":[{"href":"https:\/\/pedrocasiano.es\/index.php?rest_route=\/wp\/v2\/types\/page"}],"author":[{"embeddable":true,"href":"https:\/\/pedrocasiano.es\/index.php?rest_route=\/wp\/v2\/users\/1"}],"replies":[{"embeddable":true,"href":"https:\/\/pedrocasiano.es\/index.php?rest_route=%2Fwp%2Fv2%2Fcomments&post=11319"}],"version-history":[{"count":22,"href":"https:\/\/pedrocasiano.es\/index.php?rest_route=\/wp\/v2\/pages\/11319\/revisions"}],"predecessor-version":[{"id":16622,"href":"https:\/\/pedrocasiano.es\/index.php?rest_route=\/wp\/v2\/pages\/11319\/revisions\/16622"}],"wp:attachment":[{"href":"https:\/\/pedrocasiano.es\/index.php?rest_route=%2Fwp%2Fv2%2Fmedia&parent=11319"}],"curies":[{"name":"wp","href":"https:\/\/api.w.org\/{rel}","templated":true}]}}