{"id":11230,"date":"2024-09-29T02:16:05","date_gmt":"2024-09-29T02:16:05","guid":{"rendered":"https:\/\/pedrocasiano.es\/?page_id=11230"},"modified":"2026-04-02T10:33:24","modified_gmt":"2026-04-02T08:33:24","slug":"letra-t","status":"publish","type":"page","link":"https:\/\/pedrocasiano.es\/?page_id=11230","title":{"rendered":"Letra T"},"content":{"rendered":"\n<div class=\"wp-block-cover alignfull is-light has-custom-content-position is-position-top-left\" style=\"min-height:798px;aspect-ratio:unset;\"><img decoding=\"async\" width=\"1167\" height=\"775\" class=\"wp-block-cover__image-background wp-image-11231 lazyload\" alt=\"\" data-src=\"https:\/\/pedrocasiano.es\/wp-content\/uploads\/2024\/09\/DSC_2344-1peque.jpg\" data-object-fit=\"cover\" src=\"data:image\/svg+xml;base64,PHN2ZyB3aWR0aD0iMSIgaGVpZ2h0PSIxIiB4bWxucz0iaHR0cDovL3d3dy53My5vcmcvMjAwMC9zdmciPjwvc3ZnPg==\" style=\"--smush-placeholder-width: 1167px; --smush-placeholder-aspect-ratio: 1167\/775;\" \/><span aria-hidden=\"true\" class=\"wp-block-cover__background has-background-dim\" style=\"background-color:#ccc1b6\"><\/span><div class=\"wp-block-cover__inner-container has-global-padding is-layout-constrained wp-block-cover-is-layout-constrained\">\n<ul class=\"wp-block-list\">\n<li><a href=\"https:\/\/pedrocasiano.es\/?p=9160\" data-type=\"post\" data-id=\"9160\" target=\"_blank\" rel=\"noreferrer noopener\">Tafures<\/a><\/li>\n\n\n\n<li><a href=\"https:\/\/pedrocasiano.es\/?p=9191\" data-type=\"post\" data-id=\"9191\" target=\"_blank\" rel=\"noreferrer noopener\">Tom\u00e1s Conde<\/a><\/li>\n\n\n\n<li><a href=\"https:\/\/pedrocasiano.es\/?p=9195\" data-type=\"post\" data-id=\"9195\" target=\"_blank\" rel=\"noreferrer noopener\">Toril<\/a><\/li>\n\n\n\n<li><a href=\"https:\/\/pedrocasiano.es\/?p=9202\" data-type=\"post\" data-id=\"9202\" target=\"_blank\" rel=\"noreferrer noopener\">Tornillo, del<\/a><\/li>\n\n\n\n<li><a href=\"https:\/\/pedrocasiano.es\/?p=9205\" data-type=\"post\" data-id=\"9205\" target=\"_blank\" rel=\"noreferrer noopener\">Torre de Bel\u00e9n<\/a><\/li>\n\n\n\n<li><a href=\"https:\/\/pedrocasiano.es\/?p=9544\" data-type=\"post\" data-id=\"9544\" target=\"_blank\" rel=\"noreferrer noopener\">Torre de la Calahorra<\/a><\/li>\n\n\n\n<li><a href=\"https:\/\/pedrocasiano.es\/?p=9551\" data-type=\"post\" data-id=\"9551\" target=\"_blank\" rel=\"noreferrer noopener\">Torre de la Malmuerta<\/a><\/li>\n\n\n\n<li><a href=\"https:\/\/pedrocasiano.es\/?p=9558\" data-type=\"post\" data-id=\"9558\" target=\"_blank\" rel=\"noreferrer noopener\">Torre de San Andr\u00e9s<\/a><\/li>\n\n\n\n<li><a href=\"https:\/\/pedrocasiano.es\/?p=9565\" data-type=\"post\" data-id=\"9565\" target=\"_blank\" rel=\"noreferrer noopener\">Torrijos<\/a><\/li>\n\n\n\n<li><a href=\"https:\/\/pedrocasiano.es\/?p=9573\" data-type=\"post\" data-id=\"9573\" target=\"_blank\" rel=\"noreferrer noopener\">Trinitario Padre Manuel Fuentes<\/a><\/li>\n\n\n\n<li><a href=\"https:\/\/pedrocasiano.es\/?p=9576\" data-type=\"post\" data-id=\"9576\" target=\"_blank\" rel=\"noreferrer noopener\">Tundidores<\/a><\/li>\n<\/ul>\n\n\n\n<p><strong>Todos los Derechos Reservados<\/strong><\/p>\n\n\n\n<p class=\"has-text-align-center\"><strong>\u201cEstas novelas, publicaciones y dem\u00e1s, son obras de ficci\u00f3n. Los nombres, personajes, lugares e incidentes son producto de la imaginaci\u00f3n del autor o son utilizados de manera ficticia. Cualquier parecido con personas, vivas o muertas, o sucesos reales es pura coincidencia.\u201d<\/strong><\/p>\n<\/div><\/div>\n","protected":false},"excerpt":{"rendered":"","protected":false},"author":1,"featured_media":0,"parent":0,"menu_order":0,"comment_status":"closed","ping_status":"closed","template":"","meta":{"inspiro_hide_title":false,"footnotes":""},"class_list":["post-11230","page","type-page","status-publish","hentry"],"featured_media_urls":[],"_links":{"self":[{"href":"https:\/\/pedrocasiano.es\/index.php?rest_route=\/wp\/v2\/pages\/11230","targetHints":{"allow":["GET"]}}],"collection":[{"href":"https:\/\/pedrocasiano.es\/index.php?rest_route=\/wp\/v2\/pages"}],"about":[{"href":"https:\/\/pedrocasiano.es\/index.php?rest_route=\/wp\/v2\/types\/page"}],"author":[{"embeddable":true,"href":"https:\/\/pedrocasiano.es\/index.php?rest_route=\/wp\/v2\/users\/1"}],"replies":[{"embeddable":true,"href":"https:\/\/pedrocasiano.es\/index.php?rest_route=%2Fwp%2Fv2%2Fcomments&post=11230"}],"version-history":[{"count":13,"href":"https:\/\/pedrocasiano.es\/index.php?rest_route=\/wp\/v2\/pages\/11230\/revisions"}],"predecessor-version":[{"id":16660,"href":"https:\/\/pedrocasiano.es\/index.php?rest_route=\/wp\/v2\/pages\/11230\/revisions\/16660"}],"wp:attachment":[{"href":"https:\/\/pedrocasiano.es\/index.php?rest_route=%2Fwp%2Fv2%2Fmedia&parent=11230"}],"curies":[{"name":"wp","href":"https:\/\/api.w.org\/{rel}","templated":true}]}}