{"id":11012,"date":"2024-09-23T05:59:49","date_gmt":"2024-09-23T05:59:49","guid":{"rendered":"https:\/\/pedrocasiano.es\/?page_id=11012"},"modified":"2026-03-31T10:34:41","modified_gmt":"2026-03-31T08:34:41","slug":"nueve","status":"publish","type":"page","link":"https:\/\/pedrocasiano.es\/?page_id=11012","title":{"rendered":"Novena"},"content":{"rendered":"\n<div class=\"wp-block-cover alignfull is-light has-custom-content-position is-position-top-left\" style=\"min-height:552px;aspect-ratio:unset;\"><img decoding=\"async\" width=\"1200\" height=\"800\" class=\"wp-block-cover__image-background wp-image-11013 lazyload\" alt=\"\" data-src=\"https:\/\/pedrocasiano.es\/wp-content\/uploads\/2024\/09\/ai-generated-8467197peque.jpg\" data-object-fit=\"cover\" data-srcset=\"https:\/\/pedrocasiano.es\/wp-content\/uploads\/2024\/09\/ai-generated-8467197peque.jpg 1200w, https:\/\/pedrocasiano.es\/wp-content\/uploads\/2024\/09\/ai-generated-8467197peque-600x400.jpg 600w\" data-sizes=\"(max-width: 1200px) 100vw, 1200px\" src=\"data:image\/svg+xml;base64,PHN2ZyB3aWR0aD0iMSIgaGVpZ2h0PSIxIiB4bWxucz0iaHR0cDovL3d3dy53My5vcmcvMjAwMC9zdmciPjwvc3ZnPg==\" style=\"--smush-placeholder-width: 1200px; --smush-placeholder-aspect-ratio: 1200\/800;\" \/><span aria-hidden=\"true\" class=\"wp-block-cover__background has-background-dim\" style=\"background-color:#869fad\"><\/span><div class=\"wp-block-cover__inner-container has-global-padding is-layout-constrained wp-block-cover-is-layout-constrained\">\n<ul class=\"wp-block-list\">\n<li><a href=\"https:\/\/pedrocasiano.es\/?p=11019\" data-type=\"post\" data-id=\"11019\" target=\"_blank\" rel=\"noreferrer noopener\">Buscas (Rima)<\/a><\/li>\n\n\n\n<li><a href=\"https:\/\/pedrocasiano.es\/?p=11036\" data-type=\"post\" data-id=\"11036\" target=\"_blank\" rel=\"noreferrer noopener\">Cuando Alguien Amado Muere (Rima)<\/a><\/li>\n\n\n\n<li><a href=\"https:\/\/pedrocasiano.es\/?p=11042\" data-type=\"post\" data-id=\"11042\" target=\"_blank\" rel=\"noreferrer noopener\">Canci\u00f3n Desesperada que no puedo Entonar (Rima)<\/a><\/li>\n\n\n\n<li><a href=\"https:\/\/pedrocasiano.es\/?p=11048\" data-type=\"post\" data-id=\"11048\" target=\"_blank\" rel=\"noreferrer noopener\">Es Nimiedad (Rima)<\/a><\/li>\n\n\n\n<li><a href=\"https:\/\/pedrocasiano.es\/?p=11053\" data-type=\"post\" data-id=\"11053\" target=\"_blank\" rel=\"noreferrer noopener\">Hoy he Subido a la Monta\u00f1a (Rima)<\/a><\/li>\n\n\n\n<li><a href=\"https:\/\/pedrocasiano.es\/?p=11059\" data-type=\"post\" data-id=\"11059\" target=\"_blank\" rel=\"noreferrer noopener\">Te Pari\u00f3 la Luna (Rima)<\/a><\/li>\n\n\n\n<li><a href=\"https:\/\/pedrocasiano.es\/?p=11064\" data-type=\"post\" data-id=\"11064\" target=\"_blank\" rel=\"noreferrer noopener\">C\u00edrculos Negros de Dolor (Rima)<\/a><\/li>\n\n\n\n<li><a href=\"https:\/\/pedrocasiano.es\/?p=11069\" data-type=\"post\" data-id=\"11069\" target=\"_blank\" rel=\"noreferrer noopener\">Sendero de Hojas Muertas (Rima)<\/a><\/li>\n\n\n\n<li><a href=\"https:\/\/pedrocasiano.es\/?p=10705\" data-type=\"post\" data-id=\"10705\" target=\"_blank\" rel=\"noreferrer noopener\">Me Gustar\u00eda Secarte (Rima)<\/a><\/li>\n\n\n\n<li><a href=\"https:\/\/pedrocasiano.es\/?p=11103\" data-type=\"post\" data-id=\"11103\" target=\"_blank\" rel=\"noreferrer noopener\">El Ladrido De Los Perros (Rima)<\/a><\/li>\n\n\n\n<li><a href=\"https:\/\/pedrocasiano.es\/?p=11110\" data-type=\"post\" data-id=\"11110\" target=\"_blank\" rel=\"noreferrer noopener\">Cuando La Ciudad Duerme (Rima)<\/a><\/li>\n\n\n\n<li><a href=\"https:\/\/pedrocasiano.es\/?p=11152\" data-type=\"post\" data-id=\"11152\" target=\"_blank\" rel=\"noreferrer noopener\">El D\u00eda en que me Muera (Rima)<\/a><\/li>\n\n\n\n<li><a href=\"https:\/\/pedrocasiano.es\/?p=11176\" data-type=\"post\" data-id=\"11176\" target=\"_blank\" rel=\"noreferrer noopener\">Algunas Veces (Rima)<\/a><\/li>\n\n\n\n<li><a href=\"https:\/\/pedrocasiano.es\/?p=11178\" data-type=\"post\" data-id=\"11178\" target=\"_blank\" rel=\"noreferrer noopener\">Cr\u00f3nica de los Atardeceres Vac\u00edos (Rima)<\/a><\/li>\n\n\n\n<li><a href=\"https:\/\/pedrocasiano.es\/?p=11182\" data-type=\"post\" data-id=\"11182\" target=\"_blank\" rel=\"noreferrer noopener\">Albores de Esperanza (Rima)<\/a><\/li>\n\n\n\n<li><a href=\"https:\/\/pedrocasiano.es\/?p=11185\" data-type=\"post\" data-id=\"11185\" target=\"_blank\" rel=\"noreferrer noopener\">Calor, m\u00e1s Calor (Rima)<\/a><\/li>\n\n\n\n<li><a href=\"https:\/\/pedrocasiano.es\/?p=11190\" data-type=\"post\" data-id=\"11190\" target=\"_blank\" rel=\"noreferrer noopener\">D\u00edas de Hueso (Rima)<\/a><\/li>\n\n\n\n<li><a href=\"https:\/\/pedrocasiano.es\/?p=11193\" data-type=\"post\" data-id=\"11193\" target=\"_blank\" rel=\"noreferrer noopener\">La Pasi\u00f3n (Rima)<\/a><\/li>\n\n\n\n<li><a href=\"https:\/\/pedrocasiano.es\/?p=11196\" data-type=\"post\" data-id=\"11196\" target=\"_blank\" rel=\"noreferrer noopener\">Recuerdos, Solo Recuerdos (Rima)<\/a><\/li>\n<\/ul>\n\n\n\n<p><strong>Todos los Derechos Reservados<\/strong><\/p>\n\n\n\n<p><strong>\u201cEstas novelas, publicaciones y dem\u00e1s, son obras de ficci\u00f3n. Los nombres, personajes, lugares e incidentes son producto de la imaginaci\u00f3n del autor o son utilizados de manera ficticia. Cualquier parecido con personas, vivas o muertas, o sucesos reales es pura coincidencia.\u201d<\/strong><\/p>\n<\/div><\/div>\n\n\n\n<p><\/p>\n","protected":false},"excerpt":{"rendered":"","protected":false},"author":1,"featured_media":0,"parent":0,"menu_order":0,"comment_status":"closed","ping_status":"closed","template":"","meta":{"inspiro_hide_title":false,"footnotes":""},"class_list":["post-11012","page","type-page","status-publish","hentry"],"featured_media_urls":[],"_links":{"self":[{"href":"https:\/\/pedrocasiano.es\/index.php?rest_route=\/wp\/v2\/pages\/11012","targetHints":{"allow":["GET"]}}],"collection":[{"href":"https:\/\/pedrocasiano.es\/index.php?rest_route=\/wp\/v2\/pages"}],"about":[{"href":"https:\/\/pedrocasiano.es\/index.php?rest_route=\/wp\/v2\/types\/page"}],"author":[{"embeddable":true,"href":"https:\/\/pedrocasiano.es\/index.php?rest_route=\/wp\/v2\/users\/1"}],"replies":[{"embeddable":true,"href":"https:\/\/pedrocasiano.es\/index.php?rest_route=%2Fwp%2Fv2%2Fcomments&post=11012"}],"version-history":[{"count":22,"href":"https:\/\/pedrocasiano.es\/index.php?rest_route=\/wp\/v2\/pages\/11012\/revisions"}],"predecessor-version":[{"id":16451,"href":"https:\/\/pedrocasiano.es\/index.php?rest_route=\/wp\/v2\/pages\/11012\/revisions\/16451"}],"wp:attachment":[{"href":"https:\/\/pedrocasiano.es\/index.php?rest_route=%2Fwp%2Fv2%2Fmedia&parent=11012"}],"curies":[{"name":"wp","href":"https:\/\/api.w.org\/{rel}","templated":true}]}}