{"id":10925,"date":"2024-09-23T03:27:57","date_gmt":"2024-09-23T03:27:57","guid":{"rendered":"https:\/\/pedrocasiano.es\/?page_id=10925"},"modified":"2026-03-31T10:34:23","modified_gmt":"2026-03-31T08:34:23","slug":"ocho","status":"publish","type":"page","link":"https:\/\/pedrocasiano.es\/?page_id=10925","title":{"rendered":"Octava"},"content":{"rendered":"\n<div class=\"wp-block-cover alignfull is-light has-custom-content-position is-position-top-left\" style=\"min-height:568px;aspect-ratio:unset;\"><img decoding=\"async\" width=\"1024\" height=\"682\" class=\"wp-block-cover__image-background wp-image-10926 lazyload\" alt=\"\" data-src=\"https:\/\/pedrocasiano.es\/wp-content\/uploads\/2024\/09\/young-gf52f2ac38_1920peque.jpg\" data-object-fit=\"cover\" data-srcset=\"https:\/\/pedrocasiano.es\/wp-content\/uploads\/2024\/09\/young-gf52f2ac38_1920peque.jpg 1024w, https:\/\/pedrocasiano.es\/wp-content\/uploads\/2024\/09\/young-gf52f2ac38_1920peque-600x400.jpg 600w\" data-sizes=\"(max-width: 1024px) 100vw, 1024px\" src=\"data:image\/svg+xml;base64,PHN2ZyB3aWR0aD0iMSIgaGVpZ2h0PSIxIiB4bWxucz0iaHR0cDovL3d3dy53My5vcmcvMjAwMC9zdmciPjwvc3ZnPg==\" style=\"--smush-placeholder-width: 1024px; --smush-placeholder-aspect-ratio: 1024\/682;\" \/><span aria-hidden=\"true\" class=\"wp-block-cover__background has-background-dim\" style=\"background-color:#cec6c6\"><\/span><div class=\"wp-block-cover__inner-container has-global-padding is-layout-constrained wp-block-cover-is-layout-constrained\">\n<ul class=\"wp-block-list\">\n<li><a href=\"https:\/\/pedrocasiano.es\/?p=10933\" data-type=\"post\" data-id=\"10933\" target=\"_blank\" rel=\"noreferrer noopener\">Hoy So\u00f1\u00e9 que So\u00f1aba (Rima)<\/a><\/li>\n\n\n\n<li><a href=\"https:\/\/pedrocasiano.es\/?p=10936\" data-type=\"post\" data-id=\"10936\" target=\"_blank\" rel=\"noreferrer noopener\">La Vida te Espera, Agazapada (Rima)<\/a><\/li>\n\n\n\n<li><a href=\"https:\/\/pedrocasiano.es\/?p=10939\" data-type=\"post\" data-id=\"10939\" target=\"_blank\" rel=\"noreferrer noopener\">La Vieja Casa (Rima)<\/a><\/li>\n\n\n\n<li><a href=\"https:\/\/pedrocasiano.es\/?p=10942\" data-type=\"post\" data-id=\"10942\" target=\"_blank\" rel=\"noreferrer noopener\">Llueve (Rima)<\/a><\/li>\n\n\n\n<li><a href=\"https:\/\/pedrocasiano.es\/?p=10946\" data-type=\"post\" data-id=\"10946\" target=\"_blank\" rel=\"noreferrer noopener\">Rastros de Nave a la Deriva (Rima)<\/a><\/li>\n\n\n\n<li><a href=\"https:\/\/pedrocasiano.es\/?p=10949\" data-type=\"post\" data-id=\"10949\" target=\"_blank\" rel=\"noreferrer noopener\">Sue\u00f1os Perdidos (Rima)<\/a><\/li>\n\n\n\n<li><a href=\"https:\/\/pedrocasiano.es\/?p=10952\" data-type=\"post\" data-id=\"10952\" target=\"_blank\" rel=\"noreferrer noopener\">Tiempos de Agobio (Rima)<\/a><\/li>\n\n\n\n<li><a href=\"https:\/\/pedrocasiano.es\/?p=10955\" data-type=\"post\" data-id=\"10955\" target=\"_blank\" rel=\"noreferrer noopener\">\u00daltima Noche sobre la Faz de la Tierra (Rima)<\/a><\/li>\n\n\n\n<li><a href=\"https:\/\/pedrocasiano.es\/?p=10959\" data-type=\"post\" data-id=\"10959\" target=\"_blank\" rel=\"noreferrer noopener\">Viejos Recuerdos (Rima)<\/a><\/li>\n\n\n\n<li><a href=\"https:\/\/pedrocasiano.es\/?p=10977\" data-type=\"post\" data-id=\"10977\" target=\"_blank\" rel=\"noreferrer noopener\">Noche de Pastillas (Rima)<\/a><\/li>\n\n\n\n<li><a href=\"https:\/\/pedrocasiano.es\/?p=10981\" data-type=\"post\" data-id=\"10981\" target=\"_blank\" rel=\"noreferrer noopener\">Ha llegado el Verano (Rima)<\/a><\/li>\n\n\n\n<li><a href=\"https:\/\/pedrocasiano.es\/?p=10984\" data-type=\"post\" data-id=\"10984\" target=\"_blank\" rel=\"noreferrer noopener\">Muros de Hormig\u00f3n (Rima)<\/a><\/li>\n\n\n\n<li><a href=\"https:\/\/pedrocasiano.es\/?p=10987\" data-type=\"post\" data-id=\"10987\" target=\"_blank\" rel=\"noreferrer noopener\">Amaneceres Ansiosos (Rima)<\/a><\/li>\n\n\n\n<li><a href=\"https:\/\/pedrocasiano.es\/?p=10990\" data-type=\"post\" data-id=\"10990\" target=\"_blank\" rel=\"noreferrer noopener\">Cuando cae la Noche (Rima)<\/a><\/li>\n\n\n\n<li><a href=\"https:\/\/pedrocasiano.es\/?p=10994\" data-type=\"post\" data-id=\"10994\" target=\"_blank\" rel=\"noreferrer noopener\">Verano (Rima)<\/a><\/li>\n\n\n\n<li><a href=\"https:\/\/pedrocasiano.es\/?p=10998\" data-type=\"post\" data-id=\"10998\" target=\"_blank\" rel=\"noreferrer noopener\">Extra\u00f1a Vida (Rima)<\/a><\/li>\n\n\n\n<li><a href=\"https:\/\/pedrocasiano.es\/?p=11002\" data-type=\"post\" data-id=\"11002\" target=\"_blank\" rel=\"noreferrer noopener\">Barcos de Madera (Rima)<\/a><\/li>\n\n\n\n<li><a href=\"https:\/\/pedrocasiano.es\/?p=11005\" data-type=\"post\" data-id=\"11005\" target=\"_blank\" rel=\"noreferrer noopener\">Caminos de Polvo (Rima)<\/a><\/li>\n\n\n\n<li><a href=\"https:\/\/pedrocasiano.es\/?p=11009\" data-type=\"post\" data-id=\"11009\" target=\"_blank\" rel=\"noreferrer noopener\">Ya no se oye M\u00fasica (Rima)<\/a><\/li>\n<\/ul>\n\n\n\n<p><strong>Todos los Derechos Reservados<\/strong><\/p>\n\n\n\n<p><strong>\u201cEstas novelas, publicaciones y dem\u00e1s, son obras de ficci\u00f3n. Los nombres, personajes, lugares e incidentes son producto de la imaginaci\u00f3n del autor o son utilizados de manera ficticia. Cualquier parecido con personas, vivas o muertas, o sucesos reales es pura coincidencia.\u201d<\/strong><\/p>\n<\/div><\/div>\n\n\n\n<p><\/p>\n","protected":false},"excerpt":{"rendered":"","protected":false},"author":1,"featured_media":0,"parent":0,"menu_order":0,"comment_status":"closed","ping_status":"closed","template":"","meta":{"inspiro_hide_title":false,"footnotes":""},"class_list":["post-10925","page","type-page","status-publish","hentry"],"featured_media_urls":[],"_links":{"self":[{"href":"https:\/\/pedrocasiano.es\/index.php?rest_route=\/wp\/v2\/pages\/10925","targetHints":{"allow":["GET"]}}],"collection":[{"href":"https:\/\/pedrocasiano.es\/index.php?rest_route=\/wp\/v2\/pages"}],"about":[{"href":"https:\/\/pedrocasiano.es\/index.php?rest_route=\/wp\/v2\/types\/page"}],"author":[{"embeddable":true,"href":"https:\/\/pedrocasiano.es\/index.php?rest_route=\/wp\/v2\/users\/1"}],"replies":[{"embeddable":true,"href":"https:\/\/pedrocasiano.es\/index.php?rest_route=%2Fwp%2Fv2%2Fcomments&post=10925"}],"version-history":[{"count":22,"href":"https:\/\/pedrocasiano.es\/index.php?rest_route=\/wp\/v2\/pages\/10925\/revisions"}],"predecessor-version":[{"id":16450,"href":"https:\/\/pedrocasiano.es\/index.php?rest_route=\/wp\/v2\/pages\/10925\/revisions\/16450"}],"wp:attachment":[{"href":"https:\/\/pedrocasiano.es\/index.php?rest_route=%2Fwp%2Fv2%2Fmedia&parent=10925"}],"curies":[{"name":"wp","href":"https:\/\/api.w.org\/{rel}","templated":true}]}}