{"id":109,"date":"2024-02-14T15:27:40","date_gmt":"2024-02-14T15:27:40","guid":{"rendered":"https:\/\/pedrocasiano.es\/?page_id=109"},"modified":"2024-07-30T07:26:51","modified_gmt":"2024-07-30T07:26:51","slug":"el-camino-del-lobo","status":"publish","type":"page","link":"https:\/\/pedrocasiano.es\/?page_id=109","title":{"rendered":"El Camino del Lobo"},"content":{"rendered":"\n<div class=\"wp-block-media-text is-stacked-on-mobile is-vertically-aligned-top\" style=\"grid-template-columns:45% auto\"><figure class=\"wp-block-media-text__media\"><img decoding=\"async\" width=\"533\" height=\"800\" data-src=\"https:\/\/pedrocasiano.es\/wp-content\/uploads\/2024\/07\/Portada-Pablo-y-Rosa_5peque.jpg\" alt=\"\" class=\"wp-image-8685 size-full lazyload\" src=\"data:image\/svg+xml;base64,PHN2ZyB3aWR0aD0iMSIgaGVpZ2h0PSIxIiB4bWxucz0iaHR0cDovL3d3dy53My5vcmcvMjAwMC9zdmciPjwvc3ZnPg==\" style=\"--smush-placeholder-width: 533px; --smush-placeholder-aspect-ratio: 533\/800;\" \/><\/figure><div class=\"wp-block-media-text__content\">\n<p>La vuelta a la normalidad imposible, el perd\u00f3n de los que te traicionan, improbable, \u00bfQu\u00e9 te queda, Pablo? Seguir hacia adelante, tapando los errores de otros, pagando culpas que no son las tuyas, soportando el peso de la responsabilidad de proteger a quienes no se dejan.<\/p>\n\n\n\n<p>Rosa crece a pesar de todo, la responsabilidad de ayudar a los dem\u00e1s, su leyenda su herencia y su futuro, y la amenaza la de aquellos que saben o imaginan lo que ha hecho y quieren recuperarlo, de cualquier forma, la sangre de los asesinos planea como una sombra negra sobre todos los que quiere.<\/p>\n\n\n\n<p>La amenaza se hace real, van a por Rosa, y Pablo solo sabe una forma de acabar con ella, eliminarla, paso a paso, persona a persona, Pablo crea un c\u00edrculo de muerte para asegurar a los que ama.<\/p>\n\n\n\n<p>No importan los medios, ya no es Polic\u00eda, es solo el Segador, el alma del verdugo, no hay l\u00edmite en lo hecho, la l\u00ednea entre el bien y el mal desaparece, Pablo la cruza, y sus actos dejan un reguero de muerte y de destrucci\u00f3n a su alrededor.<\/p>\n\n\n\n<p>Pablo caza alima\u00f1as, pone cepos, trampas, y las elimina conforme caen, no hay prisioneros en esta contienda.<\/p>\n\n\n\n<p>Nueva misi\u00f3n, nuevo reto, nueva prueba, los \u00e1ngeles de la muerte tocan a su puerta, y se cruza con la familia de las alima\u00f1as, muere, o vive, muere, al final muere, nada es ya vida, la traici\u00f3n de la que m\u00e1s quiere har\u00e1 que Pablo desee una y mil veces la muerte.<\/p>\n\n\n\n<p>Los fantasmas de aquellos que han muerto por \u00e9l le rodean, le piden que vaya con ellos, y Pablo quiere morir, se aleja de todo, de su vida, de la vida, y en las tierras m\u00e1s lejanas m\u00e1s desconocidas se adentra.&nbsp;<\/p>\n\n\n\n<p>\u201cVen dulce muerte, ven\u201d, implora todos los d\u00edas, y a su alrededor todo se desvanece, m\u00e1s fantasmas alrededor suyo.Y la apoteosis, los demonios de tierras lejanas lo conocen, lo llaman y le hablan a trav\u00e9s del dolor. \u00bfQu\u00e9 pasar\u00e1 con el alma de Pablo?\u00bfVolver\u00e1 a ser Pablo alg\u00fan d\u00eda?<\/p>\n<\/div><\/div>\n\n\n\n<figure class=\"wp-block-embed alignright is-type-rich is-provider-amazon wp-block-embed-amazon\"><div class=\"wp-block-embed__wrapper\">\n<iframe title=\"PABLO Y ROSA IV El camino del Lobo\" type=\"text\/html\" width=\"950\" height=\"550\" frameborder=\"0\" allowfullscreen style=\"max-width:100%\" data-src=\"https:\/\/leer.amazon.es\/kp\/card?preview=inline&#038;linkCode=kpd&#038;ref_=k4w_oembed_cEr1YerL7NkOOa&#038;asin=B0754JXNJL&#038;tag=kpembed-20\" src=\"data:image\/svg+xml;base64,PHN2ZyB3aWR0aD0iMSIgaGVpZ2h0PSIxIiB4bWxucz0iaHR0cDovL3d3dy53My5vcmcvMjAwMC9zdmciPjwvc3ZnPg==\" class=\"lazyload\" data-load-mode=\"1\"><\/iframe>\n<\/div><\/figure>\n","protected":false},"excerpt":{"rendered":"<p>La vuelta a la normalidad imposible, el perd\u00f3n de los que te traicionan, improbable, \u00bfQu\u00e9 te queda, Pablo? Seguir hacia adelante, tapando los errores de otros, pagando culpas que no son las tuyas, soportando el peso de la responsabilidad de proteger a quienes no se dejan. Rosa crece a pesar de todo, la responsabilidad de &hellip; <\/p>\n<p class=\"link-more\"><a href=\"https:\/\/pedrocasiano.es\/?page_id=109\" class=\"more-link\">Leer m\u00e1s<span class=\"screen-reader-text\"> \u00abEl Camino del Lobo\u00bb<\/span><\/a><\/p>\n","protected":false},"author":1,"featured_media":0,"parent":0,"menu_order":0,"comment_status":"closed","ping_status":"closed","template":"","meta":{"inspiro_hide_title":false,"footnotes":""},"class_list":["post-109","page","type-page","status-publish","hentry"],"featured_media_urls":[],"_links":{"self":[{"href":"https:\/\/pedrocasiano.es\/index.php?rest_route=\/wp\/v2\/pages\/109","targetHints":{"allow":["GET"]}}],"collection":[{"href":"https:\/\/pedrocasiano.es\/index.php?rest_route=\/wp\/v2\/pages"}],"about":[{"href":"https:\/\/pedrocasiano.es\/index.php?rest_route=\/wp\/v2\/types\/page"}],"author":[{"embeddable":true,"href":"https:\/\/pedrocasiano.es\/index.php?rest_route=\/wp\/v2\/users\/1"}],"replies":[{"embeddable":true,"href":"https:\/\/pedrocasiano.es\/index.php?rest_route=%2Fwp%2Fv2%2Fcomments&post=109"}],"version-history":[{"count":11,"href":"https:\/\/pedrocasiano.es\/index.php?rest_route=\/wp\/v2\/pages\/109\/revisions"}],"predecessor-version":[{"id":8686,"href":"https:\/\/pedrocasiano.es\/index.php?rest_route=\/wp\/v2\/pages\/109\/revisions\/8686"}],"wp:attachment":[{"href":"https:\/\/pedrocasiano.es\/index.php?rest_route=%2Fwp%2Fv2%2Fmedia&parent=109"}],"curies":[{"name":"wp","href":"https:\/\/api.w.org\/{rel}","templated":true}]}}