{"id":1059,"date":"2024-02-16T15:42:44","date_gmt":"2024-02-16T15:42:44","guid":{"rendered":"https:\/\/pedrocasiano.es\/?page_id=1059"},"modified":"2024-02-16T15:42:44","modified_gmt":"2024-02-16T15:42:44","slug":"me-gustaria-secarte","status":"publish","type":"page","link":"https:\/\/pedrocasiano.es\/?page_id=1059","title":{"rendered":"Me Gustar\u00eda Secarte"},"content":{"rendered":"\n<div class=\"wp-block-media-text is-stacked-on-mobile is-vertically-aligned-top\"><figure class=\"wp-block-media-text__media\"><img decoding=\"async\" width=\"564\" height=\"853\" data-src=\"https:\/\/pedrocasiano.es\/wp-content\/uploads\/2024\/02\/image-23.jpeg\" alt=\"No hay ninguna descripci\u00f3n de la foto disponible.\" class=\"wp-image-1060 size-full lazyload\" src=\"data:image\/svg+xml;base64,PHN2ZyB3aWR0aD0iMSIgaGVpZ2h0PSIxIiB4bWxucz0iaHR0cDovL3d3dy53My5vcmcvMjAwMC9zdmciPjwvc3ZnPg==\" style=\"--smush-placeholder-width: 564px; --smush-placeholder-aspect-ratio: 564\/853;\" \/><\/figure><div class=\"wp-block-media-text__content\">\n<p>Me gustar\u00eda secarte<\/p>\n\n\n\n<p>cuando sales mojada<\/p>\n\n\n\n<p>en el calor de la noche<\/p>\n\n\n\n<p>cuando la brisa amansa el alma<\/p>\n\n\n\n<p>Me gustar\u00eda secarte<\/p>\n\n\n\n<p>para <a><\/a>bregar en tu negro cabello<\/p>\n\n\n\n<p>l\u00ednea a l\u00ednea,<\/p>\n\n\n\n<p>onda a onda,<\/p>\n\n\n\n<p>como si lo labrara.<\/p>\n\n\n\n<p>me gustar\u00eda secar tu cuerpo<\/p>\n\n\n\n<p>como si lo leyera<\/p>\n\n\n\n<p>como si lo bebiera<\/p>\n\n\n\n<p>como si lo comiera<\/p>\n\n\n\n<p>como si solo existiera<\/p>\n\n\n\n<p>el son de tus caderas<\/p>\n\n\n\n<p>el alma de tus labios,<\/p>\n\n\n\n<p>y beber el sabor de tu ansia<\/p>\n\n\n\n<p>hasta dejarte seca,<\/p>\n\n\n\n<p>y sumirme en tus encantos<\/p>\n\n\n\n<p>como si cupiera,<\/p>\n\n\n\n<p>perderme en ellos,<\/p>\n\n\n\n<p>para darte el cielo,<\/p>\n\n\n\n<p>y entre tu carne y alma<\/p>\n\n\n\n<p>morir enredado<\/p>\n\n\n\n<p>en tu soberbio sexo<\/p>\n\n\n\n<p>como si nada m\u00e1s existiera,<\/p>\n\n\n\n<p>quisiera,<\/p>\n\n\n\n<p>quisiera,<\/p>\n\n\n\n<p>contigo,<\/p>\n\n\n\n<p>todo lo quisiera<\/p>\n\n\n\n<p>que el tiempo se detuviera<\/p>\n\n\n\n<p>cuando gritas de \u00e9xtasis<\/p>\n\n\n\n<p>y a el me llevas<\/p>\n\n\n\n<p>diosa del amanecer<\/p>\n\n\n\n<p>y hembra de la anochecida<\/p>\n\n\n\n<p>mi amor soberbio<\/p>\n\n\n\n<p>mi mujer querida.<\/p>\n<\/div><\/div>\n","protected":false},"excerpt":{"rendered":"<p>Me gustar\u00eda secarte cuando sales mojada en el calor de la noche cuando la brisa amansa el alma Me gustar\u00eda secarte para bregar en tu negro cabello l\u00ednea a l\u00ednea, onda a onda, como si lo labrara. me gustar\u00eda secar tu cuerpo como si lo leyera como si lo bebiera como si lo comiera como &hellip; <\/p>\n<p class=\"link-more\"><a href=\"https:\/\/pedrocasiano.es\/?page_id=1059\" class=\"more-link\">Leer m\u00e1s<span class=\"screen-reader-text\"> \u00abMe Gustar\u00eda Secarte\u00bb<\/span><\/a><\/p>\n","protected":false},"author":1,"featured_media":0,"parent":0,"menu_order":0,"comment_status":"closed","ping_status":"closed","template":"","meta":{"inspiro_hide_title":false,"footnotes":""},"class_list":["post-1059","page","type-page","status-publish","hentry"],"featured_media_urls":[],"_links":{"self":[{"href":"https:\/\/pedrocasiano.es\/index.php?rest_route=\/wp\/v2\/pages\/1059","targetHints":{"allow":["GET"]}}],"collection":[{"href":"https:\/\/pedrocasiano.es\/index.php?rest_route=\/wp\/v2\/pages"}],"about":[{"href":"https:\/\/pedrocasiano.es\/index.php?rest_route=\/wp\/v2\/types\/page"}],"author":[{"embeddable":true,"href":"https:\/\/pedrocasiano.es\/index.php?rest_route=\/wp\/v2\/users\/1"}],"replies":[{"embeddable":true,"href":"https:\/\/pedrocasiano.es\/index.php?rest_route=%2Fwp%2Fv2%2Fcomments&post=1059"}],"version-history":[{"count":2,"href":"https:\/\/pedrocasiano.es\/index.php?rest_route=\/wp\/v2\/pages\/1059\/revisions"}],"predecessor-version":[{"id":10707,"href":"https:\/\/pedrocasiano.es\/index.php?rest_route=\/wp\/v2\/pages\/1059\/revisions\/10707"}],"wp:attachment":[{"href":"https:\/\/pedrocasiano.es\/index.php?rest_route=%2Fwp%2Fv2%2Fmedia&parent=1059"}],"curies":[{"name":"wp","href":"https:\/\/api.w.org\/{rel}","templated":true}]}}