{"id":1057,"date":"2024-02-16T15:41:39","date_gmt":"2024-02-16T15:41:39","guid":{"rendered":"https:\/\/pedrocasiano.es\/?page_id=1057"},"modified":"2024-09-22T05:34:30","modified_gmt":"2024-09-22T05:34:30","slug":"tu-mirada-perdida-en-el-infinito","status":"publish","type":"page","link":"https:\/\/pedrocasiano.es\/?page_id=1057","title":{"rendered":"Tu Mirada Perdida en el Infinito"},"content":{"rendered":"\n<div class=\"wp-block-media-text is-stacked-on-mobile is-vertically-aligned-top\"><figure class=\"wp-block-media-text__media\"><img decoding=\"async\" width=\"564\" height=\"392\" data-src=\"https:\/\/pedrocasiano.es\/wp-content\/uploads\/2024\/09\/1-1.jpg\" alt=\"\" class=\"wp-image-10817 size-full lazyload\" src=\"data:image\/svg+xml;base64,PHN2ZyB3aWR0aD0iMSIgaGVpZ2h0PSIxIiB4bWxucz0iaHR0cDovL3d3dy53My5vcmcvMjAwMC9zdmciPjwvc3ZnPg==\" style=\"--smush-placeholder-width: 564px; --smush-placeholder-aspect-ratio: 564\/392;\" \/><\/figure><div class=\"wp-block-media-text__content\">\n<p>Tu mirada perdida en el infinito<\/p>\n\n\n\n<p>Tu cuerpo sobre el m\u00e1rmol<\/p>\n\n\n\n<p>Desnudo, sintiendo su frio.<\/p>\n\n\n\n<p>La sombra que desaf\u00eda<\/p>\n\n\n\n<p>A un c\u00e1lido mediod\u00eda<\/p>\n\n\n\n<p>S\u00e9 <a><\/a>que me esperas<\/p>\n\n\n\n<p>Para dormir a tu lado<\/p>\n\n\n\n<p>Bajo la higuera, bajo el granado<\/p>\n\n\n\n<p>En las horas m\u00e1s calurosas del d\u00eda<\/p>\n\n\n\n<p>Y terminaremos, como terminamos<\/p>\n\n\n\n<p>Todos los d\u00edas<\/p>\n\n\n\n<p>En el abrazo c\u00e1lido que espera tu cuerpo<\/p>\n\n\n\n<p>Y desea el m\u00edo<\/p>\n\n\n\n<p>Y vendr\u00e1 la tarde,<\/p>\n\n\n\n<p>Despert\u00e1ndonos la fresca brisa<\/p>\n\n\n\n<p>Que trae la monta\u00f1a<\/p>\n\n\n\n<p>Me sonreir\u00e1s<\/p>\n\n\n\n<p>Amar\u00e9 tu sonrisa,<\/p>\n\n\n\n<p>te besar\u00e9 los labios<\/p>\n\n\n\n<p>y te amar\u00e9 de nuevo<\/p>\n\n\n\n<p>hasta que alg\u00fan d\u00eda, pasados siglos,<\/p>\n\n\n\n<p>bajo la higuera, bajo el granado<\/p>\n\n\n\n<p>no haya nada, ni t\u00fa, ni yo,<\/p>\n\n\n\n<p>amada m\u00eda.<\/p>\n<\/div><\/div>\n","protected":false},"excerpt":{"rendered":"<p>Tu mirada perdida en el infinito Tu cuerpo sobre el m\u00e1rmol Desnudo, sintiendo su frio. La sombra que desaf\u00eda A un c\u00e1lido mediod\u00eda S\u00e9 que me esperas Para dormir a tu lado Bajo la higuera, bajo el granado En las horas m\u00e1s calurosas del d\u00eda Y terminaremos, como terminamos Todos los d\u00edas En el abrazo &hellip; <\/p>\n<p class=\"link-more\"><a href=\"https:\/\/pedrocasiano.es\/?page_id=1057\" class=\"more-link\">Leer m\u00e1s<span class=\"screen-reader-text\"> \u00abTu Mirada Perdida en el Infinito\u00bb<\/span><\/a><\/p>\n","protected":false},"author":1,"featured_media":0,"parent":0,"menu_order":0,"comment_status":"closed","ping_status":"closed","template":"","meta":{"inspiro_hide_title":false,"footnotes":""},"class_list":["post-1057","page","type-page","status-publish","hentry"],"featured_media_urls":[],"_links":{"self":[{"href":"https:\/\/pedrocasiano.es\/index.php?rest_route=\/wp\/v2\/pages\/1057","targetHints":{"allow":["GET"]}}],"collection":[{"href":"https:\/\/pedrocasiano.es\/index.php?rest_route=\/wp\/v2\/pages"}],"about":[{"href":"https:\/\/pedrocasiano.es\/index.php?rest_route=\/wp\/v2\/types\/page"}],"author":[{"embeddable":true,"href":"https:\/\/pedrocasiano.es\/index.php?rest_route=\/wp\/v2\/users\/1"}],"replies":[{"embeddable":true,"href":"https:\/\/pedrocasiano.es\/index.php?rest_route=%2Fwp%2Fv2%2Fcomments&post=1057"}],"version-history":[{"count":5,"href":"https:\/\/pedrocasiano.es\/index.php?rest_route=\/wp\/v2\/pages\/1057\/revisions"}],"predecessor-version":[{"id":10822,"href":"https:\/\/pedrocasiano.es\/index.php?rest_route=\/wp\/v2\/pages\/1057\/revisions\/10822"}],"wp:attachment":[{"href":"https:\/\/pedrocasiano.es\/index.php?rest_route=%2Fwp%2Fv2%2Fmedia&parent=1057"}],"curies":[{"name":"wp","href":"https:\/\/api.w.org\/{rel}","templated":true}]}}