{"id":1051,"date":"2024-02-16T15:39:30","date_gmt":"2024-02-16T15:39:30","guid":{"rendered":"https:\/\/pedrocasiano.es\/?page_id=1051"},"modified":"2024-02-16T15:39:30","modified_gmt":"2024-02-16T15:39:30","slug":"revelaciones-apocrifas","status":"publish","type":"page","link":"https:\/\/pedrocasiano.es\/?page_id=1051","title":{"rendered":"Revelaciones Ap\u00f3crifas"},"content":{"rendered":"\n<div class=\"wp-block-media-text is-stacked-on-mobile is-vertically-aligned-top\"><figure class=\"wp-block-media-text__media\"><img decoding=\"async\" width=\"1024\" height=\"960\" data-src=\"https:\/\/pedrocasiano.es\/wp-content\/uploads\/2024\/02\/image-21-1024x960.jpeg\" alt=\"No hay ninguna descripci\u00f3n de la foto disponible.\" class=\"wp-image-1052 size-full lazyload\" src=\"data:image\/svg+xml;base64,PHN2ZyB3aWR0aD0iMSIgaGVpZ2h0PSIxIiB4bWxucz0iaHR0cDovL3d3dy53My5vcmcvMjAwMC9zdmciPjwvc3ZnPg==\" style=\"--smush-placeholder-width: 1024px; --smush-placeholder-aspect-ratio: 1024\/960;\" \/><\/figure><div class=\"wp-block-media-text__content\">\n<p>Otra Locura de las M\u00edas.<\/p>\n\n\n\n<p>Revelaciones Ap\u00f3crifas<\/p>\n\n\n\n<p>Vers\u00edculo I<\/p>\n\n\n\n<p><a><\/a>Revelaciones 1.1<\/p>\n\n\n\n<p>Y los hombres creyeron ser dioses<\/p>\n\n\n\n<p>Poblaron el mundo de aberraciones<\/p>\n\n\n\n<p>Adoraron a los falsos \u00eddolos<\/p>\n\n\n\n<p>E hicieron del dinero y del poder su sangre<\/p>\n\n\n\n<p>Cambiaron el cielo por la tierra<\/p>\n\n\n\n<p>Y Dios llor\u00f3, y con \u00e9l, sus \u00e1ngeles<\/p>\n\n\n\n<p>Y el mayor de ellos,<\/p>\n\n\n\n<p>que vio como su amado creador sufr\u00eda<\/p>\n\n\n\n<p>Lanz\u00f3 sobre la tierra su aliento<\/p>\n\n\n\n<p>El que conten\u00eda el principio del advenimiento.<\/p>\n\n\n\n<p>Revelaciones 1.2<\/p>\n\n\n\n<p>Su aliento llen\u00f3 el firmamento<\/p>\n\n\n\n<p>Y como polvo del cielo<\/p>\n\n\n\n<p>Llen\u00f3 el planeta entero<\/p>\n\n\n\n<p>Sali\u00f3 de padres a hijos<\/p>\n\n\n\n<p>De estos a los abuelos<\/p>\n\n\n\n<p>Y toda la tierra se ti\u00f1\u00f3 del color de los muertos.<\/p>\n\n\n\n<p>Revelaciones 1.3<\/p>\n\n\n\n<p>Mat\u00f3 a los sabios<\/p>\n\n\n\n<p>Dejando a los inexpertos<\/p>\n\n\n\n<p>Y los pa\u00edses hermanos<\/p>\n\n\n\n<p>Lucharon unos con otros<\/p>\n\n\n\n<p>Como si fueran mismos perros<\/p>\n\n\n\n<p>Por un solo hueso muriendo.<\/p>\n\n\n\n<p>Revelaciones 1.4<\/p>\n\n\n\n<p>Dioses de pies de barro<\/p>\n\n\n\n<p>Gobernantes sin sentido<\/p>\n\n\n\n<p>Sin amor, sin sentimiento<\/p>\n\n\n\n<p>Hicieron que la palabra de Dios<\/p>\n\n\n\n<p>Quedar\u00e1, solo en un cuento<\/p>\n\n\n\n<p>Revelaciones 1.5<\/p>\n\n\n\n<p>Y las aves que cruzaban el cielo<\/p>\n\n\n\n<p>Llevaban vac\u00edos los senos,<\/p>\n\n\n\n<p>Pocas quedaban al aire<\/p>\n\n\n\n<p>D\u00eda a d\u00eda menos,<\/p>\n\n\n\n<p>Veloces flechas de plata<\/p>\n\n\n\n<p>Que recorr\u00edan las llanuras<\/p>\n\n\n\n<p>Las monta\u00f1as y los vados<\/p>\n\n\n\n<p>Quedaron como muertas<\/p>\n\n\n\n<p>Sobre sus caminos yertos.<\/p>\n<\/div><\/div>\n","protected":false},"excerpt":{"rendered":"<p>Otra Locura de las M\u00edas. Revelaciones Ap\u00f3crifas Vers\u00edculo I Revelaciones 1.1 Y los hombres creyeron ser dioses Poblaron el mundo de aberraciones Adoraron a los falsos \u00eddolos E hicieron del dinero y del poder su sangre Cambiaron el cielo por la tierra Y Dios llor\u00f3, y con \u00e9l, sus \u00e1ngeles Y el mayor de ellos, &hellip; <\/p>\n<p class=\"link-more\"><a href=\"https:\/\/pedrocasiano.es\/?page_id=1051\" class=\"more-link\">Leer m\u00e1s<span class=\"screen-reader-text\"> \u00abRevelaciones Ap\u00f3crifas\u00bb<\/span><\/a><\/p>\n","protected":false},"author":1,"featured_media":0,"parent":0,"menu_order":0,"comment_status":"closed","ping_status":"closed","template":"","meta":{"inspiro_hide_title":false,"footnotes":""},"class_list":["post-1051","page","type-page","status-publish","hentry"],"featured_media_urls":[],"_links":{"self":[{"href":"https:\/\/pedrocasiano.es\/index.php?rest_route=\/wp\/v2\/pages\/1051","targetHints":{"allow":["GET"]}}],"collection":[{"href":"https:\/\/pedrocasiano.es\/index.php?rest_route=\/wp\/v2\/pages"}],"about":[{"href":"https:\/\/pedrocasiano.es\/index.php?rest_route=\/wp\/v2\/types\/page"}],"author":[{"embeddable":true,"href":"https:\/\/pedrocasiano.es\/index.php?rest_route=\/wp\/v2\/users\/1"}],"replies":[{"embeddable":true,"href":"https:\/\/pedrocasiano.es\/index.php?rest_route=%2Fwp%2Fv2%2Fcomments&post=1051"}],"version-history":[{"count":2,"href":"https:\/\/pedrocasiano.es\/index.php?rest_route=\/wp\/v2\/pages\/1051\/revisions"}],"predecessor-version":[{"id":10729,"href":"https:\/\/pedrocasiano.es\/index.php?rest_route=\/wp\/v2\/pages\/1051\/revisions\/10729"}],"wp:attachment":[{"href":"https:\/\/pedrocasiano.es\/index.php?rest_route=%2Fwp%2Fv2%2Fmedia&parent=1051"}],"curies":[{"name":"wp","href":"https:\/\/api.w.org\/{rel}","templated":true}]}}